{"id":6869,"date":"2022-06-10T14:29:49","date_gmt":"2022-06-10T12:29:49","guid":{"rendered":"https:\/\/aacii.space\/welcome-day-at-aerospace-garden\/"},"modified":"2023-12-15T10:50:55","modified_gmt":"2023-12-15T09:50:55","slug":"12-fevrier-2025-journee-du-congres-meistersingerhalle","status":"publish","type":"page","link":"https:\/\/aacii.space\/fr\/12-fevrier-2025-journee-du-congres-meistersingerhalle\/","title":{"rendered":"12 F\u00c8VRIER 2025 \u2013 JOURN\u00c9E DU CONGR\u00c8S MEISTERSINGERHALLE"},"content":{"rendered":"<p><img loading=\"lazy\" decoding=\"async\" class=\"aligncenter wp-image-6820 size-full\" src=\"https:\/\/aacii.space\/wp-content\/uploads\/2023\/09\/Congress-Day-2024.jpg\" alt=\"\" width=\"1800\" height=\"563\" srcset=\"https:\/\/aacii.space\/wp-content\/uploads\/2023\/09\/Congress-Day-2024.jpg 1800w, https:\/\/aacii.space\/wp-content\/uploads\/2023\/09\/Congress-Day-2024-300x94.jpg 300w, https:\/\/aacii.space\/wp-content\/uploads\/2023\/09\/Congress-Day-2024-1024x320.jpg 1024w, https:\/\/aacii.space\/wp-content\/uploads\/2023\/09\/Congress-Day-2024-768x240.jpg 768w, https:\/\/aacii.space\/wp-content\/uploads\/2023\/09\/Congress-Day-2024-1536x480.jpg 1536w, https:\/\/aacii.space\/wp-content\/uploads\/2023\/09\/Congress-Day-2024-1200x375.jpg 1200w\" sizes=\"auto, (max-width: 1800px) 100vw, 1800px\" \/>&nbsp;<\/p>\n<p class=\"chapter-heading\">2\u00e8me Congr\u00e8s A\u00e9rospatial :&nbsp;<br \/>\nCongr\u00e8s a\u00e9ronautique international interdisciplinaire 2025<\/p>\n<p><strong>Mercredi 12 f\u00e9vrier 2025 \u00e0 partir de 8h00<\/strong>&nbsp;<br \/>\nMeistersingerhalle, Salle des Champions, M\u00fcnchener Stra\u00dfe 19, Nuremberg :&nbsp;<br \/>\n&nbsp;<br \/>\nDes parcs \u00e0 th\u00e8me s\u00e9lectionn\u00e9s pr\u00e9sentent l&rsquo;a\u00e9rospatiale, les satellites, les nouvelles mobilit\u00e9s automobiles, le PAV\/UAM et les drones de nouvelle g\u00e9n\u00e9ration, ainsi que le programme suivant :<br \/>\n&nbsp;<\/p>\n<p class=\"chapter-heading\">Programme:<\/p>\n<p><strong>08h30 :<\/strong> Diaporama, networking, visite de l&rsquo;espace d&rsquo;exposition int\u00e9rieur et ext\u00e9rieur<br \/>\nDes rafra\u00eechissements vous attendent tout au long de la journ\u00e9e&nbsp;<br \/>\n&nbsp;<br \/>\n<strong>09h00 :<\/strong> Accueil et annonce des intervenants<br \/>\nSommet d&rsquo;experts anim\u00e9 par <strong>Matthias Wachter BDI,<\/strong><br \/>\nRemise du Prix Global AACII,<br \/>\nVisite VIP des parcs \u00e0 th\u00e8me int\u00e9rieurs et ext\u00e9rieurs avec les repr\u00e9sentants des m\u00e9dias<br \/>\nEntretien men\u00e9 par le <strong>Prof. Klaus W\u00fcbbenhorst<\/strong> avec des participants internationaux&nbsp;<br \/>\n&nbsp;<br \/>\n<strong>13h30 :<\/strong> Conf\u00e9rence de presse&nbsp;<br \/>\n&nbsp;<br \/>\n<strong>14h30 :<\/strong> Forum A\u00e9ronautique&nbsp;<br \/>\n&nbsp;<br \/>\n<strong>15h30 :<\/strong> Forum Espace&nbsp;<br \/>\n&nbsp;<br \/>\n<strong>16h30 :<\/strong> WomenTecPower&nbsp;<br \/>\n&nbsp;<br \/>\n<strong>17h30 :<\/strong> D\u00eener de Gala dans la Halle des Champions avec des intervenants de haut rang<br \/>\n&nbsp;<br \/>\n&nbsp;<br \/>\n&nbsp;<br \/>\n&nbsp;<\/p>\n","protected":false},"excerpt":{"rendered":"<p>&nbsp; 2\u00e8me Congr\u00e8s A\u00e9rospatial :&nbsp; Congr\u00e8s a\u00e9ronautique international interdisciplinaire 2025 Mercredi 12 f\u00e9vrier 2025 \u00e0 partir de 8h00&nbsp; Meistersingerhalle, Salle des Champions, M\u00fcnchener Stra\u00dfe 19, Nuremberg :&nbsp; &nbsp; Des parcs \u00e0 th\u00e8me s\u00e9lectionn\u00e9s pr\u00e9sentent l&rsquo;a\u00e9rospatiale, les satellites, les nouvelles mobilit\u00e9s automobiles, le PAV\/UAM et les drones de nouvelle g\u00e9n\u00e9ration, ainsi [&#8230;]<a href=\"https:\/\/aacii.space\/fr\/12-fevrier-2025-journee-du-congres-meistersingerhalle\/\"><br \/>weiterlesen &raquo;<\/a><\/p>\n","protected":false},"author":3,"featured_media":0,"parent":0,"menu_order":0,"comment_status":"closed","ping_status":"closed","template":"","meta":{"kia_subtitle":"","ngg_post_thumbnail":0,"footnotes":""},"class_list":["post-6869","page","type-page","status-publish","hentry"],"yoast_head":"<!-- This site is optimized with the Yoast SEO Premium plugin v27.2 (Yoast SEO v27.2) - https:\/\/yoast.com\/product\/yoast-seo-premium-wordpress\/ -->\n<title>12 F\u00c8VRIER 2025 \u2013 JOURN\u00c9E DU CONGR\u00c8S MEISTERSINGERHALLE - AACII<\/title>\n<meta name=\"robots\" content=\"index, follow, max-snippet:-1, max-image-preview:large, max-video-preview:-1\" \/>\n<link rel=\"canonical\" href=\"https:\/\/aacii.space\/fr\/12-fevrier-2025-journee-du-congres-meistersingerhalle\/\" \/>\n<meta property=\"og:locale\" content=\"fr_FR\" \/>\n<meta property=\"og:type\" content=\"article\" \/>\n<meta property=\"og:title\" content=\"12 F\u00c8VRIER 2025 \u2013 JOURN\u00c9E DU CONGR\u00c8S MEISTERSINGERHALLE\" \/>\n<meta property=\"og:description\" content=\"&nbsp; 2\u00e8me Congr\u00e8s A\u00e9rospatial :&nbsp; Congr\u00e8s a\u00e9ronautique international interdisciplinaire 2025 Mercredi 12 f\u00e9vrier 2025 \u00e0 partir de 8h00&nbsp; Meistersingerhalle, Salle des Champions, M\u00fcnchener Stra\u00dfe 19, Nuremberg :&nbsp; &nbsp; Des parcs \u00e0 th\u00e8me s\u00e9lectionn\u00e9s pr\u00e9sentent l&rsquo;a\u00e9rospatiale, les satellites, les nouvelles mobilit\u00e9s automobiles, le PAV\/UAM et les drones de nouvelle g\u00e9n\u00e9ration, ainsi [...]weiterlesen &raquo;\" \/>\n<meta property=\"og:url\" content=\"https:\/\/aacii.space\/fr\/12-fevrier-2025-journee-du-congres-meistersingerhalle\/\" \/>\n<meta property=\"og:site_name\" content=\"AACII\" \/>\n<meta property=\"article:modified_time\" content=\"2023-12-15T09:50:55+00:00\" \/>\n<meta property=\"og:image\" content=\"https:\/\/aacii.space\/wp-content\/uploads\/2023\/09\/Congress-Day-2024.jpg\" \/>\n<meta name=\"twitter:card\" content=\"summary_large_image\" \/>\n<meta name=\"twitter:label1\" content=\"Dur\u00e9e de lecture estim\u00e9e\" \/>\n\t<meta name=\"twitter:data1\" content=\"1 minute\" \/>\n<script type=\"application\/ld+json\" class=\"yoast-schema-graph\">{\"@context\":\"https:\/\/schema.org\",\"@graph\":[{\"@type\":\"WebPage\",\"@id\":\"https:\/\/aacii.space\/fr\/12-fevrier-2025-journee-du-congres-meistersingerhalle\/\",\"url\":\"https:\/\/aacii.space\/fr\/12-fevrier-2025-journee-du-congres-meistersingerhalle\/\",\"name\":\"12 F\u00c8VRIER 2025 \u2013 JOURN\u00c9E DU CONGR\u00c8S MEISTERSINGERHALLE - AACII\",\"isPartOf\":{\"@id\":\"https:\/\/aacii.space\/#website\"},\"primaryImageOfPage\":{\"@id\":\"https:\/\/aacii.space\/fr\/12-fevrier-2025-journee-du-congres-meistersingerhalle\/#primaryimage\"},\"image\":{\"@id\":\"https:\/\/aacii.space\/fr\/12-fevrier-2025-journee-du-congres-meistersingerhalle\/#primaryimage\"},\"thumbnailUrl\":\"https:\/\/aacii.space\/wp-content\/uploads\/2023\/09\/Congress-Day-2024.jpg\",\"datePublished\":\"2022-06-10T12:29:49+00:00\",\"dateModified\":\"2023-12-15T09:50:55+00:00\",\"breadcrumb\":{\"@id\":\"https:\/\/aacii.space\/fr\/12-fevrier-2025-journee-du-congres-meistersingerhalle\/#breadcrumb\"},\"inLanguage\":\"fr-FR\",\"potentialAction\":[{\"@type\":\"ReadAction\",\"target\":[\"https:\/\/aacii.space\/fr\/12-fevrier-2025-journee-du-congres-meistersingerhalle\/\"]}]},{\"@type\":\"ImageObject\",\"inLanguage\":\"fr-FR\",\"@id\":\"https:\/\/aacii.space\/fr\/12-fevrier-2025-journee-du-congres-meistersingerhalle\/#primaryimage\",\"url\":\"https:\/\/aacii.space\/wp-content\/uploads\/2023\/09\/Congress-Day-2024.jpg\",\"contentUrl\":\"https:\/\/aacii.space\/wp-content\/uploads\/2023\/09\/Congress-Day-2024.jpg\"},{\"@type\":\"BreadcrumbList\",\"@id\":\"https:\/\/aacii.space\/fr\/12-fevrier-2025-journee-du-congres-meistersingerhalle\/#breadcrumb\",\"itemListElement\":[{\"@type\":\"ListItem\",\"position\":1,\"name\":\"Startseite\",\"item\":\"https:\/\/aacii.space\/fr\/\"},{\"@type\":\"ListItem\",\"position\":2,\"name\":\"12 F\u00c8VRIER 2025 \u2013 JOURN\u00c9E DU CONGR\u00c8S MEISTERSINGERHALLE\"}]},{\"@type\":\"WebSite\",\"@id\":\"https:\/\/aacii.space\/#website\",\"url\":\"https:\/\/aacii.space\/\",\"name\":\"AACII\",\"description\":\"AVIATION AEROSPACE INTERNATIONAL INTERDISCIPLINARY CONGRESS\",\"potentialAction\":[{\"@type\":\"SearchAction\",\"target\":{\"@type\":\"EntryPoint\",\"urlTemplate\":\"https:\/\/aacii.space\/?s={search_term_string}\"},\"query-input\":{\"@type\":\"PropertyValueSpecification\",\"valueRequired\":true,\"valueName\":\"search_term_string\"}}],\"inLanguage\":\"fr-FR\"}]}<\/script>\n<!-- \/ Yoast SEO Premium plugin. -->","yoast_head_json":{"title":"12 F\u00c8VRIER 2025 \u2013 JOURN\u00c9E DU CONGR\u00c8S MEISTERSINGERHALLE - AACII","robots":{"index":"index","follow":"follow","max-snippet":"max-snippet:-1","max-image-preview":"max-image-preview:large","max-video-preview":"max-video-preview:-1"},"canonical":"https:\/\/aacii.space\/fr\/12-fevrier-2025-journee-du-congres-meistersingerhalle\/","og_locale":"fr_FR","og_type":"article","og_title":"12 F\u00c8VRIER 2025 \u2013 JOURN\u00c9E DU CONGR\u00c8S MEISTERSINGERHALLE","og_description":"&nbsp; 2\u00e8me Congr\u00e8s A\u00e9rospatial :&nbsp; Congr\u00e8s a\u00e9ronautique international interdisciplinaire 2025 Mercredi 12 f\u00e9vrier 2025 \u00e0 partir de 8h00&nbsp; Meistersingerhalle, Salle des Champions, M\u00fcnchener Stra\u00dfe 19, Nuremberg :&nbsp; &nbsp; Des parcs \u00e0 th\u00e8me s\u00e9lectionn\u00e9s pr\u00e9sentent l&rsquo;a\u00e9rospatiale, les satellites, les nouvelles mobilit\u00e9s automobiles, le PAV\/UAM et les drones de nouvelle g\u00e9n\u00e9ration, ainsi [...]weiterlesen &raquo;","og_url":"https:\/\/aacii.space\/fr\/12-fevrier-2025-journee-du-congres-meistersingerhalle\/","og_site_name":"AACII","article_modified_time":"2023-12-15T09:50:55+00:00","og_image":[{"url":"https:\/\/aacii.space\/wp-content\/uploads\/2023\/09\/Congress-Day-2024.jpg","type":"","width":"","height":""}],"twitter_card":"summary_large_image","twitter_misc":{"Dur\u00e9e de lecture estim\u00e9e":"1 minute"},"schema":{"@context":"https:\/\/schema.org","@graph":[{"@type":"WebPage","@id":"https:\/\/aacii.space\/fr\/12-fevrier-2025-journee-du-congres-meistersingerhalle\/","url":"https:\/\/aacii.space\/fr\/12-fevrier-2025-journee-du-congres-meistersingerhalle\/","name":"12 F\u00c8VRIER 2025 \u2013 JOURN\u00c9E DU CONGR\u00c8S MEISTERSINGERHALLE - AACII","isPartOf":{"@id":"https:\/\/aacii.space\/#website"},"primaryImageOfPage":{"@id":"https:\/\/aacii.space\/fr\/12-fevrier-2025-journee-du-congres-meistersingerhalle\/#primaryimage"},"image":{"@id":"https:\/\/aacii.space\/fr\/12-fevrier-2025-journee-du-congres-meistersingerhalle\/#primaryimage"},"thumbnailUrl":"https:\/\/aacii.space\/wp-content\/uploads\/2023\/09\/Congress-Day-2024.jpg","datePublished":"2022-06-10T12:29:49+00:00","dateModified":"2023-12-15T09:50:55+00:00","breadcrumb":{"@id":"https:\/\/aacii.space\/fr\/12-fevrier-2025-journee-du-congres-meistersingerhalle\/#breadcrumb"},"inLanguage":"fr-FR","potentialAction":[{"@type":"ReadAction","target":["https:\/\/aacii.space\/fr\/12-fevrier-2025-journee-du-congres-meistersingerhalle\/"]}]},{"@type":"ImageObject","inLanguage":"fr-FR","@id":"https:\/\/aacii.space\/fr\/12-fevrier-2025-journee-du-congres-meistersingerhalle\/#primaryimage","url":"https:\/\/aacii.space\/wp-content\/uploads\/2023\/09\/Congress-Day-2024.jpg","contentUrl":"https:\/\/aacii.space\/wp-content\/uploads\/2023\/09\/Congress-Day-2024.jpg"},{"@type":"BreadcrumbList","@id":"https:\/\/aacii.space\/fr\/12-fevrier-2025-journee-du-congres-meistersingerhalle\/#breadcrumb","itemListElement":[{"@type":"ListItem","position":1,"name":"Startseite","item":"https:\/\/aacii.space\/fr\/"},{"@type":"ListItem","position":2,"name":"12 F\u00c8VRIER 2025 \u2013 JOURN\u00c9E DU CONGR\u00c8S MEISTERSINGERHALLE"}]},{"@type":"WebSite","@id":"https:\/\/aacii.space\/#website","url":"https:\/\/aacii.space\/","name":"AACII","description":"AVIATION AEROSPACE INTERNATIONAL INTERDISCIPLINARY CONGRESS","potentialAction":[{"@type":"SearchAction","target":{"@type":"EntryPoint","urlTemplate":"https:\/\/aacii.space\/?s={search_term_string}"},"query-input":{"@type":"PropertyValueSpecification","valueRequired":true,"valueName":"search_term_string"}}],"inLanguage":"fr-FR"}]}},"_links":{"self":[{"href":"https:\/\/aacii.space\/fr\/wp-json\/wp\/v2\/pages\/6869","targetHints":{"allow":["GET"]}}],"collection":[{"href":"https:\/\/aacii.space\/fr\/wp-json\/wp\/v2\/pages"}],"about":[{"href":"https:\/\/aacii.space\/fr\/wp-json\/wp\/v2\/types\/page"}],"author":[{"embeddable":true,"href":"https:\/\/aacii.space\/fr\/wp-json\/wp\/v2\/users\/3"}],"replies":[{"embeddable":true,"href":"https:\/\/aacii.space\/fr\/wp-json\/wp\/v2\/comments?post=6869"}],"version-history":[{"count":4,"href":"https:\/\/aacii.space\/fr\/wp-json\/wp\/v2\/pages\/6869\/revisions"}],"predecessor-version":[{"id":7485,"href":"https:\/\/aacii.space\/fr\/wp-json\/wp\/v2\/pages\/6869\/revisions\/7485"}],"wp:attachment":[{"href":"https:\/\/aacii.space\/fr\/wp-json\/wp\/v2\/media?parent=6869"}],"curies":[{"name":"wp","href":"https:\/\/api.w.org\/{rel}","templated":true}]}}