{"id":6140,"date":"2020-12-28T16:55:36","date_gmt":"2020-12-28T15:55:36","guid":{"rendered":"https:\/\/aacii.space\/special-award-2-2-2-2\/"},"modified":"2020-12-28T16:55:36","modified_gmt":"2020-12-28T15:55:36","slug":"special-award-2-2-2-2","status":"publish","type":"page","link":"https:\/\/aacii.space\/fr\/special-award-2-2-2-2\/","title":{"rendered":"Informationen f\u00fcr Aussteller"},"content":{"rendered":"<div class=\"chapter-heading\"><img loading=\"lazy\" decoding=\"async\" class=\"size-medium wp-image-6099 alignnone\" src=\"https:\/\/aacii.space\/wp-content\/uploads\/2023\/03\/Staender-Meistersingerhalle-300x225.jpg\" alt=\"\" width=\"300\" height=\"225\" srcset=\"https:\/\/aacii.space\/wp-content\/uploads\/2023\/03\/Staender-Meistersingerhalle-300x225.jpg 300w, https:\/\/aacii.space\/wp-content\/uploads\/2023\/03\/Staender-Meistersingerhalle-1024x768.jpg 1024w, https:\/\/aacii.space\/wp-content\/uploads\/2023\/03\/Staender-Meistersingerhalle-768x576.jpg 768w, https:\/\/aacii.space\/wp-content\/uploads\/2023\/03\/Staender-Meistersingerhalle-1536x1152.jpg 1536w, https:\/\/aacii.space\/wp-content\/uploads\/2023\/03\/Staender-Meistersingerhalle-2048x1536.jpg 2048w, https:\/\/aacii.space\/wp-content\/uploads\/2023\/03\/Staender-Meistersingerhalle-1200x900.jpg 1200w, https:\/\/aacii.space\/wp-content\/uploads\/2023\/03\/Staender-Meistersingerhalle-1980x1485.jpg 1980w\" sizes=\"auto, (max-width: 300px) 100vw, 300px\" \/>Hier geht es zu der Aussteller Registrierung. Ebenso die detaillierte \u00dcbersicht f\u00fcr Kosten &amp; Leistungen<\/div>\n<div>&nbsp;<\/div>\n<p>&nbsp;<\/p>\n<p>&nbsp;<\/p>\n<p>&nbsp;<\/p>\n<p>&nbsp;<\/p>\n","protected":false},"excerpt":{"rendered":"<p>Hier geht es zu der Aussteller Registrierung. Ebenso die detaillierte \u00dcbersicht f\u00fcr Kosten &amp; Leistungen &nbsp; &nbsp; &nbsp; &nbsp; &nbsp;<\/p>\n","protected":false},"author":1,"featured_media":948,"parent":0,"menu_order":0,"comment_status":"closed","ping_status":"closed","template":"","meta":{"kia_subtitle":"","ngg_post_thumbnail":0,"footnotes":""},"class_list":["post-6140","page","type-page","status-publish","has-post-thumbnail","hentry"],"yoast_head":"<!-- This site is optimized with the Yoast SEO Premium plugin v27.4 (Yoast SEO v27.4) - https:\/\/yoast.com\/product\/yoast-seo-premium-wordpress\/ -->\n<title>Informationen f\u00fcr Aussteller - AACII<\/title>\n<meta name=\"robots\" content=\"index, follow, max-snippet:-1, max-image-preview:large, max-video-preview:-1\" \/>\n<link rel=\"canonical\" href=\"https:\/\/aacii.space\/fr\/special-award-2-2-2-2\/\" \/>\n<meta property=\"og:locale\" content=\"fr_FR\" \/>\n<meta property=\"og:type\" content=\"article\" \/>\n<meta property=\"og:title\" content=\"Informationen f\u00fcr Aussteller\" \/>\n<meta property=\"og:description\" content=\"Hier geht es zu der Aussteller Registrierung. Ebenso die detaillierte \u00dcbersicht f\u00fcr Kosten &amp; Leistungen &nbsp; &nbsp; &nbsp; &nbsp; &nbsp;\" \/>\n<meta property=\"og:url\" content=\"https:\/\/aacii.space\/fr\/special-award-2-2-2-2\/\" \/>\n<meta property=\"og:site_name\" content=\"AACII\" \/>\n<meta property=\"og:image\" content=\"https:\/\/aacii.space\/wp-content\/uploads\/2023\/03\/Staender-Meistersingerhalle-300x225.jpg\" \/>\n<meta name=\"twitter:card\" content=\"summary_large_image\" \/>\n<script type=\"application\/ld+json\" class=\"yoast-schema-graph\">{\"@context\":\"https:\\\/\\\/schema.org\",\"@graph\":[{\"@type\":\"WebPage\",\"@id\":\"https:\\\/\\\/aacii.space\\\/fr\\\/special-award-2-2-2-2\\\/\",\"url\":\"https:\\\/\\\/aacii.space\\\/fr\\\/special-award-2-2-2-2\\\/\",\"name\":\"Informationen f\u00fcr Aussteller - AACII\",\"isPartOf\":{\"@id\":\"https:\\\/\\\/aacii.space\\\/#website\"},\"primaryImageOfPage\":{\"@id\":\"https:\\\/\\\/aacii.space\\\/fr\\\/special-award-2-2-2-2\\\/#primaryimage\"},\"image\":{\"@id\":\"https:\\\/\\\/aacii.space\\\/fr\\\/special-award-2-2-2-2\\\/#primaryimage\"},\"thumbnailUrl\":\"https:\\\/\\\/aacii.space\\\/wp-content\\\/uploads\\\/2021\\\/01\\\/ACCII-Space-Congress-Nuremberg-Header-5.jpg\",\"datePublished\":\"2020-12-28T15:55:36+00:00\",\"breadcrumb\":{\"@id\":\"https:\\\/\\\/aacii.space\\\/fr\\\/special-award-2-2-2-2\\\/#breadcrumb\"},\"inLanguage\":\"fr-FR\",\"potentialAction\":[{\"@type\":\"ReadAction\",\"target\":[\"https:\\\/\\\/aacii.space\\\/fr\\\/special-award-2-2-2-2\\\/\"]}]},{\"@type\":\"ImageObject\",\"inLanguage\":\"fr-FR\",\"@id\":\"https:\\\/\\\/aacii.space\\\/fr\\\/special-award-2-2-2-2\\\/#primaryimage\",\"url\":\"https:\\\/\\\/aacii.space\\\/wp-content\\\/uploads\\\/2021\\\/01\\\/ACCII-Space-Congress-Nuremberg-Header-5.jpg\",\"contentUrl\":\"https:\\\/\\\/aacii.space\\\/wp-content\\\/uploads\\\/2021\\\/01\\\/ACCII-Space-Congress-Nuremberg-Header-5.jpg\",\"width\":1903,\"height\":450},{\"@type\":\"BreadcrumbList\",\"@id\":\"https:\\\/\\\/aacii.space\\\/fr\\\/special-award-2-2-2-2\\\/#breadcrumb\",\"itemListElement\":[{\"@type\":\"ListItem\",\"position\":1,\"name\":\"Startseite\",\"item\":\"https:\\\/\\\/aacii.space\\\/fr\\\/\"},{\"@type\":\"ListItem\",\"position\":2,\"name\":\"Informationen f\u00fcr Aussteller\"}]},{\"@type\":\"WebSite\",\"@id\":\"https:\\\/\\\/aacii.space\\\/#website\",\"url\":\"https:\\\/\\\/aacii.space\\\/\",\"name\":\"AACII\",\"description\":\"AVIATION AEROSPACE INTERNATIONAL INTERDISCIPLINARY CONGRESS\",\"potentialAction\":[{\"@type\":\"SearchAction\",\"target\":{\"@type\":\"EntryPoint\",\"urlTemplate\":\"https:\\\/\\\/aacii.space\\\/?s={search_term_string}\"},\"query-input\":{\"@type\":\"PropertyValueSpecification\",\"valueRequired\":true,\"valueName\":\"search_term_string\"}}],\"inLanguage\":\"fr-FR\"}]}<\/script>\n<!-- \/ Yoast SEO Premium plugin. -->","yoast_head_json":{"title":"Informationen f\u00fcr Aussteller - AACII","robots":{"index":"index","follow":"follow","max-snippet":"max-snippet:-1","max-image-preview":"max-image-preview:large","max-video-preview":"max-video-preview:-1"},"canonical":"https:\/\/aacii.space\/fr\/special-award-2-2-2-2\/","og_locale":"fr_FR","og_type":"article","og_title":"Informationen f\u00fcr Aussteller","og_description":"Hier geht es zu der Aussteller Registrierung. Ebenso die detaillierte \u00dcbersicht f\u00fcr Kosten &amp; Leistungen &nbsp; &nbsp; &nbsp; &nbsp; &nbsp;","og_url":"https:\/\/aacii.space\/fr\/special-award-2-2-2-2\/","og_site_name":"AACII","og_image":[{"url":"https:\/\/aacii.space\/wp-content\/uploads\/2023\/03\/Staender-Meistersingerhalle-300x225.jpg","type":"","width":"","height":""}],"twitter_card":"summary_large_image","schema":{"@context":"https:\/\/schema.org","@graph":[{"@type":"WebPage","@id":"https:\/\/aacii.space\/fr\/special-award-2-2-2-2\/","url":"https:\/\/aacii.space\/fr\/special-award-2-2-2-2\/","name":"Informationen f\u00fcr Aussteller - AACII","isPartOf":{"@id":"https:\/\/aacii.space\/#website"},"primaryImageOfPage":{"@id":"https:\/\/aacii.space\/fr\/special-award-2-2-2-2\/#primaryimage"},"image":{"@id":"https:\/\/aacii.space\/fr\/special-award-2-2-2-2\/#primaryimage"},"thumbnailUrl":"https:\/\/aacii.space\/wp-content\/uploads\/2021\/01\/ACCII-Space-Congress-Nuremberg-Header-5.jpg","datePublished":"2020-12-28T15:55:36+00:00","breadcrumb":{"@id":"https:\/\/aacii.space\/fr\/special-award-2-2-2-2\/#breadcrumb"},"inLanguage":"fr-FR","potentialAction":[{"@type":"ReadAction","target":["https:\/\/aacii.space\/fr\/special-award-2-2-2-2\/"]}]},{"@type":"ImageObject","inLanguage":"fr-FR","@id":"https:\/\/aacii.space\/fr\/special-award-2-2-2-2\/#primaryimage","url":"https:\/\/aacii.space\/wp-content\/uploads\/2021\/01\/ACCII-Space-Congress-Nuremberg-Header-5.jpg","contentUrl":"https:\/\/aacii.space\/wp-content\/uploads\/2021\/01\/ACCII-Space-Congress-Nuremberg-Header-5.jpg","width":1903,"height":450},{"@type":"BreadcrumbList","@id":"https:\/\/aacii.space\/fr\/special-award-2-2-2-2\/#breadcrumb","itemListElement":[{"@type":"ListItem","position":1,"name":"Startseite","item":"https:\/\/aacii.space\/fr\/"},{"@type":"ListItem","position":2,"name":"Informationen f\u00fcr Aussteller"}]},{"@type":"WebSite","@id":"https:\/\/aacii.space\/#website","url":"https:\/\/aacii.space\/","name":"AACII","description":"AVIATION AEROSPACE INTERNATIONAL INTERDISCIPLINARY CONGRESS","potentialAction":[{"@type":"SearchAction","target":{"@type":"EntryPoint","urlTemplate":"https:\/\/aacii.space\/?s={search_term_string}"},"query-input":{"@type":"PropertyValueSpecification","valueRequired":true,"valueName":"search_term_string"}}],"inLanguage":"fr-FR"}]}},"_links":{"self":[{"href":"https:\/\/aacii.space\/fr\/wp-json\/wp\/v2\/pages\/6140","targetHints":{"allow":["GET"]}}],"collection":[{"href":"https:\/\/aacii.space\/fr\/wp-json\/wp\/v2\/pages"}],"about":[{"href":"https:\/\/aacii.space\/fr\/wp-json\/wp\/v2\/types\/page"}],"author":[{"embeddable":true,"href":"https:\/\/aacii.space\/fr\/wp-json\/wp\/v2\/users\/1"}],"replies":[{"embeddable":true,"href":"https:\/\/aacii.space\/fr\/wp-json\/wp\/v2\/comments?post=6140"}],"version-history":[{"count":0,"href":"https:\/\/aacii.space\/fr\/wp-json\/wp\/v2\/pages\/6140\/revisions"}],"wp:featuredmedia":[{"embeddable":true,"href":"https:\/\/aacii.space\/fr\/wp-json\/wp\/v2\/media\/948"}],"wp:attachment":[{"href":"https:\/\/aacii.space\/fr\/wp-json\/wp\/v2\/media?parent=6140"}],"curies":[{"name":"wp","href":"https:\/\/api.w.org\/{rel}","templated":true}]}}