{"id":6139,"date":"2021-02-21T22:32:47","date_gmt":"2021-02-21T21:32:47","guid":{"rendered":"https:\/\/aacii.space\/reseau-3\/"},"modified":"2023-04-06T14:26:26","modified_gmt":"2023-04-06T12:26:26","slug":"rencontres-dexperts","status":"publish","type":"page","link":"https:\/\/aacii.space\/fr\/rencontres-dexperts\/","title":{"rendered":"Rencontres d&rsquo;experts"},"content":{"rendered":"<p>&nbsp;<\/p>\n<p><img loading=\"lazy\" decoding=\"async\" class=\"alignnone size-medium wp-image-6230\" src=\"https:\/\/aacii.space\/wp-content\/uploads\/2023\/04\/TischFlaggen-Alle-20180316_094001-300x225.jpg\" alt=\"\" width=\"300\" height=\"225\" srcset=\"https:\/\/aacii.space\/wp-content\/uploads\/2023\/04\/TischFlaggen-Alle-20180316_094001-300x225.jpg 300w, https:\/\/aacii.space\/wp-content\/uploads\/2023\/04\/TischFlaggen-Alle-20180316_094001-768x576.jpg 768w, https:\/\/aacii.space\/wp-content\/uploads\/2023\/04\/TischFlaggen-Alle-20180316_094001.jpg 1024w\" sizes=\"auto, (max-width: 300px) 100vw, 300px\" \/><\/p>\n<p>&nbsp;<\/p>\n<p class=\"chapter-heading\">Aper\u00e7u du calendrier des discussions d&rsquo;experts&nbsp;:<\/p>\n<p><span class=\"HwtZe\" lang=\"de\"><span class=\"jCAhz\"><span class=\"ryNqvb\">Plusieurs Expert Talks sont pr\u00e9vus en 2023. <\/span><\/span><\/span><br \/>\nVous pouvez vous attendre \u00e0 de nombreux sujets int\u00e9ressants avec des intervenants de haut niveau. Ne manquez pas cette opportunit\u00e9 avant le congr\u00e8s de l&rsquo;AACII en 2024.<br \/>\n&nbsp;<\/p>\n<p><strong> \u201eTogether for a better world\u201c<\/strong><\/p>\n<p class=\"chapter-heading\">Mars:<\/p>\n<p><strong>6. au 10. Mars,<\/strong> SpaceOps, Dubai, UAE<br \/>\n<strong>7. au 8. Mars,<\/strong> Paris Space Week, Paris, FRA<br \/>\n<strong>16. au 18. Mars,<\/strong> Riad Airshow, Riad, KSA<br \/>\n&nbsp;<\/p>\n<p>&nbsp;<\/p>\n<p class=\"chapter-heading\">Avril:<\/p>\n<p><strong>6. au 10. Avril ,<\/strong> AERO Friedrichshafen, Fridrichshafen, GER<br \/>\n&nbsp;<\/p>\n<p>&nbsp;<\/p>\n<p class=\"chapter-heading\">Mai:<\/p>\n<p><strong>23. au 25. Mai,<\/strong> IAF Global Space Conference on Climate Change, Oslo, NOR<\/p>\n<p>&nbsp;<\/p>\n<p>&nbsp;<\/p>\n<p class=\"chapter-heading\">Juin:<\/p>\n<p><strong>19. au 25. Juin,<\/strong> Paris Air Show, Paris, FRA<br \/>\n<strong>21. au 21. Juin,<\/strong> 11. Willst\u00e4tter Technikausstellung, Nuremberg, GER<\/p>\n<p>&nbsp;<\/p>\n<p>&nbsp;<\/p>\n<p class=\"chapter-heading\">Juillet:<\/p>\n<p><strong>6. au 10. Juillet,<\/strong> EAA Air Venture, Oshkosh, USA<br \/>\n<strong>en planification,<\/strong> TU Wien Expert Talk, Vienna, AUT<\/p>\n<p>&nbsp;<\/p>\n<p>&nbsp;<\/p>\n<p class=\"chapter-heading\">Septembre:<\/p>\n<p><strong>26. au 28. Septembre,<\/strong> World Aviation Days, Amsterdam, NED<\/p>\n<p>&nbsp;<br \/>\n&nbsp;<\/p>\n<p class=\"chapter-heading\">Oktober:<\/p>\n<p><strong>25. au 27. Octobre,<\/strong> AIRTEC, Munich, GER<\/p>\n<p>&nbsp;<\/p>\n<p>&nbsp;<\/p>\n<p class=\"chapter-heading\">Novembre:<\/p>\n<p><strong>12. au 16. Novembre,<\/strong> Dubai Airshow, Dubai, UAE<\/p>\n<p>&nbsp;<\/p>\n","protected":false},"excerpt":{"rendered":"<p>&nbsp; &nbsp; Aper\u00e7u du calendrier des discussions d&rsquo;experts&nbsp;: Plusieurs Expert Talks sont pr\u00e9vus en 2023. Vous pouvez vous attendre \u00e0 de nombreux sujets int\u00e9ressants avec des intervenants de haut niveau. Ne manquez pas cette opportunit\u00e9 avant le congr\u00e8s de l&rsquo;AACII en 2024. &nbsp; \u201eTogether for a better world\u201c Mars: 6. [&#8230;]<a href=\"https:\/\/aacii.space\/fr\/rencontres-dexperts\/\"><br \/>weiterlesen &raquo;<\/a><\/p>\n","protected":false},"author":1,"featured_media":0,"parent":0,"menu_order":0,"comment_status":"closed","ping_status":"closed","template":"","meta":{"kia_subtitle":"","ngg_post_thumbnail":0,"footnotes":""},"class_list":["post-6139","page","type-page","status-publish","hentry"],"yoast_head":"<!-- This site is optimized with the Yoast SEO Premium plugin v27.2 (Yoast SEO v27.2) - https:\/\/yoast.com\/product\/yoast-seo-premium-wordpress\/ -->\n<title>Rencontres d&#039;experts - AACII<\/title>\n<meta name=\"robots\" content=\"index, follow, max-snippet:-1, max-image-preview:large, max-video-preview:-1\" \/>\n<link rel=\"canonical\" href=\"https:\/\/aacii.space\/fr\/rencontres-dexperts\/\" \/>\n<meta property=\"og:locale\" content=\"fr_FR\" \/>\n<meta property=\"og:type\" content=\"article\" \/>\n<meta property=\"og:title\" content=\"Rencontres d&#039;experts\" \/>\n<meta property=\"og:description\" content=\"&nbsp; &nbsp; Aper\u00e7u du calendrier des discussions d&rsquo;experts&nbsp;: Plusieurs Expert Talks sont pr\u00e9vus en 2023. Vous pouvez vous attendre \u00e0 de nombreux sujets int\u00e9ressants avec des intervenants de haut niveau. Ne manquez pas cette opportunit\u00e9 avant le congr\u00e8s de l&rsquo;AACII en 2024. &nbsp; \u201eTogether for a better world\u201c Mars: 6. [...]weiterlesen &raquo;\" \/>\n<meta property=\"og:url\" content=\"https:\/\/aacii.space\/fr\/rencontres-dexperts\/\" \/>\n<meta property=\"og:site_name\" content=\"AACII\" \/>\n<meta property=\"article:modified_time\" content=\"2023-04-06T12:26:26+00:00\" \/>\n<meta property=\"og:image\" content=\"https:\/\/aacii.space\/wp-content\/uploads\/2023\/04\/TischFlaggen-Alle-20180316_094001-300x225.jpg\" \/>\n<meta name=\"twitter:card\" content=\"summary_large_image\" \/>\n<meta name=\"twitter:label1\" content=\"Dur\u00e9e de lecture estim\u00e9e\" \/>\n\t<meta name=\"twitter:data1\" content=\"1 minute\" \/>\n<script type=\"application\/ld+json\" class=\"yoast-schema-graph\">{\"@context\":\"https:\/\/schema.org\",\"@graph\":[{\"@type\":\"WebPage\",\"@id\":\"https:\/\/aacii.space\/fr\/rencontres-dexperts\/\",\"url\":\"https:\/\/aacii.space\/fr\/rencontres-dexperts\/\",\"name\":\"Rencontres d'experts - AACII\",\"isPartOf\":{\"@id\":\"https:\/\/aacii.space\/#website\"},\"primaryImageOfPage\":{\"@id\":\"https:\/\/aacii.space\/fr\/rencontres-dexperts\/#primaryimage\"},\"image\":{\"@id\":\"https:\/\/aacii.space\/fr\/rencontres-dexperts\/#primaryimage\"},\"thumbnailUrl\":\"https:\/\/aacii.space\/wp-content\/uploads\/2023\/04\/TischFlaggen-Alle-20180316_094001-300x225.jpg\",\"datePublished\":\"2021-02-21T21:32:47+00:00\",\"dateModified\":\"2023-04-06T12:26:26+00:00\",\"breadcrumb\":{\"@id\":\"https:\/\/aacii.space\/fr\/rencontres-dexperts\/#breadcrumb\"},\"inLanguage\":\"fr-FR\",\"potentialAction\":[{\"@type\":\"ReadAction\",\"target\":[\"https:\/\/aacii.space\/fr\/rencontres-dexperts\/\"]}]},{\"@type\":\"ImageObject\",\"inLanguage\":\"fr-FR\",\"@id\":\"https:\/\/aacii.space\/fr\/rencontres-dexperts\/#primaryimage\",\"url\":\"https:\/\/aacii.space\/wp-content\/uploads\/2023\/04\/TischFlaggen-Alle-20180316_094001-300x225.jpg\",\"contentUrl\":\"https:\/\/aacii.space\/wp-content\/uploads\/2023\/04\/TischFlaggen-Alle-20180316_094001-300x225.jpg\"},{\"@type\":\"BreadcrumbList\",\"@id\":\"https:\/\/aacii.space\/fr\/rencontres-dexperts\/#breadcrumb\",\"itemListElement\":[{\"@type\":\"ListItem\",\"position\":1,\"name\":\"Startseite\",\"item\":\"https:\/\/aacii.space\/fr\/\"},{\"@type\":\"ListItem\",\"position\":2,\"name\":\"Rencontres d&#8217;experts\"}]},{\"@type\":\"WebSite\",\"@id\":\"https:\/\/aacii.space\/#website\",\"url\":\"https:\/\/aacii.space\/\",\"name\":\"AACII\",\"description\":\"AVIATION AEROSPACE INTERNATIONAL INTERDISCIPLINARY CONGRESS\",\"potentialAction\":[{\"@type\":\"SearchAction\",\"target\":{\"@type\":\"EntryPoint\",\"urlTemplate\":\"https:\/\/aacii.space\/?s={search_term_string}\"},\"query-input\":{\"@type\":\"PropertyValueSpecification\",\"valueRequired\":true,\"valueName\":\"search_term_string\"}}],\"inLanguage\":\"fr-FR\"}]}<\/script>\n<!-- \/ Yoast SEO Premium plugin. -->","yoast_head_json":{"title":"Rencontres d'experts - AACII","robots":{"index":"index","follow":"follow","max-snippet":"max-snippet:-1","max-image-preview":"max-image-preview:large","max-video-preview":"max-video-preview:-1"},"canonical":"https:\/\/aacii.space\/fr\/rencontres-dexperts\/","og_locale":"fr_FR","og_type":"article","og_title":"Rencontres d'experts","og_description":"&nbsp; &nbsp; Aper\u00e7u du calendrier des discussions d&rsquo;experts&nbsp;: Plusieurs Expert Talks sont pr\u00e9vus en 2023. Vous pouvez vous attendre \u00e0 de nombreux sujets int\u00e9ressants avec des intervenants de haut niveau. Ne manquez pas cette opportunit\u00e9 avant le congr\u00e8s de l&rsquo;AACII en 2024. &nbsp; \u201eTogether for a better world\u201c Mars: 6. [...]weiterlesen &raquo;","og_url":"https:\/\/aacii.space\/fr\/rencontres-dexperts\/","og_site_name":"AACII","article_modified_time":"2023-04-06T12:26:26+00:00","og_image":[{"url":"https:\/\/aacii.space\/wp-content\/uploads\/2023\/04\/TischFlaggen-Alle-20180316_094001-300x225.jpg","type":"","width":"","height":""}],"twitter_card":"summary_large_image","twitter_misc":{"Dur\u00e9e de lecture estim\u00e9e":"1 minute"},"schema":{"@context":"https:\/\/schema.org","@graph":[{"@type":"WebPage","@id":"https:\/\/aacii.space\/fr\/rencontres-dexperts\/","url":"https:\/\/aacii.space\/fr\/rencontres-dexperts\/","name":"Rencontres d'experts - AACII","isPartOf":{"@id":"https:\/\/aacii.space\/#website"},"primaryImageOfPage":{"@id":"https:\/\/aacii.space\/fr\/rencontres-dexperts\/#primaryimage"},"image":{"@id":"https:\/\/aacii.space\/fr\/rencontres-dexperts\/#primaryimage"},"thumbnailUrl":"https:\/\/aacii.space\/wp-content\/uploads\/2023\/04\/TischFlaggen-Alle-20180316_094001-300x225.jpg","datePublished":"2021-02-21T21:32:47+00:00","dateModified":"2023-04-06T12:26:26+00:00","breadcrumb":{"@id":"https:\/\/aacii.space\/fr\/rencontres-dexperts\/#breadcrumb"},"inLanguage":"fr-FR","potentialAction":[{"@type":"ReadAction","target":["https:\/\/aacii.space\/fr\/rencontres-dexperts\/"]}]},{"@type":"ImageObject","inLanguage":"fr-FR","@id":"https:\/\/aacii.space\/fr\/rencontres-dexperts\/#primaryimage","url":"https:\/\/aacii.space\/wp-content\/uploads\/2023\/04\/TischFlaggen-Alle-20180316_094001-300x225.jpg","contentUrl":"https:\/\/aacii.space\/wp-content\/uploads\/2023\/04\/TischFlaggen-Alle-20180316_094001-300x225.jpg"},{"@type":"BreadcrumbList","@id":"https:\/\/aacii.space\/fr\/rencontres-dexperts\/#breadcrumb","itemListElement":[{"@type":"ListItem","position":1,"name":"Startseite","item":"https:\/\/aacii.space\/fr\/"},{"@type":"ListItem","position":2,"name":"Rencontres d&#8217;experts"}]},{"@type":"WebSite","@id":"https:\/\/aacii.space\/#website","url":"https:\/\/aacii.space\/","name":"AACII","description":"AVIATION AEROSPACE INTERNATIONAL INTERDISCIPLINARY CONGRESS","potentialAction":[{"@type":"SearchAction","target":{"@type":"EntryPoint","urlTemplate":"https:\/\/aacii.space\/?s={search_term_string}"},"query-input":{"@type":"PropertyValueSpecification","valueRequired":true,"valueName":"search_term_string"}}],"inLanguage":"fr-FR"}]}},"_links":{"self":[{"href":"https:\/\/aacii.space\/fr\/wp-json\/wp\/v2\/pages\/6139","targetHints":{"allow":["GET"]}}],"collection":[{"href":"https:\/\/aacii.space\/fr\/wp-json\/wp\/v2\/pages"}],"about":[{"href":"https:\/\/aacii.space\/fr\/wp-json\/wp\/v2\/types\/page"}],"author":[{"embeddable":true,"href":"https:\/\/aacii.space\/fr\/wp-json\/wp\/v2\/users\/1"}],"replies":[{"embeddable":true,"href":"https:\/\/aacii.space\/fr\/wp-json\/wp\/v2\/comments?post=6139"}],"version-history":[{"count":5,"href":"https:\/\/aacii.space\/fr\/wp-json\/wp\/v2\/pages\/6139\/revisions"}],"predecessor-version":[{"id":6233,"href":"https:\/\/aacii.space\/fr\/wp-json\/wp\/v2\/pages\/6139\/revisions\/6233"}],"wp:attachment":[{"href":"https:\/\/aacii.space\/fr\/wp-json\/wp\/v2\/media?parent=6139"}],"curies":[{"name":"wp","href":"https:\/\/api.w.org\/{rel}","templated":true}]}}