{"id":3032,"date":"2022-06-10T14:49:18","date_gmt":"2022-06-10T12:49:18","guid":{"rendered":"https:\/\/aacii.space\/?page_id=3032"},"modified":"2023-12-15T10:40:18","modified_gmt":"2023-12-15T09:40:18","slug":"20-novembre-2024-tour-rond-haute-tec","status":"publish","type":"page","link":"https:\/\/aacii.space\/fr\/20-novembre-2024-tour-rond-haute-tec\/","title":{"rendered":"13 F\u00c8VRIER 2025 \u2013 TOUR ROND HAUTE TEC"},"content":{"rendered":"<p><img loading=\"lazy\" decoding=\"async\" class=\"aligncenter wp-image-6820 size-full\" src=\"https:\/\/aacii.space\/wp-content\/uploads\/2023\/09\/Congress-Day-2024.jpg\" alt=\"\" width=\"1800\" height=\"563\" srcset=\"https:\/\/aacii.space\/wp-content\/uploads\/2023\/09\/Congress-Day-2024.jpg 1800w, https:\/\/aacii.space\/wp-content\/uploads\/2023\/09\/Congress-Day-2024-300x94.jpg 300w, https:\/\/aacii.space\/wp-content\/uploads\/2023\/09\/Congress-Day-2024-1024x320.jpg 1024w, https:\/\/aacii.space\/wp-content\/uploads\/2023\/09\/Congress-Day-2024-768x240.jpg 768w, https:\/\/aacii.space\/wp-content\/uploads\/2023\/09\/Congress-Day-2024-1536x480.jpg 1536w, https:\/\/aacii.space\/wp-content\/uploads\/2023\/09\/Congress-Day-2024-1200x375.jpg 1200w\" sizes=\"auto, (max-width: 1800px) 100vw, 1800px\" \/>&nbsp;<\/p>\n<p class=\"chapter-heading\">Aller-retour high-tech<br \/>\ndans la r\u00e9gion m\u00e9tropolitaine europ\u00e9enne de Nuremberg avec transfert<\/p>\n<p><strong>Jeudi 13 f\u00e9vrier 2025 \u00e0 partir de 8h00<\/strong>&nbsp;<br \/>\n&nbsp;<br \/>\n<strong>\u201eTogether for a better world\u201d<\/strong> est la devise de l&rsquo;AACII, car l&rsquo;a\u00e9rospatiale permet<br \/>\npour comprendre de mieux en mieux l\u2019\u00e9cosyst\u00e8me. Cela cr\u00e9e une nouvelle dimension<br \/>\npour des applications dans tous les domaines qui rel\u00e8vent \u00e9galement de nouveaux d\u00e9fis<br \/>\nlaisser.<br \/>\nLes participants AACII de la jeune g\u00e9n\u00e9ration remportent le premier prix du DLR 2022<br \/>\ngagn\u00e9. Le centre de recherche Willst\u00e4tter remporte le premier prix de Jugend<br \/>\nrecherches 2023. Le financement de l&rsquo;AACII en faveur de la nouvelle g\u00e9n\u00e9ration est destin\u00e9 \u00e0 mettre \u00e0 disposition des talents<br \/>\ncela contribuera \u00e0 fa\u00e7onner l\u2019avenir de nous tous.<br \/>\nL&rsquo;enthousiasme des participants du premier Congr\u00e8s de l&rsquo;AACII r\u00e9side dans le format r\u00e9duit<br \/>\nd&rsquo;entretiens d&rsquo;experts. Dans les mois entre eux deux<br \/>\nSujets pr\u00e9sent\u00e9s en r\u00e9gion lors de conf\u00e9rences.<br \/>\n&nbsp;<br \/>\n<strong>10h00 :<\/strong> pr\u00e9vu &nbsp;<br \/>\n&nbsp;<br \/>\n<strong>13h30 :<\/strong> pr\u00e9vu &nbsp;<br \/>\n&nbsp;<br \/>\n<strong>14h30 :<\/strong> Institut Fraunhofer \u00e0 Erlangen n&nbsp;<br \/>\n&nbsp;<br \/>\n<strong>16h00 :<\/strong> pr\u00e9vu &nbsp;<br \/>\n&nbsp;<\/p>\n<p>&nbsp;<br \/>\n&nbsp;<br \/>\n&nbsp;<br \/>\n&nbsp;<\/p>\n","protected":false},"excerpt":{"rendered":"<p>&nbsp; Aller-retour high-tech dans la r\u00e9gion m\u00e9tropolitaine europ\u00e9enne de Nuremberg avec transfert Jeudi 13 f\u00e9vrier 2025 \u00e0 partir de 8h00&nbsp; &nbsp; \u201eTogether for a better world\u201d est la devise de l&rsquo;AACII, car l&rsquo;a\u00e9rospatiale permet pour comprendre de mieux en mieux l\u2019\u00e9cosyst\u00e8me. Cela cr\u00e9e une nouvelle dimension pour des applications dans [&#8230;]<a href=\"https:\/\/aacii.space\/fr\/20-novembre-2024-tour-rond-haute-tec\/\"><br \/>weiterlesen &raquo;<\/a><\/p>\n","protected":false},"author":3,"featured_media":0,"parent":0,"menu_order":0,"comment_status":"closed","ping_status":"closed","template":"","meta":{"kia_subtitle":"","ngg_post_thumbnail":0,"footnotes":""},"class_list":["post-3032","page","type-page","status-publish","hentry"],"yoast_head":"<!-- This site is optimized with the Yoast SEO Premium plugin v27.2 (Yoast SEO v27.2) - https:\/\/yoast.com\/product\/yoast-seo-premium-wordpress\/ -->\n<title>13 F\u00c8VRIER 2025 \u2013 TOUR ROND HAUTE TEC - AACII<\/title>\n<meta name=\"robots\" content=\"index, follow, max-snippet:-1, max-image-preview:large, max-video-preview:-1\" \/>\n<link rel=\"canonical\" href=\"https:\/\/aacii.space\/fr\/20-novembre-2024-tour-rond-haute-tec\/\" \/>\n<meta property=\"og:locale\" content=\"fr_FR\" \/>\n<meta property=\"og:type\" content=\"article\" \/>\n<meta property=\"og:title\" content=\"13 F\u00c8VRIER 2025 \u2013 TOUR ROND HAUTE TEC\" \/>\n<meta property=\"og:description\" content=\"&nbsp; Aller-retour high-tech dans la r\u00e9gion m\u00e9tropolitaine europ\u00e9enne de Nuremberg avec transfert Jeudi 13 f\u00e9vrier 2025 \u00e0 partir de 8h00&nbsp; &nbsp; \u201eTogether for a better world\u201d est la devise de l&rsquo;AACII, car l&rsquo;a\u00e9rospatiale permet pour comprendre de mieux en mieux l\u2019\u00e9cosyst\u00e8me. Cela cr\u00e9e une nouvelle dimension pour des applications dans [...]weiterlesen &raquo;\" \/>\n<meta property=\"og:url\" content=\"https:\/\/aacii.space\/fr\/20-novembre-2024-tour-rond-haute-tec\/\" \/>\n<meta property=\"og:site_name\" content=\"AACII\" \/>\n<meta property=\"article:modified_time\" content=\"2023-12-15T09:40:18+00:00\" \/>\n<meta property=\"og:image\" content=\"https:\/\/aacii.space\/wp-content\/uploads\/2023\/09\/Congress-Day-2024.jpg\" \/>\n<meta name=\"twitter:card\" content=\"summary_large_image\" \/>\n<meta name=\"twitter:label1\" content=\"Dur\u00e9e de lecture estim\u00e9e\" \/>\n\t<meta name=\"twitter:data1\" content=\"2 minutes\" \/>\n<script type=\"application\/ld+json\" class=\"yoast-schema-graph\">{\"@context\":\"https:\/\/schema.org\",\"@graph\":[{\"@type\":\"WebPage\",\"@id\":\"https:\/\/aacii.space\/fr\/20-novembre-2024-tour-rond-haute-tec\/\",\"url\":\"https:\/\/aacii.space\/fr\/20-novembre-2024-tour-rond-haute-tec\/\",\"name\":\"13 F\u00c8VRIER 2025 \u2013 TOUR ROND HAUTE TEC - AACII\",\"isPartOf\":{\"@id\":\"https:\/\/aacii.space\/#website\"},\"primaryImageOfPage\":{\"@id\":\"https:\/\/aacii.space\/fr\/20-novembre-2024-tour-rond-haute-tec\/#primaryimage\"},\"image\":{\"@id\":\"https:\/\/aacii.space\/fr\/20-novembre-2024-tour-rond-haute-tec\/#primaryimage\"},\"thumbnailUrl\":\"https:\/\/aacii.space\/wp-content\/uploads\/2023\/09\/Congress-Day-2024.jpg\",\"datePublished\":\"2022-06-10T12:49:18+00:00\",\"dateModified\":\"2023-12-15T09:40:18+00:00\",\"breadcrumb\":{\"@id\":\"https:\/\/aacii.space\/fr\/20-novembre-2024-tour-rond-haute-tec\/#breadcrumb\"},\"inLanguage\":\"fr-FR\",\"potentialAction\":[{\"@type\":\"ReadAction\",\"target\":[\"https:\/\/aacii.space\/fr\/20-novembre-2024-tour-rond-haute-tec\/\"]}]},{\"@type\":\"ImageObject\",\"inLanguage\":\"fr-FR\",\"@id\":\"https:\/\/aacii.space\/fr\/20-novembre-2024-tour-rond-haute-tec\/#primaryimage\",\"url\":\"https:\/\/aacii.space\/wp-content\/uploads\/2023\/09\/Congress-Day-2024.jpg\",\"contentUrl\":\"https:\/\/aacii.space\/wp-content\/uploads\/2023\/09\/Congress-Day-2024.jpg\"},{\"@type\":\"BreadcrumbList\",\"@id\":\"https:\/\/aacii.space\/fr\/20-novembre-2024-tour-rond-haute-tec\/#breadcrumb\",\"itemListElement\":[{\"@type\":\"ListItem\",\"position\":1,\"name\":\"Startseite\",\"item\":\"https:\/\/aacii.space\/fr\/\"},{\"@type\":\"ListItem\",\"position\":2,\"name\":\"13 F\u00c8VRIER 2025 \u2013 TOUR ROND HAUTE TEC\"}]},{\"@type\":\"WebSite\",\"@id\":\"https:\/\/aacii.space\/#website\",\"url\":\"https:\/\/aacii.space\/\",\"name\":\"AACII\",\"description\":\"AVIATION AEROSPACE INTERNATIONAL INTERDISCIPLINARY CONGRESS\",\"potentialAction\":[{\"@type\":\"SearchAction\",\"target\":{\"@type\":\"EntryPoint\",\"urlTemplate\":\"https:\/\/aacii.space\/?s={search_term_string}\"},\"query-input\":{\"@type\":\"PropertyValueSpecification\",\"valueRequired\":true,\"valueName\":\"search_term_string\"}}],\"inLanguage\":\"fr-FR\"}]}<\/script>\n<!-- \/ Yoast SEO Premium plugin. -->","yoast_head_json":{"title":"13 F\u00c8VRIER 2025 \u2013 TOUR ROND HAUTE TEC - AACII","robots":{"index":"index","follow":"follow","max-snippet":"max-snippet:-1","max-image-preview":"max-image-preview:large","max-video-preview":"max-video-preview:-1"},"canonical":"https:\/\/aacii.space\/fr\/20-novembre-2024-tour-rond-haute-tec\/","og_locale":"fr_FR","og_type":"article","og_title":"13 F\u00c8VRIER 2025 \u2013 TOUR ROND HAUTE TEC","og_description":"&nbsp; Aller-retour high-tech dans la r\u00e9gion m\u00e9tropolitaine europ\u00e9enne de Nuremberg avec transfert Jeudi 13 f\u00e9vrier 2025 \u00e0 partir de 8h00&nbsp; &nbsp; \u201eTogether for a better world\u201d est la devise de l&rsquo;AACII, car l&rsquo;a\u00e9rospatiale permet pour comprendre de mieux en mieux l\u2019\u00e9cosyst\u00e8me. Cela cr\u00e9e une nouvelle dimension pour des applications dans [...]weiterlesen &raquo;","og_url":"https:\/\/aacii.space\/fr\/20-novembre-2024-tour-rond-haute-tec\/","og_site_name":"AACII","article_modified_time":"2023-12-15T09:40:18+00:00","og_image":[{"url":"https:\/\/aacii.space\/wp-content\/uploads\/2023\/09\/Congress-Day-2024.jpg","type":"","width":"","height":""}],"twitter_card":"summary_large_image","twitter_misc":{"Dur\u00e9e de lecture estim\u00e9e":"2 minutes"},"schema":{"@context":"https:\/\/schema.org","@graph":[{"@type":"WebPage","@id":"https:\/\/aacii.space\/fr\/20-novembre-2024-tour-rond-haute-tec\/","url":"https:\/\/aacii.space\/fr\/20-novembre-2024-tour-rond-haute-tec\/","name":"13 F\u00c8VRIER 2025 \u2013 TOUR ROND HAUTE TEC - AACII","isPartOf":{"@id":"https:\/\/aacii.space\/#website"},"primaryImageOfPage":{"@id":"https:\/\/aacii.space\/fr\/20-novembre-2024-tour-rond-haute-tec\/#primaryimage"},"image":{"@id":"https:\/\/aacii.space\/fr\/20-novembre-2024-tour-rond-haute-tec\/#primaryimage"},"thumbnailUrl":"https:\/\/aacii.space\/wp-content\/uploads\/2023\/09\/Congress-Day-2024.jpg","datePublished":"2022-06-10T12:49:18+00:00","dateModified":"2023-12-15T09:40:18+00:00","breadcrumb":{"@id":"https:\/\/aacii.space\/fr\/20-novembre-2024-tour-rond-haute-tec\/#breadcrumb"},"inLanguage":"fr-FR","potentialAction":[{"@type":"ReadAction","target":["https:\/\/aacii.space\/fr\/20-novembre-2024-tour-rond-haute-tec\/"]}]},{"@type":"ImageObject","inLanguage":"fr-FR","@id":"https:\/\/aacii.space\/fr\/20-novembre-2024-tour-rond-haute-tec\/#primaryimage","url":"https:\/\/aacii.space\/wp-content\/uploads\/2023\/09\/Congress-Day-2024.jpg","contentUrl":"https:\/\/aacii.space\/wp-content\/uploads\/2023\/09\/Congress-Day-2024.jpg"},{"@type":"BreadcrumbList","@id":"https:\/\/aacii.space\/fr\/20-novembre-2024-tour-rond-haute-tec\/#breadcrumb","itemListElement":[{"@type":"ListItem","position":1,"name":"Startseite","item":"https:\/\/aacii.space\/fr\/"},{"@type":"ListItem","position":2,"name":"13 F\u00c8VRIER 2025 \u2013 TOUR ROND HAUTE TEC"}]},{"@type":"WebSite","@id":"https:\/\/aacii.space\/#website","url":"https:\/\/aacii.space\/","name":"AACII","description":"AVIATION AEROSPACE INTERNATIONAL INTERDISCIPLINARY CONGRESS","potentialAction":[{"@type":"SearchAction","target":{"@type":"EntryPoint","urlTemplate":"https:\/\/aacii.space\/?s={search_term_string}"},"query-input":{"@type":"PropertyValueSpecification","valueRequired":true,"valueName":"search_term_string"}}],"inLanguage":"fr-FR"}]}},"_links":{"self":[{"href":"https:\/\/aacii.space\/fr\/wp-json\/wp\/v2\/pages\/3032","targetHints":{"allow":["GET"]}}],"collection":[{"href":"https:\/\/aacii.space\/fr\/wp-json\/wp\/v2\/pages"}],"about":[{"href":"https:\/\/aacii.space\/fr\/wp-json\/wp\/v2\/types\/page"}],"author":[{"embeddable":true,"href":"https:\/\/aacii.space\/fr\/wp-json\/wp\/v2\/users\/3"}],"replies":[{"embeddable":true,"href":"https:\/\/aacii.space\/fr\/wp-json\/wp\/v2\/comments?post=3032"}],"version-history":[{"count":7,"href":"https:\/\/aacii.space\/fr\/wp-json\/wp\/v2\/pages\/3032\/revisions"}],"predecessor-version":[{"id":7483,"href":"https:\/\/aacii.space\/fr\/wp-json\/wp\/v2\/pages\/3032\/revisions\/7483"}],"wp:attachment":[{"href":"https:\/\/aacii.space\/fr\/wp-json\/wp\/v2\/media?parent=3032"}],"curies":[{"name":"wp","href":"https:\/\/api.w.org\/{rel}","templated":true}]}}