{"id":3016,"date":"2022-06-10T14:18:39","date_gmt":"2022-06-10T12:18:39","guid":{"rendered":"https:\/\/aacii.space\/?page_id=3016"},"modified":"2022-06-10T14:21:46","modified_gmt":"2022-06-10T12:21:46","slug":"y-arriver","status":"publish","type":"page","link":"https:\/\/aacii.space\/fr\/y-arriver\/","title":{"rendered":"Y arriver"},"content":{"rendered":"<p class=\"chapter-heading\">Voyage sans stress<\/p>\n<p>Nuremberg est une plaque tournante du transport central. La ville est facilement et rapidement accessible gr\u00e2ce \u00e0 son excellente connexion au r\u00e9seau autoroutier europ\u00e9en, au r\u00e9seau ferroviaire et aux horaires des vols europ\u00e9ens.<\/p>\n<p class=\"chapter-heading\">Syst\u00e8me de contr\u00f4le dynamique du trafic<\/p>\n<p>La charge de trafic actuelle sur les voies d&rsquo;acc\u00e8s est d\u00e9termin\u00e9e en permanence et le trafic est d\u00e9vi\u00e9 vers des voies de circulation et des capacit\u00e9s de stationnement libres, 18 000 places de stationnement sont enregistr\u00e9es dans le syst\u00e8me. Gr\u00e2ce \u00e0 cette gestion intelligente du trafic, les embouteillages et les longs trajets ont \u00e9t\u00e9 consid\u00e9rablement r\u00e9duits.<\/p>\n<p>&nbsp;<\/p>\n<p><a href=\"https:\/\/www.nuernberg.de\/internet\/verkehrsplanung\/verkehrsleitsystem.html\" target=\"_blank\" rel=\"noopener\">&gt; Informations sur le syst\u00e8me de contr\u00f4le de la circulation<\/a><\/p>\n<p>&nbsp;<\/p>\n<p><!--<a href=\"https:\/\/aacii.space\/wp-content\/uploads\/2020\/12\/2.1West-Anfahrt-Nbg-Messesucherparkplatz-Rotunde-DEU.pdf\" target=\"_blank\" rel=\"noopener\"> &gt; T\u00e9l\u00e9charger: Itin\u00e9raire vers le parc des expositions de Nuremberg<\/a>--><\/p>\n<p>&nbsp;<\/p>\n<div id=\"accordion\">\n<p class=\"tap-head\">En avion<\/p>\n<div>\n<p>En tant que vainqueur en s\u00e9rie des \u00ab Business Traveller Awards \u00bb pendant plusieurs ann\u00e9es cons\u00e9cutives, l&rsquo;a\u00e9roport Albrecht D\u00fcrer de Nuremberg a \u00e9t\u00e9 reconnu comme le meilleur a\u00e9roport d&rsquo;Allemagne avec des distances courtes et une qualit\u00e9 de service \u00e9lev\u00e9e.<\/p>\n<p>L&rsquo;a\u00e9roport de Nuremberg est \u00e9galement un \u00e9l\u00e9ment important de la planification du transport multimodal pour la ville de Nuremberg avec la route, l&rsquo;eau, l&rsquo;air et le rail et pour toute la r\u00e9gion m\u00e9tropolitaine.<\/p>\n<p>Nuremberg a toujours \u00e9t\u00e9 un pionnier avec des concepts de circulation qui ont \u00e9t\u00e9 adopt\u00e9s comme mod\u00e8le dans d&rsquo;autres r\u00e9gions, comme la premi\u00e8re zone pi\u00e9tonne, le premier m\u00e9tro sans conducteur, etc.<\/p>\n<p><img loading=\"lazy\" decoding=\"async\" class=\"alignnone size-medium wp-image-1857\" src=\"https:\/\/aacii.space\/wp-content\/uploads\/2022\/03\/LHG_Wordmark_blue-300x28.jpg\" alt=\"\" width=\"300\" height=\"28\" srcset=\"https:\/\/aacii.space\/wp-content\/uploads\/2022\/03\/LHG_Wordmark_blue-300x28.jpg 300w, https:\/\/aacii.space\/wp-content\/uploads\/2022\/03\/LHG_Wordmark_blue.jpg 663w\" sizes=\"auto, (max-width: 300px) 100vw, 300px\" \/><\/p>\n<p><b>Tarifs sp\u00e9ciaux des compagnies a\u00e9riennes du groupe Lufthansa<\/b><\/p>\n<p>Les compagnies a\u00e9riennes du groupe Lufthansa rassemblent les gens &#8211; chaque jour, partout dans le monde. Le r\u00e9seau mondial d&rsquo;itin\u00e9raires d&rsquo;Austrian Airlines, Lufthansa, SWISS, Brussels Airlines et Eurowings offre des possibilit\u00e9s de connexion et de combinaison optimales. Vous b\u00e9n\u00e9ficiez de liaisons a\u00e9riennes rapides et directes vers l&rsquo;\u00e9v\u00e9nement.<\/p>\n<p>\u00c0 propos du lien <a href=\"https:\/\/www.lufthansa.com\/de\/de\/meetings-und-events-teilnehmer\" target=\"_blank\" rel=\"noopener\">https:\/\/www.lufthansa.com\/de\/de\/meetings-und-events-teilnehmer<\/a> et avec le code \u00e9v\u00e9nement <b>DEAUPSC<\/b> acc\u00e9der \u00e0 la plateforme de r\u00e9servation. Les tarifs r\u00e9duits s&rsquo;afficheront automatiquement.<\/p>\n<p><b>Attention : autorisez toujours les fen\u00eatres contextuelles dans votre navigateur lors de la r\u00e9servation, sinon la fen\u00eatre de la plateforme de r\u00e9servation ne s&rsquo;ouvrira pas.<\/b><\/p>\n<p>Attention : autorisez toujours les fen\u00eatres contextuelles dans votre navigateur lors de la r\u00e9servation, sinon la fen\u00eatre de la plateforme de r\u00e9servation ne s&rsquo;ouvrira pas. <a class=\"mailto-link\" href=\"mailto:lufthansa.mobility@dlh.de\" target=\"_blank\" rel=\"noopener\">lufthansa.mobility@dlh.de<\/a> demande.<\/p>\n<\/div>\n<p class=\"tap-head\">Par le train<\/p>\n<div>\n<p>Les trains \u00e0 grande vitesse tels que l&rsquo;ICE, les trains longue distance nationaux et internationaux tels que l&rsquo;IC et l&rsquo;EC offrent les meilleures liaisons dans toutes les directions \u00e0 la gare centrale de Nuremberg.<\/p>\n<p>Connexion : Prenez le tram num\u00e9ro 8 en direction de \u00ab\u00a0Dokuzentrum\u00a0\u00bb jusqu&rsquo;\u00e0 l&rsquo;arr\u00eat \u00ab\u00a0Meistersingerhalle\u00a0\u00bb (6 stations), puis 6 minutes \u00e0 pied jusqu&rsquo;\u00e0 votre destination.<\/p>\n<\/div>\n<p class=\"tap-head\">Possibilit\u00e9s d&rsquo;h\u00e9bergement :<\/p>\n<div>\nR\u00e9jouissez-vous de votre s\u00e9jour pendant le Congr\u00e8s AACII \u00e0 Nuremberg. Plus qu&rsquo;une simple nuit d&rsquo;h\u00f4tel.<br \/>\nR\u00e9servez votre chambre au Motel One !<\/p>\n<p><a href=\"http:\/\/www.motel-one.com\" target=\"_blank\" rel=\"noopener\">www.motel-one.com<\/a><br \/>\nou par e-mail :<br \/>\n<a class=\"mailto-link\" href=\"mailto:res.nuernberg-hauptbahnhof@motel-one.com\" target=\"_blank\" rel=\"noopener\">res.nuernberg-hauptbahnhof@motel-one.com<\/a><\/p>\n<\/div>\n<p class=\"tap-head\">R\u00e8gles d&rsquo;hygi\u00e8ne :<\/p>\n<div>\n<ul>\n<li>Le port d&rsquo;une protection m\u00e9dicale pour la bouche et le nez est toujours obligatoire dans les trains de la Deutsche Bahn et dans les transports publics locaux. La DB recommande <strong>l&rsquo;utilisation d&rsquo;un masque FFP2.<\/strong> Il n&rsquo;y a actuellement aucune obligation de porter un masque dans les gares et \u00e0 l&rsquo;ext\u00e9rieur, selon la DB, qui vous demande toutefois d&rsquo;\u00eatre pr\u00e9venant envers les autres voyageurs. Cette r\u00e9glementation peut diff\u00e9rer d&rsquo;un \u00c9tat f\u00e9d\u00e9ral \u00e0 l&rsquo;autre. Les voyageurs doivent donc se renseigner sur <a class=\"_3PhEcr521VVfg1XpVGwFLq sc-bdvvtL goIptw sc-gsDKAQ hIxhWw\" href=\"https:\/\/www.bundesregierung.de\/breg-de\/themen\/coronavirus\/corona-bundeslaender-1745198\" target=\"_blank\" rel=\"nofollow noopener\" data-tracking=\"{&quot;click&quot;:{&quot;element&quot;:&quot;richtext_link&quot;,&quot;label&quot;:&quot;https:\/\/www.bundesregierung.de\/breg-de\/themen\/coronavirus\/corona-bundeslaender-1745198&quot;}}\" data-testid=\"richtext-link\">r\u00e8gles corona sp\u00e9cifiques \u00e0 chaque pays<\/a> informer.<\/li>\n<li>Le personnel de s\u00e9curit\u00e9 <strong>v\u00e9rifie l&rsquo;obligation de porter des masques<\/strong> de mani\u00e8re al\u00e9atoire, selon Bahn. Si un passager ne respecte pas \u00e0 plusieurs reprises l&rsquo;obligation de porter un masque, il peut \u00eatre exclu du transport.En cas de conflit, la police f\u00e9d\u00e9rale devrait r\u00e9glementer cela. Toute personne qui ne peut pas porter de masque pour des raisons m\u00e9dicales n&rsquo;est pas oblig\u00e9e de le faire. Le personnel du train est en droit de demander une attestation.<\/li>\n<li>Comme dans tous les domaines de la vie publique, ceux d\u00e9livr\u00e9s par l&rsquo;Institut Robert Koch s&rsquo;appliquent \u00e9galement aux voyages en train <a class=\"_3PhEcr521VVfg1XpVGwFLq sc-bdvvtL goIptw sc-gsDKAQ hIxhWw\" href=\"https:\/\/www.adac.de\/verkehr\/corona-hygiene-oepnv\/\" rel=\"follow noopener\" data-tracking=\"{&quot;click&quot;:{&quot;element&quot;:&quot;richtext_link&quot;,&quot;label&quot;:&quot;https:\/\/www.adac.de\/verkehr\/corona-hygiene-oepnv\/&quot;}}\" data-testid=\"richtext-link\">R\u00e8gles d&rsquo;hygi\u00e8ne dans les bus et les trains<\/a>, y compris <strong>garder une distance minimale,<\/strong> se laver les mains r\u00e9guli\u00e8rement<\/strong> et \u00e9ternuer ou tousser dans le <strong>pli du bras.< \/strong><\/li>\n<li>Achat de billets sans contact en <a href=\"https:\/\/www.vgn.de\/verbindungen\/?place_destination=N%C3%BCrnberg&amp;name_destination=M%fcnchener%20Stra%dfe%2021&amp;type_destination=any&amp;anyObjFilter_destination=12&amp;execInst=verifyOnly&amp;sessionID=0\" target=\"_blank\" rel=\"noopener\">On\u00adline\u00adshop<\/a>, ou via l&rsquo;application <a href=\"https:\/\/www.vgn.de\/service\/app\/\" target=\"_blank\" rel=\"noopener\">\u201eVGN Fahrplan &amp; Tickets\u201c<\/a><\/li>\n<\/ul>\n<\/div>\n<p class=\"tap-head\">En voiture<\/p>\n<div>\n<ul>\n<li>connexion directe aux autoroutes A3, A6, A9 et A73<\/li>\n<li>Le meilleur syst\u00e8me de guidage du trafic et du stationnement en Europe<\/li>\n<li>Places de parking payantes directement sur place<\/li>\n<li>Adresse du syst\u00e8me de navigation : Meistersingerhalle Nuremberg, M\u00fcnchener Stra\u00dfe 21, 90478 Nuremberg<\/li>\n<\/ul>\n<p>Le syst\u00e8me intelligent et dynamique de guidage de la circulation et du stationnement comprend 18 000 places de stationnement enregistr\u00e9es dans le syst\u00e8me.<\/p>\n<\/div>\n<\/div>\n<div id=\"google-maps\">\n<p class=\"chapter-heading\">Karte<\/p>\n<p><iframe loading=\"lazy\" style=\"border: 0;\" tabindex=\"0\" src=\"https:\/\/www.google.com\/maps\/embed?pb=!1m14!1m8!1m3!1d10377.959896374425!2d11.1051768!3d49.4374557!3m2!1i1024!2i768!4f13.1!3m3!1m2!1s0x0%3A0x90f9afbd37fda516!2sMeistersingerhalle!5e0!3m2!1sde!2sde!4v1646841299097!5m2!1sde!2sde\" width=\"900\" height=\"450\" frameborder=\"0\" allowfullscreen=\"allowfullscreen\" aria-hidden=\"false\"><\/iframe><\/p>\n<p>&nbsp;<\/p>\n<p><span style=\"font-weight: 500;\">Adresse:<\/span><br \/>\nMeistersingerhalle N\u00fcrnberg<br \/>\nM\u00fcnchener Stra\u00dfe 21<br \/>\n90478 N\u00fcrnberg<\/p>\n<p>&nbsp;<\/p>\n<p><a href=\"https:\/\/www.google.com\/maps\/place\/Meistersingerhalle\/@49.4374557,11.1051768,15z\/data=!4m5!3m4!1s0x0:0x90f9afbd37fda516!8m2!3d49.4374557!4d11.1051768\" target=\"_blank\" rel=\"noopener\">&gt;&gt; Ouvrir la carte dans une vue plus grande &lt;&lt;<\/a><\/p>\n<\/div>\n","protected":false},"excerpt":{"rendered":"<p>Voyage sans stress Nuremberg est une plaque tournante du transport central. La ville est facilement et rapidement accessible gr\u00e2ce \u00e0 son excellente connexion au r\u00e9seau autoroutier europ\u00e9en, au r\u00e9seau ferroviaire et aux horaires des vols europ\u00e9ens. Syst\u00e8me de contr\u00f4le dynamique du trafic La charge de trafic actuelle sur les voies [&#8230;]<a href=\"https:\/\/aacii.space\/fr\/y-arriver\/\"><br \/>weiterlesen &raquo;<\/a><\/p>\n","protected":false},"author":3,"featured_media":0,"parent":0,"menu_order":0,"comment_status":"closed","ping_status":"closed","template":"","meta":{"kia_subtitle":"","ngg_post_thumbnail":0,"footnotes":""},"class_list":["post-3016","page","type-page","status-publish","hentry"],"yoast_head":"<!-- This site is optimized with the Yoast SEO Premium plugin v27.2 (Yoast SEO v27.2) - https:\/\/yoast.com\/product\/yoast-seo-premium-wordpress\/ -->\n<title>Y arriver - AACII<\/title>\n<meta name=\"robots\" content=\"index, follow, max-snippet:-1, max-image-preview:large, max-video-preview:-1\" \/>\n<link rel=\"canonical\" href=\"https:\/\/aacii.space\/fr\/y-arriver\/\" \/>\n<meta property=\"og:locale\" content=\"fr_FR\" \/>\n<meta property=\"og:type\" content=\"article\" \/>\n<meta property=\"og:title\" content=\"Y arriver\" \/>\n<meta property=\"og:description\" content=\"Voyage sans stress Nuremberg est une plaque tournante du transport central. La ville est facilement et rapidement accessible gr\u00e2ce \u00e0 son excellente connexion au r\u00e9seau autoroutier europ\u00e9en, au r\u00e9seau ferroviaire et aux horaires des vols europ\u00e9ens. Syst\u00e8me de contr\u00f4le dynamique du trafic La charge de trafic actuelle sur les voies [...]weiterlesen &raquo;\" \/>\n<meta property=\"og:url\" content=\"https:\/\/aacii.space\/fr\/y-arriver\/\" \/>\n<meta property=\"og:site_name\" content=\"AACII\" \/>\n<meta property=\"article:modified_time\" content=\"2022-06-10T12:21:46+00:00\" \/>\n<meta property=\"og:image\" content=\"https:\/\/aacii.space\/wp-content\/uploads\/2022\/03\/LHG_Wordmark_blue-300x28.jpg\" \/>\n<meta name=\"twitter:card\" content=\"summary_large_image\" \/>\n<meta name=\"twitter:label1\" content=\"Dur\u00e9e de lecture estim\u00e9e\" \/>\n\t<meta name=\"twitter:data1\" content=\"4 minutes\" \/>\n<script type=\"application\/ld+json\" class=\"yoast-schema-graph\">{\"@context\":\"https:\/\/schema.org\",\"@graph\":[{\"@type\":\"WebPage\",\"@id\":\"https:\/\/aacii.space\/fr\/y-arriver\/\",\"url\":\"https:\/\/aacii.space\/fr\/y-arriver\/\",\"name\":\"Y arriver - AACII\",\"isPartOf\":{\"@id\":\"https:\/\/aacii.space\/#website\"},\"primaryImageOfPage\":{\"@id\":\"https:\/\/aacii.space\/fr\/y-arriver\/#primaryimage\"},\"image\":{\"@id\":\"https:\/\/aacii.space\/fr\/y-arriver\/#primaryimage\"},\"thumbnailUrl\":\"https:\/\/aacii.space\/wp-content\/uploads\/2022\/03\/LHG_Wordmark_blue-300x28.jpg\",\"datePublished\":\"2022-06-10T12:18:39+00:00\",\"dateModified\":\"2022-06-10T12:21:46+00:00\",\"breadcrumb\":{\"@id\":\"https:\/\/aacii.space\/fr\/y-arriver\/#breadcrumb\"},\"inLanguage\":\"fr-FR\",\"potentialAction\":[{\"@type\":\"ReadAction\",\"target\":[\"https:\/\/aacii.space\/fr\/y-arriver\/\"]}]},{\"@type\":\"ImageObject\",\"inLanguage\":\"fr-FR\",\"@id\":\"https:\/\/aacii.space\/fr\/y-arriver\/#primaryimage\",\"url\":\"https:\/\/aacii.space\/wp-content\/uploads\/2022\/03\/LHG_Wordmark_blue-300x28.jpg\",\"contentUrl\":\"https:\/\/aacii.space\/wp-content\/uploads\/2022\/03\/LHG_Wordmark_blue-300x28.jpg\"},{\"@type\":\"BreadcrumbList\",\"@id\":\"https:\/\/aacii.space\/fr\/y-arriver\/#breadcrumb\",\"itemListElement\":[{\"@type\":\"ListItem\",\"position\":1,\"name\":\"Startseite\",\"item\":\"https:\/\/aacii.space\/fr\/\"},{\"@type\":\"ListItem\",\"position\":2,\"name\":\"Y arriver\"}]},{\"@type\":\"WebSite\",\"@id\":\"https:\/\/aacii.space\/#website\",\"url\":\"https:\/\/aacii.space\/\",\"name\":\"AACII\",\"description\":\"AVIATION AEROSPACE INTERNATIONAL INTERDISCIPLINARY CONGRESS\",\"potentialAction\":[{\"@type\":\"SearchAction\",\"target\":{\"@type\":\"EntryPoint\",\"urlTemplate\":\"https:\/\/aacii.space\/?s={search_term_string}\"},\"query-input\":{\"@type\":\"PropertyValueSpecification\",\"valueRequired\":true,\"valueName\":\"search_term_string\"}}],\"inLanguage\":\"fr-FR\"}]}<\/script>\n<!-- \/ Yoast SEO Premium plugin. -->","yoast_head_json":{"title":"Y arriver - AACII","robots":{"index":"index","follow":"follow","max-snippet":"max-snippet:-1","max-image-preview":"max-image-preview:large","max-video-preview":"max-video-preview:-1"},"canonical":"https:\/\/aacii.space\/fr\/y-arriver\/","og_locale":"fr_FR","og_type":"article","og_title":"Y arriver","og_description":"Voyage sans stress Nuremberg est une plaque tournante du transport central. La ville est facilement et rapidement accessible gr\u00e2ce \u00e0 son excellente connexion au r\u00e9seau autoroutier europ\u00e9en, au r\u00e9seau ferroviaire et aux horaires des vols europ\u00e9ens. Syst\u00e8me de contr\u00f4le dynamique du trafic La charge de trafic actuelle sur les voies [...]weiterlesen &raquo;","og_url":"https:\/\/aacii.space\/fr\/y-arriver\/","og_site_name":"AACII","article_modified_time":"2022-06-10T12:21:46+00:00","og_image":[{"url":"https:\/\/aacii.space\/wp-content\/uploads\/2022\/03\/LHG_Wordmark_blue-300x28.jpg","type":"","width":"","height":""}],"twitter_card":"summary_large_image","twitter_misc":{"Dur\u00e9e de lecture estim\u00e9e":"4 minutes"},"schema":{"@context":"https:\/\/schema.org","@graph":[{"@type":"WebPage","@id":"https:\/\/aacii.space\/fr\/y-arriver\/","url":"https:\/\/aacii.space\/fr\/y-arriver\/","name":"Y arriver - AACII","isPartOf":{"@id":"https:\/\/aacii.space\/#website"},"primaryImageOfPage":{"@id":"https:\/\/aacii.space\/fr\/y-arriver\/#primaryimage"},"image":{"@id":"https:\/\/aacii.space\/fr\/y-arriver\/#primaryimage"},"thumbnailUrl":"https:\/\/aacii.space\/wp-content\/uploads\/2022\/03\/LHG_Wordmark_blue-300x28.jpg","datePublished":"2022-06-10T12:18:39+00:00","dateModified":"2022-06-10T12:21:46+00:00","breadcrumb":{"@id":"https:\/\/aacii.space\/fr\/y-arriver\/#breadcrumb"},"inLanguage":"fr-FR","potentialAction":[{"@type":"ReadAction","target":["https:\/\/aacii.space\/fr\/y-arriver\/"]}]},{"@type":"ImageObject","inLanguage":"fr-FR","@id":"https:\/\/aacii.space\/fr\/y-arriver\/#primaryimage","url":"https:\/\/aacii.space\/wp-content\/uploads\/2022\/03\/LHG_Wordmark_blue-300x28.jpg","contentUrl":"https:\/\/aacii.space\/wp-content\/uploads\/2022\/03\/LHG_Wordmark_blue-300x28.jpg"},{"@type":"BreadcrumbList","@id":"https:\/\/aacii.space\/fr\/y-arriver\/#breadcrumb","itemListElement":[{"@type":"ListItem","position":1,"name":"Startseite","item":"https:\/\/aacii.space\/fr\/"},{"@type":"ListItem","position":2,"name":"Y arriver"}]},{"@type":"WebSite","@id":"https:\/\/aacii.space\/#website","url":"https:\/\/aacii.space\/","name":"AACII","description":"AVIATION AEROSPACE INTERNATIONAL INTERDISCIPLINARY CONGRESS","potentialAction":[{"@type":"SearchAction","target":{"@type":"EntryPoint","urlTemplate":"https:\/\/aacii.space\/?s={search_term_string}"},"query-input":{"@type":"PropertyValueSpecification","valueRequired":true,"valueName":"search_term_string"}}],"inLanguage":"fr-FR"}]}},"_links":{"self":[{"href":"https:\/\/aacii.space\/fr\/wp-json\/wp\/v2\/pages\/3016","targetHints":{"allow":["GET"]}}],"collection":[{"href":"https:\/\/aacii.space\/fr\/wp-json\/wp\/v2\/pages"}],"about":[{"href":"https:\/\/aacii.space\/fr\/wp-json\/wp\/v2\/types\/page"}],"author":[{"embeddable":true,"href":"https:\/\/aacii.space\/fr\/wp-json\/wp\/v2\/users\/3"}],"replies":[{"embeddable":true,"href":"https:\/\/aacii.space\/fr\/wp-json\/wp\/v2\/comments?post=3016"}],"version-history":[{"count":2,"href":"https:\/\/aacii.space\/fr\/wp-json\/wp\/v2\/pages\/3016\/revisions"}],"predecessor-version":[{"id":3019,"href":"https:\/\/aacii.space\/fr\/wp-json\/wp\/v2\/pages\/3016\/revisions\/3019"}],"wp:attachment":[{"href":"https:\/\/aacii.space\/fr\/wp-json\/wp\/v2\/media?parent=3016"}],"curies":[{"name":"wp","href":"https:\/\/api.w.org\/{rel}","templated":true}]}}