{"id":3004,"date":"2020-12-05T13:35:58","date_gmt":"2020-12-05T12:35:58","guid":{"rendered":"https:\/\/aacii.space\/kongresstag\/"},"modified":"2022-06-10T14:17:28","modified_gmt":"2022-06-10T12:17:28","slug":"kongresstag","status":"publish","type":"page","link":"https:\/\/aacii.space\/fr\/kongresstag\/","title":{"rendered":"PROGRAMM"},"content":{"rendered":"<div class=\"chapter-heading\">Das erwartet Sie auf dem Kongress<\/div>\n<div class=\"flex-content\" style=\"align-items: center;\">\n<div class=\"three-quarters\">\n<p>Das \u201cWho is Who\u201c des gesamten Luft- und Raumfahrtsektors trifft sich, um die besten und neuesten Technologien f\u00fcr den gesamten Sektor der \u00d6ffentlichkeit vorzustellen.<\/p>\n<div class=\"chapter-heading\">Aussteller aus folgenden Branchen stellen aus:<\/div>\n<p>Flugh\u00e4fen, Fluglinien, Satellitenhersteller und Betreiber, Logistik, Architekten, Flughafenplaner, Urban Air Mobility mit neuen Konzepten, Drohnen, The new reality in Automotives, Rockets, UAVs, etc.<\/p>\n<p>Eine gro\u00dfe Anzahl von Entscheidern zeigen ihre Konzepte direkt zum Austausch f\u00fcr Kooperationen. Die Wissenschaft ist vertreten mit bedeutenden Universit\u00e4ten, Instituten, Museen, Innovationskunst.<\/p>\n<div class=\"chapter-heading\">Wie bewegen wir uns morgen?<\/div>\n<p>Zukunft beginnt heute. Vor dem Geb\u00e4ude sehen Sie bereits Technikobjekte und in der gro\u00dfen Halle zeigt sich Innovationskunst, wie sich eine kongeniale Verbindung von Luft- und Raumfahrt mit der Umwelt gestaltet, 3D Holograms und Space Sounds.<\/p>\n<div class=\"chapter-heading\">Anmelden:<\/div>\n<p>Details zur Anmeldung finden Sie hier:<br \/>\n<a href=\"https:\/\/aacii.space\/wp-content\/uploads\/2022\/05\/Einladung-Kongresstag_2022.pdf\">Einladung Kongresstag_2022<\/a><\/p>\n<\/div>\n<\/div>\n<section class=\"counters\">\n<div class=\"container\">\n<div id=\"participant\" class=\"box\">\n<div class=\"participant\"><\/div>\n<div class=\"counter\" data-target=\"500\">0<\/div>\n<div class=\"counter-text\">Teilnehmer aus der ganzen Welt<\/div>\n<\/div>\n<div id=\"exhibitors\" class=\"box\">\n<div class=\"exhibitors\"><\/div>\n<div class=\"counter\" data-target=\"50\">0<\/div>\n<div class=\"counter-text\">Pavillons aus rund 30 L\u00e4ndern und 20 Regionen<\/div>\n<\/div>\n<div id=\"tech\" class=\"box\">\n<div class=\"tech\"><\/div>\n<div class=\"counter\" data-target=\"10\">0<\/div>\n<div class=\"counter-text\">Gro\u00dfe Themenparks mit neuen Entwicklungen<\/div>\n<\/div>\n<div id=\"startups\" class=\"box\">\n<div class=\"startups\"><\/div>\n<div class=\"counter-text\">Die bedeutendsten Start-ups und f\u00fchrenden Luft- und Raumfahrthersteller sowie Zuliefererund Dienstleister pr\u00e4sentieren ihre Leistungen f\u00fcr Kooperationen<\/div>\n<\/div>\n<\/div>\n<\/section>\n<div class=\"three-quarters\">\n<div class=\"chapter-heading\" style=\"margin-bottom: 15px;\">Das Programm f\u00fchrt Sie in verschiedenen Stufen durch den Kongress<br \/>\nals Erlebnis mit Wissenschaft &amp; Industrie sowie einem neuen Konzept:<\/div>\n<div class=\"flex-content\">\n<ul style=\"width: 75%;\">\n<li>Bereits vor dem Eingang sehen Sie Objekte aus Luft und Raumfahrt<\/li>\n<li>Am Eingang sehen Sie, dass Nachwuchsf\u00f6rderung fr\u00fch beginnt: Astro Kids in Astronautenanz\u00fcgen + Studenten in Pilotenkleidung aller Kontinente begleiten zur Registrierung, auch dem Astro Aviation Shop<\/li>\n<li>Ausgew\u00e4hlte nationale und internationale Luft-Raumfahrtstudenten \u00fcberreichen Ihnen das Programm. Die Themenparks innen wie: Aviation &#8211; Aerospace &#8211; Mobility-Automotives \u2013 Drohnen PAV\/UAM \u2013 Lunar &#8211; Robotics \u2013 Satelliten &#8211; K\u00fcnstliche Intelligenz &#8211; Future Generation \u2013 Helikopter<br \/>\nnew Flying Objects im Space Park.<\/li>\n<li>Der Kongress wird begr\u00fc\u00dft von erfolgreichen Pers\u00f6nlichkeiten aus Luft- &amp; Raumfahrt. Astronauten mit h\u00f6chster Reputation, Entscheider der Wirtschaft, Wissenschaft, Politik , Bildung, Diplomatie, Repr\u00e4sentanten ihrer L\u00e4nder und Regionen und Sektoren sowie Innovateure mit Experten aus Luft- und Raumfahrt sind anwesend.<\/li>\n<li>Der Standort N\u00fcrnberger Meistersingerhalle, ist bekannt durch viele technische Ausstellungen in bester Lage.<\/li>\n<\/ul>\n<p><img decoding=\"async\" class=\"text-image\" src=\"https:\/\/aacii.space\/wp-content\/uploads\/2022\/03\/aacii-space-nuernberg-meistersingerhalle-2-650x450-1.jpg\" \/><\/p>\n<\/div>\n<ul>\n<li>Die B2B Plattform wird Sie positiv \u00fcberraschen. Auf Wunsch erhalten Sie die Vorbereitung und Terminierung von ma\u00dfgeschneiderten Treffen, Interviews, Fotos, Videos gem\u00e4\u00df schriftlicher Angaben<\/li>\n<li>Es k\u00f6nnen auf Wunsch auch Einzeltreffen und Interviews f\u00fcr Sie abgestimmt und vorbereitet werden<\/li>\n<\/ul>\n<div class=\"chapter-heading\">Diese L\u00e4nder sind unter anderem vertreten:<\/div>\n<p>\u00c4thiopien, Australien, Belgien, Deutschland, Emirate, England, Fankreich, Indien, Italien, Japan, Kanada, Kasachstan, Kuwait, Luxemburg, Niederlande, Norwegen, \u00d6sterreich, Qatar, Slowakei, Spanien, Saudi Arabien, Tschechische Republik, USA und weitere.<\/p>\n<\/div>\n","protected":false},"excerpt":{"rendered":"<p>Das erwartet Sie auf dem Kongress Das \u201cWho is Who\u201c des gesamten Luft- und Raumfahrtsektors trifft sich, um die besten und neuesten Technologien f\u00fcr den gesamten Sektor der \u00d6ffentlichkeit vorzustellen. Aussteller aus folgenden Branchen stellen aus: Flugh\u00e4fen, Fluglinien, Satellitenhersteller und Betreiber, Logistik, Architekten, Flughafenplaner, Urban Air Mobility mit neuen Konzepten, [&#8230;]<a href=\"https:\/\/aacii.space\/fr\/kongresstag\/\"><br \/>weiterlesen &raquo;<\/a><\/p>\n","protected":false},"author":1,"featured_media":948,"parent":0,"menu_order":0,"comment_status":"closed","ping_status":"closed","template":"kongresstag.php","meta":{"kia_subtitle":"DIENSTAG 5 JULI KONGRESS IN N\u00dcRNBERG MEISTERSINGERHALLE","ngg_post_thumbnail":0,"footnotes":""},"class_list":["post-3004","page","type-page","status-publish","has-post-thumbnail","hentry"],"yoast_head":"<!-- This site is optimized with the Yoast SEO Premium plugin v27.2 (Yoast SEO v27.2) - https:\/\/yoast.com\/product\/yoast-seo-premium-wordpress\/ -->\n<title>PROGRAMM - AACII<\/title>\n<meta name=\"robots\" content=\"index, follow, max-snippet:-1, max-image-preview:large, max-video-preview:-1\" \/>\n<link rel=\"canonical\" href=\"https:\/\/aacii.space\/fr\/kongresstag\/\" \/>\n<meta property=\"og:locale\" content=\"fr_FR\" \/>\n<meta property=\"og:type\" content=\"article\" \/>\n<meta property=\"og:title\" content=\"PROGRAMM\" \/>\n<meta property=\"og:description\" content=\"Das erwartet Sie auf dem Kongress Das \u201cWho is Who\u201c des gesamten Luft- und Raumfahrtsektors trifft sich, um die besten und neuesten Technologien f\u00fcr den gesamten Sektor der \u00d6ffentlichkeit vorzustellen. Aussteller aus folgenden Branchen stellen aus: Flugh\u00e4fen, Fluglinien, Satellitenhersteller und Betreiber, Logistik, Architekten, Flughafenplaner, Urban Air Mobility mit neuen Konzepten, [...]weiterlesen &raquo;\" \/>\n<meta property=\"og:url\" content=\"https:\/\/aacii.space\/fr\/kongresstag\/\" \/>\n<meta property=\"og:site_name\" content=\"AACII\" \/>\n<meta property=\"article:modified_time\" content=\"2022-06-10T12:17:28+00:00\" \/>\n<meta property=\"og:image\" content=\"https:\/\/aacii.space\/wp-content\/uploads\/2021\/01\/ACCII-Space-Congress-Nuremberg-Header-5.jpg\" \/>\n\t<meta property=\"og:image:width\" content=\"1903\" \/>\n\t<meta property=\"og:image:height\" content=\"450\" \/>\n\t<meta property=\"og:image:type\" content=\"image\/jpeg\" \/>\n<meta name=\"twitter:card\" content=\"summary_large_image\" \/>\n<meta name=\"twitter:label1\" content=\"Dur\u00e9e de lecture estim\u00e9e\" \/>\n\t<meta name=\"twitter:data1\" content=\"2 minutes\" \/>\n<script type=\"application\/ld+json\" class=\"yoast-schema-graph\">{\"@context\":\"https:\/\/schema.org\",\"@graph\":[{\"@type\":\"WebPage\",\"@id\":\"https:\/\/aacii.space\/fr\/kongresstag\/\",\"url\":\"https:\/\/aacii.space\/fr\/kongresstag\/\",\"name\":\"PROGRAMM - AACII\",\"isPartOf\":{\"@id\":\"https:\/\/aacii.space\/#website\"},\"primaryImageOfPage\":{\"@id\":\"https:\/\/aacii.space\/fr\/kongresstag\/#primaryimage\"},\"image\":{\"@id\":\"https:\/\/aacii.space\/fr\/kongresstag\/#primaryimage\"},\"thumbnailUrl\":\"https:\/\/aacii.space\/wp-content\/uploads\/2021\/01\/ACCII-Space-Congress-Nuremberg-Header-5.jpg\",\"datePublished\":\"2020-12-05T12:35:58+00:00\",\"dateModified\":\"2022-06-10T12:17:28+00:00\",\"breadcrumb\":{\"@id\":\"https:\/\/aacii.space\/fr\/kongresstag\/#breadcrumb\"},\"inLanguage\":\"fr-FR\",\"potentialAction\":[{\"@type\":\"ReadAction\",\"target\":[\"https:\/\/aacii.space\/fr\/kongresstag\/\"]}]},{\"@type\":\"ImageObject\",\"inLanguage\":\"fr-FR\",\"@id\":\"https:\/\/aacii.space\/fr\/kongresstag\/#primaryimage\",\"url\":\"https:\/\/aacii.space\/wp-content\/uploads\/2021\/01\/ACCII-Space-Congress-Nuremberg-Header-5.jpg\",\"contentUrl\":\"https:\/\/aacii.space\/wp-content\/uploads\/2021\/01\/ACCII-Space-Congress-Nuremberg-Header-5.jpg\",\"width\":1903,\"height\":450},{\"@type\":\"BreadcrumbList\",\"@id\":\"https:\/\/aacii.space\/fr\/kongresstag\/#breadcrumb\",\"itemListElement\":[{\"@type\":\"ListItem\",\"position\":1,\"name\":\"Startseite\",\"item\":\"https:\/\/aacii.space\/fr\/\"},{\"@type\":\"ListItem\",\"position\":2,\"name\":\"PROGRAMM\"}]},{\"@type\":\"WebSite\",\"@id\":\"https:\/\/aacii.space\/#website\",\"url\":\"https:\/\/aacii.space\/\",\"name\":\"AACII\",\"description\":\"AVIATION AEROSPACE INTERNATIONAL INTERDISCIPLINARY CONGRESS\",\"potentialAction\":[{\"@type\":\"SearchAction\",\"target\":{\"@type\":\"EntryPoint\",\"urlTemplate\":\"https:\/\/aacii.space\/?s={search_term_string}\"},\"query-input\":{\"@type\":\"PropertyValueSpecification\",\"valueRequired\":true,\"valueName\":\"search_term_string\"}}],\"inLanguage\":\"fr-FR\"}]}<\/script>\n<!-- \/ Yoast SEO Premium plugin. -->","yoast_head_json":{"title":"PROGRAMM - AACII","robots":{"index":"index","follow":"follow","max-snippet":"max-snippet:-1","max-image-preview":"max-image-preview:large","max-video-preview":"max-video-preview:-1"},"canonical":"https:\/\/aacii.space\/fr\/kongresstag\/","og_locale":"fr_FR","og_type":"article","og_title":"PROGRAMM","og_description":"Das erwartet Sie auf dem Kongress Das \u201cWho is Who\u201c des gesamten Luft- und Raumfahrtsektors trifft sich, um die besten und neuesten Technologien f\u00fcr den gesamten Sektor der \u00d6ffentlichkeit vorzustellen. Aussteller aus folgenden Branchen stellen aus: Flugh\u00e4fen, Fluglinien, Satellitenhersteller und Betreiber, Logistik, Architekten, Flughafenplaner, Urban Air Mobility mit neuen Konzepten, [...]weiterlesen &raquo;","og_url":"https:\/\/aacii.space\/fr\/kongresstag\/","og_site_name":"AACII","article_modified_time":"2022-06-10T12:17:28+00:00","og_image":[{"width":1903,"height":450,"url":"https:\/\/aacii.space\/wp-content\/uploads\/2021\/01\/ACCII-Space-Congress-Nuremberg-Header-5.jpg","type":"image\/jpeg"}],"twitter_card":"summary_large_image","twitter_misc":{"Dur\u00e9e de lecture estim\u00e9e":"2 minutes"},"schema":{"@context":"https:\/\/schema.org","@graph":[{"@type":"WebPage","@id":"https:\/\/aacii.space\/fr\/kongresstag\/","url":"https:\/\/aacii.space\/fr\/kongresstag\/","name":"PROGRAMM - AACII","isPartOf":{"@id":"https:\/\/aacii.space\/#website"},"primaryImageOfPage":{"@id":"https:\/\/aacii.space\/fr\/kongresstag\/#primaryimage"},"image":{"@id":"https:\/\/aacii.space\/fr\/kongresstag\/#primaryimage"},"thumbnailUrl":"https:\/\/aacii.space\/wp-content\/uploads\/2021\/01\/ACCII-Space-Congress-Nuremberg-Header-5.jpg","datePublished":"2020-12-05T12:35:58+00:00","dateModified":"2022-06-10T12:17:28+00:00","breadcrumb":{"@id":"https:\/\/aacii.space\/fr\/kongresstag\/#breadcrumb"},"inLanguage":"fr-FR","potentialAction":[{"@type":"ReadAction","target":["https:\/\/aacii.space\/fr\/kongresstag\/"]}]},{"@type":"ImageObject","inLanguage":"fr-FR","@id":"https:\/\/aacii.space\/fr\/kongresstag\/#primaryimage","url":"https:\/\/aacii.space\/wp-content\/uploads\/2021\/01\/ACCII-Space-Congress-Nuremberg-Header-5.jpg","contentUrl":"https:\/\/aacii.space\/wp-content\/uploads\/2021\/01\/ACCII-Space-Congress-Nuremberg-Header-5.jpg","width":1903,"height":450},{"@type":"BreadcrumbList","@id":"https:\/\/aacii.space\/fr\/kongresstag\/#breadcrumb","itemListElement":[{"@type":"ListItem","position":1,"name":"Startseite","item":"https:\/\/aacii.space\/fr\/"},{"@type":"ListItem","position":2,"name":"PROGRAMM"}]},{"@type":"WebSite","@id":"https:\/\/aacii.space\/#website","url":"https:\/\/aacii.space\/","name":"AACII","description":"AVIATION AEROSPACE INTERNATIONAL INTERDISCIPLINARY CONGRESS","potentialAction":[{"@type":"SearchAction","target":{"@type":"EntryPoint","urlTemplate":"https:\/\/aacii.space\/?s={search_term_string}"},"query-input":{"@type":"PropertyValueSpecification","valueRequired":true,"valueName":"search_term_string"}}],"inLanguage":"fr-FR"}]}},"_links":{"self":[{"href":"https:\/\/aacii.space\/fr\/wp-json\/wp\/v2\/pages\/3004","targetHints":{"allow":["GET"]}}],"collection":[{"href":"https:\/\/aacii.space\/fr\/wp-json\/wp\/v2\/pages"}],"about":[{"href":"https:\/\/aacii.space\/fr\/wp-json\/wp\/v2\/types\/page"}],"author":[{"embeddable":true,"href":"https:\/\/aacii.space\/fr\/wp-json\/wp\/v2\/users\/1"}],"replies":[{"embeddable":true,"href":"https:\/\/aacii.space\/fr\/wp-json\/wp\/v2\/comments?post=3004"}],"version-history":[{"count":1,"href":"https:\/\/aacii.space\/fr\/wp-json\/wp\/v2\/pages\/3004\/revisions"}],"predecessor-version":[{"id":3015,"href":"https:\/\/aacii.space\/fr\/wp-json\/wp\/v2\/pages\/3004\/revisions\/3015"}],"wp:featuredmedia":[{"embeddable":true,"href":"https:\/\/aacii.space\/fr\/wp-json\/wp\/v2\/media\/948"}],"wp:attachment":[{"href":"https:\/\/aacii.space\/fr\/wp-json\/wp\/v2\/media?parent=3004"}],"curies":[{"name":"wp","href":"https:\/\/api.w.org\/{rel}","templated":true}]}}