{"id":2540,"date":"2021-02-21T22:32:47","date_gmt":"2021-02-21T21:32:47","guid":{"rendered":"https:\/\/aacii.space\/prix-special-de-laacii\/"},"modified":"2023-03-22T14:58:23","modified_gmt":"2023-03-22T13:58:23","slug":"reseau","status":"publish","type":"page","link":"https:\/\/aacii.space\/fr\/reseau\/","title":{"rendered":"R\u00e9seau"},"content":{"rendered":"<div class=\"chapter-heading\">Sur cette page, nous ne voulons pas vous cacher des entreprises et des institutions int\u00e9ressantes li\u00e9es \u00e0 l&rsquo;a\u00e9rospatiale et \u00e0 l&rsquo;espace et nous sommes heureux de cr\u00e9er des liens et de signaler.<\/div>\n<p>&nbsp;<\/p>\n<p>&nbsp;<\/p>\n<ul>\n<li>Futurs pilotes Nuremberg:<br \/>\n&nbsp;<br \/>\n<a href=\"https:\/\/www.vdi-bno.de\/vdi-vor-ort\/zukunftspiloten\"><img loading=\"lazy\" decoding=\"async\" class=\"size-medium wp-image-5194 alignleft\" src=\"https:\/\/aacii.space\/wp-content\/uploads\/2023\/01\/Zukunftspiloten-300x146.jpg\" alt=\"\" width=\"300\" height=\"146\" srcset=\"https:\/\/aacii.space\/wp-content\/uploads\/2023\/01\/Zukunftspiloten-300x146.jpg 300w, https:\/\/aacii.space\/wp-content\/uploads\/2023\/01\/Zukunftspiloten-1024x499.jpg 1024w, https:\/\/aacii.space\/wp-content\/uploads\/2023\/01\/Zukunftspiloten-768x375.jpg 768w, https:\/\/aacii.space\/wp-content\/uploads\/2023\/01\/Zukunftspiloten.jpg 1181w\" sizes=\"auto, (max-width: 300px) 100vw, 300px\" \/><\/a><strong>Au VDI FUTURE PILOT de Nuremberg<\/strong><br \/>\nles jeunes font face aux d\u00e9fis sociaux et technologiques de notre temps, tels que la protection de l&rsquo;environnement et du climat, l&rsquo;efficacit\u00e9 \u00e9nerg\u00e9tique et la qualit\u00e9 de vie, dans le cadre de r\u00e9unions de clubs et d&rsquo;activit\u00e9s communes. Le but : d\u00e9couvrir ensemble comment trouver de nouvelles r\u00e9ponses aux grandes questions.<br \/>\n<strong>Florian M\u00fcller est le directeur du club.<\/strong> Depuis 2013, il travaille comme ing\u00e9nieur chimiste dans une entreprise de taille moyenne de la r\u00e9gion m\u00e9tropolitaine de Nuremberg. Il est \u00e9galement actif aupr\u00e8s des \u00e9tudiants et des jeunes ing\u00e9nieurs depuis plusieurs ann\u00e9es.<br \/>\n<a href=\"https:\/\/www.vdi-bno.de\/vdi-vor-ort\/zukunftspiloten\">Futurs pilotes Nuremberg<\/a><\/li>\n<\/ul>\n<p>&nbsp;<br \/>\n&nbsp;<br \/>\n&nbsp;<\/p>\n<ul>\n<li>Groupe de district DGLR W\u00fcrzburg:<br \/>\n&nbsp;<br \/>\n<a href=\"https:\/\/www.dglr.de\/vernetzen\/bezirksgruppen\/wuerzburg\/\"><img loading=\"lazy\" decoding=\"async\" class=\"alignleft size-full wp-image-5484\" src=\"https:\/\/aacii.space\/wp-content\/uploads\/2023\/02\/Bildschirmfoto-2023-02-12-um-18.05.11.png\" alt=\"\" width=\"672\" height=\"234\" srcset=\"https:\/\/aacii.space\/wp-content\/uploads\/2023\/02\/Bildschirmfoto-2023-02-12-um-18.05.11.png 672w, https:\/\/aacii.space\/wp-content\/uploads\/2023\/02\/Bildschirmfoto-2023-02-12-um-18.05.11-300x104.png 300w\" sizes=\"auto, (max-width: 672px) 100vw, 672px\" \/><\/a><strong>Le groupe de district DGLR \u00e0 W\u00fcrzburg<\/strong> es&rsquo;engage pour l&rsquo;a\u00e9rospatiale en Franconie. Des rencontres r\u00e9guli\u00e8res sont organis\u00e9es. L&rsquo;attention est \u00e9galement attir\u00e9e sur les \u00e9v\u00e9nements du secteur a\u00e9rospatial. \u00c0 l&rsquo;avenir, des \u00e9v\u00e9nements propres seront \u00e9galement planifi\u00e9s. Si int\u00e9ress\u00e9: <a href=\"https:\/\/www.dglr.de\/vernetzen\/bezirksgruppen\/wuerzburg\/\">Groupe de district DGLR W\u00fcrzburg:<\/a><\/li>\n<\/ul>\n","protected":false},"excerpt":{"rendered":"<p>Sur cette page, nous ne voulons pas vous cacher des entreprises et des institutions int\u00e9ressantes li\u00e9es \u00e0 l&rsquo;a\u00e9rospatiale et \u00e0 l&rsquo;espace et nous sommes heureux de cr\u00e9er des liens et de signaler. &nbsp; &nbsp; Futurs pilotes Nuremberg: &nbsp; Au VDI FUTURE PILOT de Nuremberg les jeunes font face aux d\u00e9fis [&#8230;]<a href=\"https:\/\/aacii.space\/fr\/reseau\/\"><br \/>weiterlesen &raquo;<\/a><\/p>\n","protected":false},"author":1,"featured_media":950,"parent":0,"menu_order":0,"comment_status":"closed","ping_status":"closed","template":"","meta":{"kia_subtitle":"","ngg_post_thumbnail":0,"footnotes":""},"class_list":["post-2540","page","type-page","status-publish","has-post-thumbnail","hentry"],"yoast_head":"<!-- This site is optimized with the Yoast SEO Premium plugin v27.2 (Yoast SEO v27.2) - https:\/\/yoast.com\/product\/yoast-seo-premium-wordpress\/ -->\n<title>R\u00e9seau - AACII<\/title>\n<meta name=\"robots\" content=\"index, follow, max-snippet:-1, max-image-preview:large, max-video-preview:-1\" \/>\n<link rel=\"canonical\" href=\"https:\/\/aacii.space\/fr\/reseau\/\" \/>\n<meta property=\"og:locale\" content=\"fr_FR\" \/>\n<meta property=\"og:type\" content=\"article\" \/>\n<meta property=\"og:title\" content=\"R\u00e9seau\" \/>\n<meta property=\"og:description\" content=\"Sur cette page, nous ne voulons pas vous cacher des entreprises et des institutions int\u00e9ressantes li\u00e9es \u00e0 l&rsquo;a\u00e9rospatiale et \u00e0 l&rsquo;espace et nous sommes heureux de cr\u00e9er des liens et de signaler. &nbsp; &nbsp; Futurs pilotes Nuremberg: &nbsp; Au VDI FUTURE PILOT de Nuremberg les jeunes font face aux d\u00e9fis [...]weiterlesen &raquo;\" \/>\n<meta property=\"og:url\" content=\"https:\/\/aacii.space\/fr\/reseau\/\" \/>\n<meta property=\"og:site_name\" content=\"AACII\" \/>\n<meta property=\"article:modified_time\" content=\"2023-03-22T13:58:23+00:00\" \/>\n<meta property=\"og:image\" content=\"https:\/\/aacii.space\/wp-content\/uploads\/2021\/01\/ACCII-Space-Congress-Nuremberg-Header-5.jpg\" \/>\n\t<meta property=\"og:image:width\" content=\"1903\" \/>\n\t<meta property=\"og:image:height\" content=\"450\" \/>\n\t<meta property=\"og:image:type\" content=\"image\/jpeg\" \/>\n<meta name=\"twitter:card\" content=\"summary_large_image\" \/>\n<meta name=\"twitter:label1\" content=\"Dur\u00e9e de lecture estim\u00e9e\" \/>\n\t<meta name=\"twitter:data1\" content=\"2 minutes\" \/>\n<script type=\"application\/ld+json\" class=\"yoast-schema-graph\">{\"@context\":\"https:\/\/schema.org\",\"@graph\":[{\"@type\":\"WebPage\",\"@id\":\"https:\/\/aacii.space\/fr\/reseau\/\",\"url\":\"https:\/\/aacii.space\/fr\/reseau\/\",\"name\":\"R\u00e9seau - AACII\",\"isPartOf\":{\"@id\":\"https:\/\/aacii.space\/#website\"},\"primaryImageOfPage\":{\"@id\":\"https:\/\/aacii.space\/fr\/reseau\/#primaryimage\"},\"image\":{\"@id\":\"https:\/\/aacii.space\/fr\/reseau\/#primaryimage\"},\"thumbnailUrl\":\"https:\/\/aacii.space\/wp-content\/uploads\/2021\/01\/ACCII-Space-Congress-Nuremberg-Header-5.jpg\",\"datePublished\":\"2021-02-21T21:32:47+00:00\",\"dateModified\":\"2023-03-22T13:58:23+00:00\",\"breadcrumb\":{\"@id\":\"https:\/\/aacii.space\/fr\/reseau\/#breadcrumb\"},\"inLanguage\":\"fr-FR\",\"potentialAction\":[{\"@type\":\"ReadAction\",\"target\":[\"https:\/\/aacii.space\/fr\/reseau\/\"]}]},{\"@type\":\"ImageObject\",\"inLanguage\":\"fr-FR\",\"@id\":\"https:\/\/aacii.space\/fr\/reseau\/#primaryimage\",\"url\":\"https:\/\/aacii.space\/wp-content\/uploads\/2021\/01\/ACCII-Space-Congress-Nuremberg-Header-5.jpg\",\"contentUrl\":\"https:\/\/aacii.space\/wp-content\/uploads\/2021\/01\/ACCII-Space-Congress-Nuremberg-Header-5.jpg\",\"width\":1903,\"height\":450},{\"@type\":\"BreadcrumbList\",\"@id\":\"https:\/\/aacii.space\/fr\/reseau\/#breadcrumb\",\"itemListElement\":[{\"@type\":\"ListItem\",\"position\":1,\"name\":\"Startseite\",\"item\":\"https:\/\/aacii.space\/fr\/\"},{\"@type\":\"ListItem\",\"position\":2,\"name\":\"R\u00e9seau\"}]},{\"@type\":\"WebSite\",\"@id\":\"https:\/\/aacii.space\/#website\",\"url\":\"https:\/\/aacii.space\/\",\"name\":\"AACII\",\"description\":\"AVIATION AEROSPACE INTERNATIONAL INTERDISCIPLINARY CONGRESS\",\"potentialAction\":[{\"@type\":\"SearchAction\",\"target\":{\"@type\":\"EntryPoint\",\"urlTemplate\":\"https:\/\/aacii.space\/?s={search_term_string}\"},\"query-input\":{\"@type\":\"PropertyValueSpecification\",\"valueRequired\":true,\"valueName\":\"search_term_string\"}}],\"inLanguage\":\"fr-FR\"}]}<\/script>\n<!-- \/ Yoast SEO Premium plugin. -->","yoast_head_json":{"title":"R\u00e9seau - AACII","robots":{"index":"index","follow":"follow","max-snippet":"max-snippet:-1","max-image-preview":"max-image-preview:large","max-video-preview":"max-video-preview:-1"},"canonical":"https:\/\/aacii.space\/fr\/reseau\/","og_locale":"fr_FR","og_type":"article","og_title":"R\u00e9seau","og_description":"Sur cette page, nous ne voulons pas vous cacher des entreprises et des institutions int\u00e9ressantes li\u00e9es \u00e0 l&rsquo;a\u00e9rospatiale et \u00e0 l&rsquo;espace et nous sommes heureux de cr\u00e9er des liens et de signaler. &nbsp; &nbsp; Futurs pilotes Nuremberg: &nbsp; Au VDI FUTURE PILOT de Nuremberg les jeunes font face aux d\u00e9fis [...]weiterlesen &raquo;","og_url":"https:\/\/aacii.space\/fr\/reseau\/","og_site_name":"AACII","article_modified_time":"2023-03-22T13:58:23+00:00","og_image":[{"width":1903,"height":450,"url":"https:\/\/aacii.space\/wp-content\/uploads\/2021\/01\/ACCII-Space-Congress-Nuremberg-Header-5.jpg","type":"image\/jpeg"}],"twitter_card":"summary_large_image","twitter_misc":{"Dur\u00e9e de lecture estim\u00e9e":"2 minutes"},"schema":{"@context":"https:\/\/schema.org","@graph":[{"@type":"WebPage","@id":"https:\/\/aacii.space\/fr\/reseau\/","url":"https:\/\/aacii.space\/fr\/reseau\/","name":"R\u00e9seau - AACII","isPartOf":{"@id":"https:\/\/aacii.space\/#website"},"primaryImageOfPage":{"@id":"https:\/\/aacii.space\/fr\/reseau\/#primaryimage"},"image":{"@id":"https:\/\/aacii.space\/fr\/reseau\/#primaryimage"},"thumbnailUrl":"https:\/\/aacii.space\/wp-content\/uploads\/2021\/01\/ACCII-Space-Congress-Nuremberg-Header-5.jpg","datePublished":"2021-02-21T21:32:47+00:00","dateModified":"2023-03-22T13:58:23+00:00","breadcrumb":{"@id":"https:\/\/aacii.space\/fr\/reseau\/#breadcrumb"},"inLanguage":"fr-FR","potentialAction":[{"@type":"ReadAction","target":["https:\/\/aacii.space\/fr\/reseau\/"]}]},{"@type":"ImageObject","inLanguage":"fr-FR","@id":"https:\/\/aacii.space\/fr\/reseau\/#primaryimage","url":"https:\/\/aacii.space\/wp-content\/uploads\/2021\/01\/ACCII-Space-Congress-Nuremberg-Header-5.jpg","contentUrl":"https:\/\/aacii.space\/wp-content\/uploads\/2021\/01\/ACCII-Space-Congress-Nuremberg-Header-5.jpg","width":1903,"height":450},{"@type":"BreadcrumbList","@id":"https:\/\/aacii.space\/fr\/reseau\/#breadcrumb","itemListElement":[{"@type":"ListItem","position":1,"name":"Startseite","item":"https:\/\/aacii.space\/fr\/"},{"@type":"ListItem","position":2,"name":"R\u00e9seau"}]},{"@type":"WebSite","@id":"https:\/\/aacii.space\/#website","url":"https:\/\/aacii.space\/","name":"AACII","description":"AVIATION AEROSPACE INTERNATIONAL INTERDISCIPLINARY CONGRESS","potentialAction":[{"@type":"SearchAction","target":{"@type":"EntryPoint","urlTemplate":"https:\/\/aacii.space\/?s={search_term_string}"},"query-input":{"@type":"PropertyValueSpecification","valueRequired":true,"valueName":"search_term_string"}}],"inLanguage":"fr-FR"}]}},"_links":{"self":[{"href":"https:\/\/aacii.space\/fr\/wp-json\/wp\/v2\/pages\/2540","targetHints":{"allow":["GET"]}}],"collection":[{"href":"https:\/\/aacii.space\/fr\/wp-json\/wp\/v2\/pages"}],"about":[{"href":"https:\/\/aacii.space\/fr\/wp-json\/wp\/v2\/types\/page"}],"author":[{"embeddable":true,"href":"https:\/\/aacii.space\/fr\/wp-json\/wp\/v2\/users\/1"}],"replies":[{"embeddable":true,"href":"https:\/\/aacii.space\/fr\/wp-json\/wp\/v2\/comments?post=2540"}],"version-history":[{"count":5,"href":"https:\/\/aacii.space\/fr\/wp-json\/wp\/v2\/pages\/2540\/revisions"}],"predecessor-version":[{"id":6125,"href":"https:\/\/aacii.space\/fr\/wp-json\/wp\/v2\/pages\/2540\/revisions\/6125"}],"wp:featuredmedia":[{"embeddable":true,"href":"https:\/\/aacii.space\/fr\/wp-json\/wp\/v2\/media\/950"}],"wp:attachment":[{"href":"https:\/\/aacii.space\/fr\/wp-json\/wp\/v2\/media?parent=2540"}],"curies":[{"name":"wp","href":"https:\/\/api.w.org\/{rel}","templated":true}]}}