{"id":1069,"date":"2021-02-21T23:01:10","date_gmt":"2021-02-21T23:01:10","guid":{"rendered":"https:\/\/aacii.space\/plan-du-hall\/"},"modified":"2021-11-24T21:32:05","modified_gmt":"2021-11-24T21:32:05","slug":"plan-du-hall","status":"publish","type":"page","link":"https:\/\/aacii.space\/fr\/plan-du-hall\/","title":{"rendered":"PLAN DU HALL"},"content":{"rendered":"<p class=\"chapter-heading\">Grand Foyer &#8211; Entr\u00e9e Ouest (West Eingang) Messe N\u00fcrnberg<\/p>\n<div class=\"flex-content\">\n<div class=\"double-content\"><img decoding=\"async\" src=\"https:\/\/aacii.space\/wp-content\/uploads\/2020\/12\/Aviation-Aerospace-Empfangshalle-Eingang-West.jpg\"><\/p>\n<p class=\"img-source\">Source: MesseN\u00fcrnberg GmbH<\/p>\n<\/div>\n<div class=\"double-content\"><img decoding=\"async\" src=\"https:\/\/aacii.space\/wp-content\/uploads\/2020\/12\/EGHalle-grundriss.jpg\"><\/p>\n<p class=\"img-source\">Source: MesseN\u00fcrnberg GmbH<\/p>\n<\/div>\n<\/div>\n<p>Le hall de r\u00e9ception est r\u00e9serv\u00e9 aux parcs \u00e0 th\u00e8mes \u00e0 partir de 20 m\u00b2.<br \/>\nA l\u2019entr\u00e9e principale, vous avez la possibilit\u00e9 d\u2019enregistrer votre code QR.<\/p>\n<p>&nbsp;<\/p>\n<div><img decoding=\"async\" src=\"https:\/\/aacii.space\/wp-content\/uploads\/2020\/12\/Aviation-Aerospace-messe_inne.jpg\" height=\"332px\"><\/p>\n<p class=\"img-source\">Source: MesseN\u00fcrnberg GmbH<\/p>\n<\/div>\n<\/div>\n<p>Vues int\u00e9rieures du hall 12<\/p>\n","protected":false},"excerpt":{"rendered":"<p>Grand Foyer &#8211; Entr\u00e9e Ouest (West Eingang) Messe N\u00fcrnberg Source: MesseN\u00fcrnberg GmbH Source: MesseN\u00fcrnberg GmbH Le hall de r\u00e9ception est r\u00e9serv\u00e9 aux parcs \u00e0 th\u00e8mes \u00e0 partir de 20 m\u00b2. A l\u2019entr\u00e9e principale, vous avez la possibilit\u00e9 d\u2019enregistrer votre code QR. &nbsp; Source: MesseN\u00fcrnberg GmbH Vues int\u00e9rieures du hall 12<\/p>\n","protected":false},"author":1,"featured_media":950,"parent":0,"menu_order":0,"comment_status":"closed","ping_status":"closed","template":"","meta":{"kia_subtitle":"","ngg_post_thumbnail":0,"footnotes":""},"class_list":["post-1069","page","type-page","status-publish","has-post-thumbnail","hentry"],"yoast_head":"<!-- This site is optimized with the Yoast SEO Premium plugin v27.2 (Yoast SEO v27.2) - https:\/\/yoast.com\/product\/yoast-seo-premium-wordpress\/ -->\n<title>PLAN DU HALL - AACII<\/title>\n<meta name=\"robots\" content=\"index, follow, max-snippet:-1, max-image-preview:large, max-video-preview:-1\" \/>\n<link rel=\"canonical\" href=\"https:\/\/aacii.space\/fr\/plan-du-hall\/\" \/>\n<meta property=\"og:locale\" content=\"fr_FR\" \/>\n<meta property=\"og:type\" content=\"article\" \/>\n<meta property=\"og:title\" content=\"PLAN DU HALL\" \/>\n<meta property=\"og:description\" content=\"Grand Foyer &#8211; Entr\u00e9e Ouest (West Eingang) Messe N\u00fcrnberg Source: MesseN\u00fcrnberg GmbH Source: MesseN\u00fcrnberg GmbH Le hall de r\u00e9ception est r\u00e9serv\u00e9 aux parcs \u00e0 th\u00e8mes \u00e0 partir de 20 m\u00b2. A l\u2019entr\u00e9e principale, vous avez la possibilit\u00e9 d\u2019enregistrer votre code QR. &nbsp; Source: MesseN\u00fcrnberg GmbH Vues int\u00e9rieures du hall 12\" \/>\n<meta property=\"og:url\" content=\"https:\/\/aacii.space\/fr\/plan-du-hall\/\" \/>\n<meta property=\"og:site_name\" content=\"AACII\" \/>\n<meta property=\"article:modified_time\" content=\"2021-11-24T21:32:05+00:00\" \/>\n<meta property=\"og:image\" content=\"https:\/\/aacii.space\/wp-content\/uploads\/2021\/01\/ACCII-Space-Congress-Nuremberg-Header-5.jpg\" \/>\n\t<meta property=\"og:image:width\" content=\"1903\" \/>\n\t<meta property=\"og:image:height\" content=\"450\" \/>\n\t<meta property=\"og:image:type\" content=\"image\/jpeg\" \/>\n<meta name=\"twitter:card\" content=\"summary_large_image\" \/>\n<script type=\"application\/ld+json\" class=\"yoast-schema-graph\">{\"@context\":\"https:\/\/schema.org\",\"@graph\":[{\"@type\":\"WebPage\",\"@id\":\"https:\/\/aacii.space\/fr\/plan-du-hall\/\",\"url\":\"https:\/\/aacii.space\/fr\/plan-du-hall\/\",\"name\":\"PLAN DU HALL - AACII\",\"isPartOf\":{\"@id\":\"https:\/\/aacii.space\/#website\"},\"primaryImageOfPage\":{\"@id\":\"https:\/\/aacii.space\/fr\/plan-du-hall\/#primaryimage\"},\"image\":{\"@id\":\"https:\/\/aacii.space\/fr\/plan-du-hall\/#primaryimage\"},\"thumbnailUrl\":\"https:\/\/aacii.space\/wp-content\/uploads\/2021\/01\/ACCII-Space-Congress-Nuremberg-Header-5.jpg\",\"datePublished\":\"2021-02-21T23:01:10+00:00\",\"dateModified\":\"2021-11-24T21:32:05+00:00\",\"breadcrumb\":{\"@id\":\"https:\/\/aacii.space\/fr\/plan-du-hall\/#breadcrumb\"},\"inLanguage\":\"fr-FR\",\"potentialAction\":[{\"@type\":\"ReadAction\",\"target\":[\"https:\/\/aacii.space\/fr\/plan-du-hall\/\"]}]},{\"@type\":\"ImageObject\",\"inLanguage\":\"fr-FR\",\"@id\":\"https:\/\/aacii.space\/fr\/plan-du-hall\/#primaryimage\",\"url\":\"https:\/\/aacii.space\/wp-content\/uploads\/2021\/01\/ACCII-Space-Congress-Nuremberg-Header-5.jpg\",\"contentUrl\":\"https:\/\/aacii.space\/wp-content\/uploads\/2021\/01\/ACCII-Space-Congress-Nuremberg-Header-5.jpg\",\"width\":1903,\"height\":450},{\"@type\":\"BreadcrumbList\",\"@id\":\"https:\/\/aacii.space\/fr\/plan-du-hall\/#breadcrumb\",\"itemListElement\":[{\"@type\":\"ListItem\",\"position\":1,\"name\":\"Startseite\",\"item\":\"https:\/\/aacii.space\/fr\/\"},{\"@type\":\"ListItem\",\"position\":2,\"name\":\"PLAN DU HALL\"}]},{\"@type\":\"WebSite\",\"@id\":\"https:\/\/aacii.space\/#website\",\"url\":\"https:\/\/aacii.space\/\",\"name\":\"AACII\",\"description\":\"AVIATION AEROSPACE INTERNATIONAL INTERDISCIPLINARY CONGRESS\",\"potentialAction\":[{\"@type\":\"SearchAction\",\"target\":{\"@type\":\"EntryPoint\",\"urlTemplate\":\"https:\/\/aacii.space\/?s={search_term_string}\"},\"query-input\":{\"@type\":\"PropertyValueSpecification\",\"valueRequired\":true,\"valueName\":\"search_term_string\"}}],\"inLanguage\":\"fr-FR\"}]}<\/script>\n<!-- \/ Yoast SEO Premium plugin. -->","yoast_head_json":{"title":"PLAN DU HALL - AACII","robots":{"index":"index","follow":"follow","max-snippet":"max-snippet:-1","max-image-preview":"max-image-preview:large","max-video-preview":"max-video-preview:-1"},"canonical":"https:\/\/aacii.space\/fr\/plan-du-hall\/","og_locale":"fr_FR","og_type":"article","og_title":"PLAN DU HALL","og_description":"Grand Foyer &#8211; Entr\u00e9e Ouest (West Eingang) Messe N\u00fcrnberg Source: MesseN\u00fcrnberg GmbH Source: MesseN\u00fcrnberg GmbH Le hall de r\u00e9ception est r\u00e9serv\u00e9 aux parcs \u00e0 th\u00e8mes \u00e0 partir de 20 m\u00b2. A l\u2019entr\u00e9e principale, vous avez la possibilit\u00e9 d\u2019enregistrer votre code QR. &nbsp; Source: MesseN\u00fcrnberg GmbH Vues int\u00e9rieures du hall 12","og_url":"https:\/\/aacii.space\/fr\/plan-du-hall\/","og_site_name":"AACII","article_modified_time":"2021-11-24T21:32:05+00:00","og_image":[{"width":1903,"height":450,"url":"https:\/\/aacii.space\/wp-content\/uploads\/2021\/01\/ACCII-Space-Congress-Nuremberg-Header-5.jpg","type":"image\/jpeg"}],"twitter_card":"summary_large_image","schema":{"@context":"https:\/\/schema.org","@graph":[{"@type":"WebPage","@id":"https:\/\/aacii.space\/fr\/plan-du-hall\/","url":"https:\/\/aacii.space\/fr\/plan-du-hall\/","name":"PLAN DU HALL - AACII","isPartOf":{"@id":"https:\/\/aacii.space\/#website"},"primaryImageOfPage":{"@id":"https:\/\/aacii.space\/fr\/plan-du-hall\/#primaryimage"},"image":{"@id":"https:\/\/aacii.space\/fr\/plan-du-hall\/#primaryimage"},"thumbnailUrl":"https:\/\/aacii.space\/wp-content\/uploads\/2021\/01\/ACCII-Space-Congress-Nuremberg-Header-5.jpg","datePublished":"2021-02-21T23:01:10+00:00","dateModified":"2021-11-24T21:32:05+00:00","breadcrumb":{"@id":"https:\/\/aacii.space\/fr\/plan-du-hall\/#breadcrumb"},"inLanguage":"fr-FR","potentialAction":[{"@type":"ReadAction","target":["https:\/\/aacii.space\/fr\/plan-du-hall\/"]}]},{"@type":"ImageObject","inLanguage":"fr-FR","@id":"https:\/\/aacii.space\/fr\/plan-du-hall\/#primaryimage","url":"https:\/\/aacii.space\/wp-content\/uploads\/2021\/01\/ACCII-Space-Congress-Nuremberg-Header-5.jpg","contentUrl":"https:\/\/aacii.space\/wp-content\/uploads\/2021\/01\/ACCII-Space-Congress-Nuremberg-Header-5.jpg","width":1903,"height":450},{"@type":"BreadcrumbList","@id":"https:\/\/aacii.space\/fr\/plan-du-hall\/#breadcrumb","itemListElement":[{"@type":"ListItem","position":1,"name":"Startseite","item":"https:\/\/aacii.space\/fr\/"},{"@type":"ListItem","position":2,"name":"PLAN DU HALL"}]},{"@type":"WebSite","@id":"https:\/\/aacii.space\/#website","url":"https:\/\/aacii.space\/","name":"AACII","description":"AVIATION AEROSPACE INTERNATIONAL INTERDISCIPLINARY CONGRESS","potentialAction":[{"@type":"SearchAction","target":{"@type":"EntryPoint","urlTemplate":"https:\/\/aacii.space\/?s={search_term_string}"},"query-input":{"@type":"PropertyValueSpecification","valueRequired":true,"valueName":"search_term_string"}}],"inLanguage":"fr-FR"}]}},"_links":{"self":[{"href":"https:\/\/aacii.space\/fr\/wp-json\/wp\/v2\/pages\/1069","targetHints":{"allow":["GET"]}}],"collection":[{"href":"https:\/\/aacii.space\/fr\/wp-json\/wp\/v2\/pages"}],"about":[{"href":"https:\/\/aacii.space\/fr\/wp-json\/wp\/v2\/types\/page"}],"author":[{"embeddable":true,"href":"https:\/\/aacii.space\/fr\/wp-json\/wp\/v2\/users\/1"}],"replies":[{"embeddable":true,"href":"https:\/\/aacii.space\/fr\/wp-json\/wp\/v2\/comments?post=1069"}],"version-history":[{"count":3,"href":"https:\/\/aacii.space\/fr\/wp-json\/wp\/v2\/pages\/1069\/revisions"}],"predecessor-version":[{"id":1720,"href":"https:\/\/aacii.space\/fr\/wp-json\/wp\/v2\/pages\/1069\/revisions\/1720"}],"wp:featuredmedia":[{"embeddable":true,"href":"https:\/\/aacii.space\/fr\/wp-json\/wp\/v2\/media\/950"}],"wp:attachment":[{"href":"https:\/\/aacii.space\/fr\/wp-json\/wp\/v2\/media?parent=1069"}],"curies":[{"name":"wp","href":"https:\/\/api.w.org\/{rel}","templated":true}]}}