{"id":1019,"date":"2021-02-21T18:32:29","date_gmt":"2021-02-21T18:32:29","guid":{"rendered":"https:\/\/aacii.space\/programme\/"},"modified":"2021-04-13T14:38:33","modified_gmt":"2021-04-13T14:38:33","slug":"programme","status":"publish","type":"page","link":"https:\/\/aacii.space\/fr\/programme\/","title":{"rendered":"PROGRAMME"},"content":{"rendered":"<div class=\"chapter-heading\">Qu\u2019attendre de cette exposition ?<\/div>\n<div class=\"flex-content\" style=\"align-items: center;\">\n<div class=\"three-quarters\">\n<p>Les acteurs les plus influents du secteur de l\u2019a\u00e9ronautique et de l\u2019a\u00e9rospatiale se donnent rendez-vous \u00e0 Nuremberg pour pr\u00e9senter au public les derni\u00e8res r\u00e9alisations et les technologies de pointe les plus innovantes dans ce domaine.<\/p>\n<div class=\"chapter-heading\">Les secteurs suivants seront repr\u00e9sent\u00e9s :<\/div>\n<p>A\u00e9roports, compagnies a\u00e9riennes, constructeurs et op\u00e9rateurs de satellites, soci\u00e9t\u00e9s de logistique, architectes, concepteurs d&rsquo;a\u00e9roports, de mobilit\u00e9 a\u00e9rienne et urbaine avec de nouveaux concepts, constructeurs de drones, de fus\u00e9es, industrie automobile et la nouvelle r\u00e9alit\u00e9, entre autres.<\/p>\n<p>Un grand nombre de ces exposants pr\u00e9senteront leurs concepts, leurs visions \u00e0 la recherche de coop\u00e9ration potentielle. Les sciences seront \u00e9galement repr\u00e9sent\u00e9es par des d\u00e9l\u00e9gu\u00e9s des grandes universit\u00e9s, des instituts, des mus\u00e9es et des arts innovatifs.<\/p>\n<div class=\"chapter-heading\">Comment nous d\u00e9placerons-nous demain en zone urbaine et en zone rurale ?<\/div>\n<p>L&rsquo;avenir commence aujourd&rsquo;hui. Des objets et inventions technologiques sont expos\u00e9s \u00e0 l\u2019ext\u00e9rieur. Dans le grand hall d\u2019entr\u00e9e, un groupe d\u2019artistes d\u00e9montrent de mani\u00e8re plaisante comment la symbiose de l\u2019Art et de l&rsquo;a\u00e9ronautique fa\u00e7onne notre l\u2019environnement en utilisant des hologrammes 3D et le son de l&rsquo;espace.<\/p>\n<\/div>\n<\/div>\n<section class=\"counters\">\n<div class=\"container\">\n<div id=\"participant\" class=\"box\">\n<p>&nbsp;<\/p>\n<div class=\"counter\" data-target=\"500\">0<\/div>\n<div class=\"counter-text\">Participants du monde entier<\/div>\n<\/div>\n<div id=\"exhibitors\" class=\"box\">\n<p>&nbsp;<\/p>\n<div class=\"counter\" data-target=\"50\">0<\/div>\n<div class=\"counter-text\">Pavillons repr\u00e9sentant environ 30 pays et 20 r\u00e9gions<\/div>\n<\/div>\n<div id=\"tech\" class=\"box\">\n<p>&nbsp;<\/p>\n<div class=\"counter\" data-target=\"10\">0<\/div>\n<div class=\"counter-text\">Grands parcs \u00e0 th\u00e8me sur les technologies nouvelles<\/div>\n<\/div>\n<div id=\"startups\" class=\"box\">\n<p>&nbsp;<\/p>\n<div><\/div>\n<div class=\"counter-text\">Avec la participation des start-ups les plus importantes, des principaux constructeurs a\u00e9ronautiques ainsi que des fournisseurs et des prestataires de services.<\/div>\n<\/div>\n<\/div>\n<\/section>\n<div class=\"three-quarters\">\n<div class=\"chapter-heading\" style=\"margin-bottom: 15px;\">Le programme vous guidera par \u00e9tapes \u00e0 travers le Congr\u00e8s &#8211; en direct avec les innovations des Sciences et de l\u2019Industrie. La langue du Congr\u00e8s est l\u2019anglais.<\/div>\n<div class=\"flex-content\">\n<ul style=\"width: 75%;\">\n<li>Devant l&rsquo;entr\u00e9e, exposition d\u2019objets provenant de voyages a\u00e9riens et spatiaux<\/li>\n<li>D\u00e8s l&rsquo;entr\u00e9e, vous verrez que la promotion des jeunes talents commence t\u00f4t : &#8211; des enfants de tous les continents, en combinaison d&rsquo;astronaute, les \u201cAstro-Kids\u201d, vous accompagneront \u00e0 l&rsquo;enregistrement ainsi qu\u2019au \u201cAstro Aviation Shop\u201d.<\/li>\n<li>des \u00e9tudiants s\u00e9lectionn\u00e9s en a\u00e9ronautique et a\u00e9rospatiale , de tous les pays, vous remettront le programme, vous orienteront vers les 50 pavillons et les parcs th\u00e9matiques, en passant par le show technologique sur les objets volants \u201cRunway for new Flying Objects\u201d pour arriver au spectaculaire \u201cGrand Space Parc\u201d dans la cour int\u00e9rieure.<\/li>\n<li>Le Congr\u00e8s sera un lieu de rencontre avec de nombreuses personnalit\u00e9s de l&rsquo;industrie a\u00e9rospatiale. Il accueillera des astronautes de renom, des d\u00e9cideurs du monde des affaires, des sciences, de la politique, de l&rsquo;\u00e9ducation, de la diplomatie, des repr\u00e9sentants de pays, de r\u00e9gions et de domaines diff\u00e9rents ainsi que des innovateurs et des experts en a\u00e9rospatiale.<\/li>\n<\/ul>\n<p><img decoding=\"async\" class=\"text-image\" src=\"https:\/\/aacii.space\/wp-content\/uploads\/2020\/12\/Aviation-Aerospace-vor-der-messe-westeingang.jpg\" \/><\/p>\n<\/div>\n<ul>\n<li>La plateforme B2B vous surprendra agr\u00e9ablement par ses possibilit\u00e9s: sur simple demande, vous pourrez r\u00e9server \u00e0 l\u2019avance des rencontres personnalis\u00e9es, des interviews, des s\u00e9ances photos, des vid\u00e9os en conformit\u00e9 avec des donn\u00e9es \u00e9crites.<\/li>\n<li>vid\u00e9os en conformit\u00e9 avec des donn\u00e9es \u00e9crites. De m\u00eame, \u00e0 votre demande, des r\u00e9unions et des entretiens individuels peuvent \u00eatre organis\u00e9s sp\u00e9cialement pour vous.<\/li>\n<\/ul>\n<div class=\"chapter-heading\">Les pays suivants sont repr\u00e9sent\u00e9s:<\/div>\n<p>Allemagne, Australie, Autriche, Belgique, Canada, Emirats, Angleterre, France, Inde, Italie, Japon, Kazakhstan, Kowe\u00eft, Luxembourg, Pays-Bas, Norv\u00e8ge, Qatar, R\u00e9publique tch\u00e8que, Russie, Slovaquie, Espagne, Arabie saoudite, \u00c9tats-Unis, Ukraine et autres.<\/p>\n<\/div>\n","protected":false},"excerpt":{"rendered":"<p>Qu\u2019attendre de cette exposition ? Les acteurs les plus influents du secteur de l\u2019a\u00e9ronautique et de l\u2019a\u00e9rospatiale se donnent rendez-vous \u00e0 Nuremberg pour pr\u00e9senter au public les derni\u00e8res r\u00e9alisations et les technologies de pointe les plus innovantes dans ce domaine. Les secteurs suivants seront repr\u00e9sent\u00e9s : A\u00e9roports, compagnies a\u00e9riennes, constructeurs [&#8230;]<a href=\"https:\/\/aacii.space\/fr\/programme\/\"><br \/>weiterlesen &raquo;<\/a><\/p>\n","protected":false},"author":1,"featured_media":950,"parent":0,"menu_order":0,"comment_status":"closed","ping_status":"closed","template":"kongresstag.php","meta":{"kia_subtitle":"CONGR\u00c8S DU MARDI 5 JUILLET 2022 AU PARC DES EXPOSITIONS DE NUREMBERG","ngg_post_thumbnail":0,"footnotes":""},"class_list":["post-1019","page","type-page","status-publish","has-post-thumbnail","hentry"],"yoast_head":"<!-- This site is optimized with the Yoast SEO Premium plugin v27.4 (Yoast SEO v27.4) - https:\/\/yoast.com\/product\/yoast-seo-premium-wordpress\/ -->\n<title>PROGRAMME - AACII<\/title>\n<meta name=\"robots\" content=\"index, follow, max-snippet:-1, max-image-preview:large, max-video-preview:-1\" \/>\n<link rel=\"canonical\" href=\"https:\/\/aacii.space\/fr\/programme\/\" \/>\n<meta property=\"og:locale\" content=\"fr_FR\" \/>\n<meta property=\"og:type\" content=\"article\" \/>\n<meta property=\"og:title\" content=\"PROGRAMME\" \/>\n<meta property=\"og:description\" content=\"Qu\u2019attendre de cette exposition ? Les acteurs les plus influents du secteur de l\u2019a\u00e9ronautique et de l\u2019a\u00e9rospatiale se donnent rendez-vous \u00e0 Nuremberg pour pr\u00e9senter au public les derni\u00e8res r\u00e9alisations et les technologies de pointe les plus innovantes dans ce domaine. Les secteurs suivants seront repr\u00e9sent\u00e9s : A\u00e9roports, compagnies a\u00e9riennes, constructeurs [...]weiterlesen &raquo;\" \/>\n<meta property=\"og:url\" content=\"https:\/\/aacii.space\/fr\/programme\/\" \/>\n<meta property=\"og:site_name\" content=\"AACII\" \/>\n<meta property=\"article:modified_time\" content=\"2021-04-13T14:38:33+00:00\" \/>\n<meta property=\"og:image\" content=\"https:\/\/aacii.space\/wp-content\/uploads\/2021\/01\/ACCII-Space-Congress-Nuremberg-Header-5.jpg\" \/>\n\t<meta property=\"og:image:width\" content=\"1903\" \/>\n\t<meta property=\"og:image:height\" content=\"450\" \/>\n\t<meta property=\"og:image:type\" content=\"image\/jpeg\" \/>\n<meta name=\"twitter:card\" content=\"summary_large_image\" \/>\n<meta name=\"twitter:label1\" content=\"Dur\u00e9e de lecture estim\u00e9e\" \/>\n\t<meta name=\"twitter:data1\" content=\"3 minutes\" \/>\n<script type=\"application\/ld+json\" class=\"yoast-schema-graph\">{\"@context\":\"https:\\\/\\\/schema.org\",\"@graph\":[{\"@type\":\"WebPage\",\"@id\":\"https:\\\/\\\/aacii.space\\\/fr\\\/programme\\\/\",\"url\":\"https:\\\/\\\/aacii.space\\\/fr\\\/programme\\\/\",\"name\":\"PROGRAMME - AACII\",\"isPartOf\":{\"@id\":\"https:\\\/\\\/aacii.space\\\/#website\"},\"primaryImageOfPage\":{\"@id\":\"https:\\\/\\\/aacii.space\\\/fr\\\/programme\\\/#primaryimage\"},\"image\":{\"@id\":\"https:\\\/\\\/aacii.space\\\/fr\\\/programme\\\/#primaryimage\"},\"thumbnailUrl\":\"https:\\\/\\\/aacii.space\\\/wp-content\\\/uploads\\\/2021\\\/01\\\/ACCII-Space-Congress-Nuremberg-Header-5.jpg\",\"datePublished\":\"2021-02-21T18:32:29+00:00\",\"dateModified\":\"2021-04-13T14:38:33+00:00\",\"breadcrumb\":{\"@id\":\"https:\\\/\\\/aacii.space\\\/fr\\\/programme\\\/#breadcrumb\"},\"inLanguage\":\"fr-FR\",\"potentialAction\":[{\"@type\":\"ReadAction\",\"target\":[\"https:\\\/\\\/aacii.space\\\/fr\\\/programme\\\/\"]}]},{\"@type\":\"ImageObject\",\"inLanguage\":\"fr-FR\",\"@id\":\"https:\\\/\\\/aacii.space\\\/fr\\\/programme\\\/#primaryimage\",\"url\":\"https:\\\/\\\/aacii.space\\\/wp-content\\\/uploads\\\/2021\\\/01\\\/ACCII-Space-Congress-Nuremberg-Header-5.jpg\",\"contentUrl\":\"https:\\\/\\\/aacii.space\\\/wp-content\\\/uploads\\\/2021\\\/01\\\/ACCII-Space-Congress-Nuremberg-Header-5.jpg\",\"width\":1903,\"height\":450},{\"@type\":\"BreadcrumbList\",\"@id\":\"https:\\\/\\\/aacii.space\\\/fr\\\/programme\\\/#breadcrumb\",\"itemListElement\":[{\"@type\":\"ListItem\",\"position\":1,\"name\":\"Startseite\",\"item\":\"https:\\\/\\\/aacii.space\\\/fr\\\/\"},{\"@type\":\"ListItem\",\"position\":2,\"name\":\"PROGRAMME\"}]},{\"@type\":\"WebSite\",\"@id\":\"https:\\\/\\\/aacii.space\\\/#website\",\"url\":\"https:\\\/\\\/aacii.space\\\/\",\"name\":\"AACII\",\"description\":\"AVIATION AEROSPACE INTERNATIONAL INTERDISCIPLINARY CONGRESS\",\"potentialAction\":[{\"@type\":\"SearchAction\",\"target\":{\"@type\":\"EntryPoint\",\"urlTemplate\":\"https:\\\/\\\/aacii.space\\\/?s={search_term_string}\"},\"query-input\":{\"@type\":\"PropertyValueSpecification\",\"valueRequired\":true,\"valueName\":\"search_term_string\"}}],\"inLanguage\":\"fr-FR\"}]}<\/script>\n<!-- \/ Yoast SEO Premium plugin. -->","yoast_head_json":{"title":"PROGRAMME - AACII","robots":{"index":"index","follow":"follow","max-snippet":"max-snippet:-1","max-image-preview":"max-image-preview:large","max-video-preview":"max-video-preview:-1"},"canonical":"https:\/\/aacii.space\/fr\/programme\/","og_locale":"fr_FR","og_type":"article","og_title":"PROGRAMME","og_description":"Qu\u2019attendre de cette exposition ? Les acteurs les plus influents du secteur de l\u2019a\u00e9ronautique et de l\u2019a\u00e9rospatiale se donnent rendez-vous \u00e0 Nuremberg pour pr\u00e9senter au public les derni\u00e8res r\u00e9alisations et les technologies de pointe les plus innovantes dans ce domaine. Les secteurs suivants seront repr\u00e9sent\u00e9s : A\u00e9roports, compagnies a\u00e9riennes, constructeurs [...]weiterlesen &raquo;","og_url":"https:\/\/aacii.space\/fr\/programme\/","og_site_name":"AACII","article_modified_time":"2021-04-13T14:38:33+00:00","og_image":[{"width":1903,"height":450,"url":"https:\/\/aacii.space\/wp-content\/uploads\/2021\/01\/ACCII-Space-Congress-Nuremberg-Header-5.jpg","type":"image\/jpeg"}],"twitter_card":"summary_large_image","twitter_misc":{"Dur\u00e9e de lecture estim\u00e9e":"3 minutes"},"schema":{"@context":"https:\/\/schema.org","@graph":[{"@type":"WebPage","@id":"https:\/\/aacii.space\/fr\/programme\/","url":"https:\/\/aacii.space\/fr\/programme\/","name":"PROGRAMME - AACII","isPartOf":{"@id":"https:\/\/aacii.space\/#website"},"primaryImageOfPage":{"@id":"https:\/\/aacii.space\/fr\/programme\/#primaryimage"},"image":{"@id":"https:\/\/aacii.space\/fr\/programme\/#primaryimage"},"thumbnailUrl":"https:\/\/aacii.space\/wp-content\/uploads\/2021\/01\/ACCII-Space-Congress-Nuremberg-Header-5.jpg","datePublished":"2021-02-21T18:32:29+00:00","dateModified":"2021-04-13T14:38:33+00:00","breadcrumb":{"@id":"https:\/\/aacii.space\/fr\/programme\/#breadcrumb"},"inLanguage":"fr-FR","potentialAction":[{"@type":"ReadAction","target":["https:\/\/aacii.space\/fr\/programme\/"]}]},{"@type":"ImageObject","inLanguage":"fr-FR","@id":"https:\/\/aacii.space\/fr\/programme\/#primaryimage","url":"https:\/\/aacii.space\/wp-content\/uploads\/2021\/01\/ACCII-Space-Congress-Nuremberg-Header-5.jpg","contentUrl":"https:\/\/aacii.space\/wp-content\/uploads\/2021\/01\/ACCII-Space-Congress-Nuremberg-Header-5.jpg","width":1903,"height":450},{"@type":"BreadcrumbList","@id":"https:\/\/aacii.space\/fr\/programme\/#breadcrumb","itemListElement":[{"@type":"ListItem","position":1,"name":"Startseite","item":"https:\/\/aacii.space\/fr\/"},{"@type":"ListItem","position":2,"name":"PROGRAMME"}]},{"@type":"WebSite","@id":"https:\/\/aacii.space\/#website","url":"https:\/\/aacii.space\/","name":"AACII","description":"AVIATION AEROSPACE INTERNATIONAL INTERDISCIPLINARY CONGRESS","potentialAction":[{"@type":"SearchAction","target":{"@type":"EntryPoint","urlTemplate":"https:\/\/aacii.space\/?s={search_term_string}"},"query-input":{"@type":"PropertyValueSpecification","valueRequired":true,"valueName":"search_term_string"}}],"inLanguage":"fr-FR"}]}},"_links":{"self":[{"href":"https:\/\/aacii.space\/fr\/wp-json\/wp\/v2\/pages\/1019","targetHints":{"allow":["GET"]}}],"collection":[{"href":"https:\/\/aacii.space\/fr\/wp-json\/wp\/v2\/pages"}],"about":[{"href":"https:\/\/aacii.space\/fr\/wp-json\/wp\/v2\/types\/page"}],"author":[{"embeddable":true,"href":"https:\/\/aacii.space\/fr\/wp-json\/wp\/v2\/users\/1"}],"replies":[{"embeddable":true,"href":"https:\/\/aacii.space\/fr\/wp-json\/wp\/v2\/comments?post=1019"}],"version-history":[{"count":3,"href":"https:\/\/aacii.space\/fr\/wp-json\/wp\/v2\/pages\/1019\/revisions"}],"predecessor-version":[{"id":1299,"href":"https:\/\/aacii.space\/fr\/wp-json\/wp\/v2\/pages\/1019\/revisions\/1299"}],"wp:featuredmedia":[{"embeddable":true,"href":"https:\/\/aacii.space\/fr\/wp-json\/wp\/v2\/media\/950"}],"wp:attachment":[{"href":"https:\/\/aacii.space\/fr\/wp-json\/wp\/v2\/media?parent=1019"}],"curies":[{"name":"wp","href":"https:\/\/api.w.org\/{rel}","templated":true}]}}