{"id":1003,"date":"2021-02-21T16:26:07","date_gmt":"2021-02-21T16:26:07","guid":{"rendered":"https:\/\/aacii.space\/?page_id=1003"},"modified":"2024-02-20T11:02:55","modified_gmt":"2024-02-20T10:02:55","slug":"aerospatiale-et-congres-nuremberg-2021-accii","status":"publish","type":"page","link":"https:\/\/aacii.space\/fr\/","title":{"rendered":"2. A\u00c9RONAUTIQUE CONGRES NUREMBERG  MERCREDI 12 F\u00c8VRIER 2025 \u2013 AACII"},"content":{"rendered":"<p>Le deuxi\u00e8me Congr\u00e8s international interdisciplinaire de l&rsquo;a\u00e9rospatiale est ouvert aux entreprises innovantes qui sont des scientifiques et des ing\u00e9nieurs, des astro-cosmonautes et des professionnels impliqu\u00e9s dans l&rsquo;exploration des d\u00e9fis technologiques et des opportunit\u00e9s commerciales dans l&rsquo;industrie a\u00e9rospatiale et qui sont int\u00e9ress\u00e9s par les synergies avec les solutions et services au sol. L&rsquo;approche interdisciplinaire de ce congr\u00e8s permet de b\u00e9n\u00e9ficier des exp\u00e9riences de personnes intelligentes et de la pr\u00e9sentation des derni\u00e8res technologies r\u00e9volutionnaires dans divers domaines tels que la num\u00e9risation Industrie 4.0 et l&rsquo;intelligence artificielle, l&rsquo;environnement et le changement climatique.<\/p>\n<p>&nbsp;<br \/>\n<strong>2\u00e8me Congr\u00e8s de l&rsquo;Aviation Interdisciplinaire International 2025<\/strong><br \/>\n&nbsp;<br \/>\nDes parcs \u00e0 th\u00e8me passionnants pr\u00e9sentent l&rsquo;a\u00e9rospatiale, les satellites, l&rsquo;automobile, la nouvelle mobilit\u00e9, les drones PAV\/UAM et la nouvelle g\u00e9n\u00e9ration.<br \/>\n&nbsp;<\/p>\n<p><strong>\u201eTogether for a better world\u201d<\/strong> est la devise du 2e Congr\u00e8s de l&rsquo;AACII, car l&rsquo;aviation et les voyages spatiaux pour comprendre de mieux en mieux l\u2019\u00e9cosyst\u00e8me. Cela cr\u00e9e une nouvelle dimension<br \/>\npour des applications dans tous les domaines qui rel\u00e8vent \u00e9galement de nouveaux d\u00e9fis<br \/>\nlaisser.<\/p>\n<p>&nbsp;<\/p>\n<p><strong>Le mercredi 12 f\u00e9vrier 2025 est \u00e0 partir de 8h00<\/strong><br \/>\n&nbsp;<br \/>\nEntr\u00e9e \u00e0 la Meistersingerhalle, The Hall of Champions, M\u00fcnchener Stra\u00dfe 19, Nuremberg avec le programme :<br \/>\n&nbsp;<\/p>\n<p><strong>PROGRAMME:<\/strong><\/p>\n<p>&nbsp;<\/p>\n<p><strong>08h30 :<\/strong> Diaporama, networking, visite de l&rsquo;espace d&rsquo;exposition int\u00e9rieur et ext\u00e9rieur<br \/>\nDes rafra\u00eechissements vous attendent tout au long de la journ\u00e9e <\/p>\n<p><strong>09h00 :<\/strong> Accueil et annonce des intervenants<br \/>\nSommet d&rsquo;experts anim\u00e9 par Matthias Wachter BDI,<br \/>\nRemise du Prix Global AACII,<br \/>\nVisite VIP des parcs \u00e0 th\u00e8me int\u00e9rieurs et ext\u00e9rieurs avec les repr\u00e9sentants des m\u00e9dias<br \/>\nEntretien men\u00e9 par le professeur Klaus W\u00fcbbenhorst avec des participants internationaux<br \/>\n &nbsp;<br \/>\n<strong>13h30 :<\/strong> Conf\u00e9rence de presse<br \/>\n &nbsp;<br \/>\n<strong>14h30 :<\/strong> Forum A\u00e9ronautique<br \/>\n &nbsp;<br \/>\n<strong>15h30 :<\/strong> Forum Espace<br \/>\n &nbsp;<br \/>\n<strong>16h30 :<\/strong> WomenTecPower<br \/>\n &nbsp;<br \/>\n<strong>17h30 :<\/strong> D\u00eener de Gala dans la Halle des Champions avec des intervenants de haut rang<\/p>\n<p>&nbsp;<\/p>\n<p>&nbsp;<\/p>\n","protected":false},"excerpt":{"rendered":"<p>Le deuxi\u00e8me Congr\u00e8s international interdisciplinaire de l&rsquo;a\u00e9rospatiale est ouvert aux entreprises innovantes qui sont des scientifiques et des ing\u00e9nieurs, des astro-cosmonautes et des professionnels impliqu\u00e9s dans l&rsquo;exploration des d\u00e9fis technologiques et des opportunit\u00e9s commerciales dans l&rsquo;industrie a\u00e9rospatiale et qui sont int\u00e9ress\u00e9s par les synergies avec les solutions et services au [&#8230;]<a href=\"https:\/\/aacii.space\/fr\/\"><br \/>weiterlesen &raquo;<\/a><\/p>\n","protected":false},"author":1,"featured_media":0,"parent":0,"menu_order":0,"comment_status":"closed","ping_status":"closed","template":"home.php","meta":{"kia_subtitle":"AEROSPACE AVIATION CONGRESS INTERDISCIPLINARY INTERNATIONAL (AACII)","ngg_post_thumbnail":0,"footnotes":""},"class_list":["post-1003","page","type-page","status-publish","hentry"],"yoast_head":"<!-- This site is optimized with the Yoast SEO Premium plugin v27.2 (Yoast SEO v27.2) - https:\/\/yoast.com\/product\/yoast-seo-premium-wordpress\/ -->\n<title>2. A\u00c9RONAUTIQUE CONGRES NUREMBERG MERCREDI 12 F\u00c8VRIER 2025 \u2013 AACII - AACII<\/title>\n<meta name=\"robots\" content=\"index, follow, max-snippet:-1, max-image-preview:large, max-video-preview:-1\" \/>\n<link rel=\"canonical\" href=\"https:\/\/aacii.space\/fr\/\" \/>\n<meta property=\"og:locale\" content=\"fr_FR\" \/>\n<meta property=\"og:type\" content=\"article\" \/>\n<meta property=\"og:title\" content=\"2. A\u00c9RONAUTIQUE CONGRES NUREMBERG MERCREDI 12 F\u00c8VRIER 2025 \u2013 AACII\" \/>\n<meta property=\"og:description\" content=\"Le deuxi\u00e8me Congr\u00e8s international interdisciplinaire de l&rsquo;a\u00e9rospatiale est ouvert aux entreprises innovantes qui sont des scientifiques et des ing\u00e9nieurs, des astro-cosmonautes et des professionnels impliqu\u00e9s dans l&rsquo;exploration des d\u00e9fis technologiques et des opportunit\u00e9s commerciales dans l&rsquo;industrie a\u00e9rospatiale et qui sont int\u00e9ress\u00e9s par les synergies avec les solutions et services au [...]weiterlesen &raquo;\" \/>\n<meta property=\"og:url\" content=\"https:\/\/aacii.space\/fr\/\" \/>\n<meta property=\"og:site_name\" content=\"AACII\" \/>\n<meta property=\"article:modified_time\" content=\"2024-02-20T10:02:55+00:00\" \/>\n<meta name=\"twitter:card\" content=\"summary_large_image\" \/>\n<meta name=\"twitter:label1\" content=\"Dur\u00e9e de lecture estim\u00e9e\" \/>\n\t<meta name=\"twitter:data1\" content=\"2 minutes\" \/>\n<script type=\"application\/ld+json\" class=\"yoast-schema-graph\">{\"@context\":\"https:\/\/schema.org\",\"@graph\":[{\"@type\":\"WebPage\",\"@id\":\"https:\/\/aacii.space\/fr\/\",\"url\":\"https:\/\/aacii.space\/fr\/\",\"name\":\"2. A\u00c9RONAUTIQUE CONGRES NUREMBERG MERCREDI 12 F\u00c8VRIER 2025 \u2013 AACII - AACII\",\"isPartOf\":{\"@id\":\"https:\/\/aacii.space\/#website\"},\"datePublished\":\"2021-02-21T16:26:07+00:00\",\"dateModified\":\"2024-02-20T10:02:55+00:00\",\"breadcrumb\":{\"@id\":\"https:\/\/aacii.space\/fr\/#breadcrumb\"},\"inLanguage\":\"fr-FR\",\"potentialAction\":[{\"@type\":\"ReadAction\",\"target\":[\"https:\/\/aacii.space\/fr\/\"]}]},{\"@type\":\"BreadcrumbList\",\"@id\":\"https:\/\/aacii.space\/fr\/#breadcrumb\",\"itemListElement\":[{\"@type\":\"ListItem\",\"position\":1,\"name\":\"Startseite\",\"item\":\"https:\/\/aacii.space\/fr\/\"},{\"@type\":\"ListItem\",\"position\":2,\"name\":\"2. A\u00c9RONAUTIQUE CONGRES NUREMBERG MERCREDI 12 F\u00c8VRIER 2025 \u2013 AACII\"}]},{\"@type\":\"WebSite\",\"@id\":\"https:\/\/aacii.space\/#website\",\"url\":\"https:\/\/aacii.space\/\",\"name\":\"AACII\",\"description\":\"AVIATION AEROSPACE INTERNATIONAL INTERDISCIPLINARY CONGRESS\",\"potentialAction\":[{\"@type\":\"SearchAction\",\"target\":{\"@type\":\"EntryPoint\",\"urlTemplate\":\"https:\/\/aacii.space\/?s={search_term_string}\"},\"query-input\":{\"@type\":\"PropertyValueSpecification\",\"valueRequired\":true,\"valueName\":\"search_term_string\"}}],\"inLanguage\":\"fr-FR\"}]}<\/script>\n<!-- \/ Yoast SEO Premium plugin. -->","yoast_head_json":{"title":"2. A\u00c9RONAUTIQUE CONGRES NUREMBERG MERCREDI 12 F\u00c8VRIER 2025 \u2013 AACII - AACII","robots":{"index":"index","follow":"follow","max-snippet":"max-snippet:-1","max-image-preview":"max-image-preview:large","max-video-preview":"max-video-preview:-1"},"canonical":"https:\/\/aacii.space\/fr\/","og_locale":"fr_FR","og_type":"article","og_title":"2. A\u00c9RONAUTIQUE CONGRES NUREMBERG MERCREDI 12 F\u00c8VRIER 2025 \u2013 AACII","og_description":"Le deuxi\u00e8me Congr\u00e8s international interdisciplinaire de l&rsquo;a\u00e9rospatiale est ouvert aux entreprises innovantes qui sont des scientifiques et des ing\u00e9nieurs, des astro-cosmonautes et des professionnels impliqu\u00e9s dans l&rsquo;exploration des d\u00e9fis technologiques et des opportunit\u00e9s commerciales dans l&rsquo;industrie a\u00e9rospatiale et qui sont int\u00e9ress\u00e9s par les synergies avec les solutions et services au [...]weiterlesen &raquo;","og_url":"https:\/\/aacii.space\/fr\/","og_site_name":"AACII","article_modified_time":"2024-02-20T10:02:55+00:00","twitter_card":"summary_large_image","twitter_misc":{"Dur\u00e9e de lecture estim\u00e9e":"2 minutes"},"schema":{"@context":"https:\/\/schema.org","@graph":[{"@type":"WebPage","@id":"https:\/\/aacii.space\/fr\/","url":"https:\/\/aacii.space\/fr\/","name":"2. A\u00c9RONAUTIQUE CONGRES NUREMBERG MERCREDI 12 F\u00c8VRIER 2025 \u2013 AACII - AACII","isPartOf":{"@id":"https:\/\/aacii.space\/#website"},"datePublished":"2021-02-21T16:26:07+00:00","dateModified":"2024-02-20T10:02:55+00:00","breadcrumb":{"@id":"https:\/\/aacii.space\/fr\/#breadcrumb"},"inLanguage":"fr-FR","potentialAction":[{"@type":"ReadAction","target":["https:\/\/aacii.space\/fr\/"]}]},{"@type":"BreadcrumbList","@id":"https:\/\/aacii.space\/fr\/#breadcrumb","itemListElement":[{"@type":"ListItem","position":1,"name":"Startseite","item":"https:\/\/aacii.space\/fr\/"},{"@type":"ListItem","position":2,"name":"2. A\u00c9RONAUTIQUE CONGRES NUREMBERG MERCREDI 12 F\u00c8VRIER 2025 \u2013 AACII"}]},{"@type":"WebSite","@id":"https:\/\/aacii.space\/#website","url":"https:\/\/aacii.space\/","name":"AACII","description":"AVIATION AEROSPACE INTERNATIONAL INTERDISCIPLINARY CONGRESS","potentialAction":[{"@type":"SearchAction","target":{"@type":"EntryPoint","urlTemplate":"https:\/\/aacii.space\/?s={search_term_string}"},"query-input":{"@type":"PropertyValueSpecification","valueRequired":true,"valueName":"search_term_string"}}],"inLanguage":"fr-FR"}]}},"_links":{"self":[{"href":"https:\/\/aacii.space\/fr\/wp-json\/wp\/v2\/pages\/1003","targetHints":{"allow":["GET"]}}],"collection":[{"href":"https:\/\/aacii.space\/fr\/wp-json\/wp\/v2\/pages"}],"about":[{"href":"https:\/\/aacii.space\/fr\/wp-json\/wp\/v2\/types\/page"}],"author":[{"embeddable":true,"href":"https:\/\/aacii.space\/fr\/wp-json\/wp\/v2\/users\/1"}],"replies":[{"embeddable":true,"href":"https:\/\/aacii.space\/fr\/wp-json\/wp\/v2\/comments?post=1003"}],"version-history":[{"count":13,"href":"https:\/\/aacii.space\/fr\/wp-json\/wp\/v2\/pages\/1003\/revisions"}],"predecessor-version":[{"id":7799,"href":"https:\/\/aacii.space\/fr\/wp-json\/wp\/v2\/pages\/1003\/revisions\/7799"}],"wp:attachment":[{"href":"https:\/\/aacii.space\/fr\/wp-json\/wp\/v2\/media?parent=1003"}],"curies":[{"name":"wp","href":"https:\/\/api.w.org\/{rel}","templated":true}]}}