{"id":7185,"date":"2021-03-30T21:34:43","date_gmt":"2021-03-30T19:34:43","guid":{"rendered":"https:\/\/aacii.space\/20-de-noviembre-de-2024-gira-ronda-de-alta-tecnologia-2\/"},"modified":"2023-12-15T11:15:14","modified_gmt":"2023-12-15T10:15:14","slug":"12-de-febrero-de-2025-dia-del-congreso-meistersingerhalle","status":"publish","type":"page","link":"https:\/\/aacii.space\/es\/12-de-febrero-de-2025-dia-del-congreso-meistersingerhalle\/","title":{"rendered":"12 DE FEBRERO DE 2025 \u2013 D\u00cdA DEL CONGRESO MEISTERSINGERHALLE"},"content":{"rendered":"<p><img loading=\"lazy\" decoding=\"async\" class=\"aligncenter wp-image-6820 size-full\" src=\"https:\/\/aacii.space\/wp-content\/uploads\/2023\/09\/Congress-Day-2024.jpg\" alt=\"\" width=\"1800\" height=\"563\" srcset=\"https:\/\/aacii.space\/wp-content\/uploads\/2023\/09\/Congress-Day-2024.jpg 1800w, https:\/\/aacii.space\/wp-content\/uploads\/2023\/09\/Congress-Day-2024-300x94.jpg 300w, https:\/\/aacii.space\/wp-content\/uploads\/2023\/09\/Congress-Day-2024-1024x320.jpg 1024w, https:\/\/aacii.space\/wp-content\/uploads\/2023\/09\/Congress-Day-2024-768x240.jpg 768w, https:\/\/aacii.space\/wp-content\/uploads\/2023\/09\/Congress-Day-2024-1536x480.jpg 1536w, https:\/\/aacii.space\/wp-content\/uploads\/2023\/09\/Congress-Day-2024-1200x375.jpg 1200w\" sizes=\"auto, (max-width: 1800px) 100vw, 1800px\" \/>&nbsp;<\/p>\n<p class=\"chapter-heading\">2do Congreso Aeroespacial:&nbsp;<br \/>\nCongreso de Aviaci\u00f3n Interdisciplinario Internacional 2025<\/p>\n<p><strong>Mi\u00e9rcoles 12 de febrero de 2025 desde las 8:00 a.m.<\/strong>&nbsp;<br \/>\nMeistersingerhalle, Sal\u00f3n de los Campeones, M\u00fcnchener Stra\u00dfe 19, Nuremberg:&nbsp;<br \/>\n&nbsp;<br \/>\nLos parques tem\u00e1ticos seleccionados presentan la nueva movilidad aeroespacial, sat\u00e9lites, automoci\u00f3n, PAV\/UAM y drones de nueva generaci\u00f3n, as\u00ed como el siguiente programa:<br \/>\n&nbsp;<\/p>\n<p class=\"chapter-heading\">Programma:<\/p>\n<p><strong>08.30 h:<\/strong> Presentaci\u00f3n de diapositivas, networking, visita al \u00e1rea de exposici\u00f3n interior y exterior<br \/>\nRefrigerios te esperan durante todo el d\u00eda.&nbsp;<br \/>\n&nbsp;<br \/>\n<strong>09 h:<\/strong> Bienvenida y anuncio de los ponentes.<br \/>\nCumbre de expertos dirigida por <strong>Matthias Wachter BDI,<\/strong><br \/>\nPresentaci\u00f3n del Premio Global AACII,<br \/>\nTour VIP de los parques tem\u00e1ticos por dentro y por fuera con representantes de los medios.<br \/>\nEntrevista dirigida por el <strong>Prof. Klaus W\u00fcbbenhorst<\/strong> con participantes internacionales &nbsp;<br \/>\n&nbsp;<br \/>\n<strong>13.30 h:<\/strong> Rueda de prensa&nbsp;<br \/>\n&nbsp;<br \/>\n<strong>14.30 h:<\/strong> Foro de aviaci\u00f3n&nbsp;<br \/>\n&nbsp;<br \/>\n<strong>15.30 h:<\/strong> Foro espacial&nbsp;<br \/>\n&nbsp;<br \/>\n<strong>16.30 h:<\/strong> WomenTecPower&nbsp;<br \/>\n&nbsp;<br \/>\n<strong>17.30 h:<\/strong> Cena de gala en el Sal\u00f3n de los Campeones con ponentes de alto nivel<\/p>\n<p>&nbsp;<br \/>\n&nbsp;<br \/>\n&nbsp;<br \/>\n&nbsp;<\/p>\n","protected":false},"excerpt":{"rendered":"<p>&nbsp; 2do Congreso Aeroespacial:&nbsp; Congreso de Aviaci\u00f3n Interdisciplinario Internacional 2025 Mi\u00e9rcoles 12 de febrero de 2025 desde las 8:00 a.m.&nbsp; Meistersingerhalle, Sal\u00f3n de los Campeones, M\u00fcnchener Stra\u00dfe 19, Nuremberg:&nbsp; &nbsp; Los parques tem\u00e1ticos seleccionados presentan la nueva movilidad aeroespacial, sat\u00e9lites, automoci\u00f3n, PAV\/UAM y drones de nueva generaci\u00f3n, as\u00ed como el [&#8230;]<a href=\"https:\/\/aacii.space\/es\/12-de-febrero-de-2025-dia-del-congreso-meistersingerhalle\/\"><br \/>weiterlesen &raquo;<\/a><\/p>\n","protected":false},"author":1,"featured_media":1162,"parent":0,"menu_order":0,"comment_status":"closed","ping_status":"closed","template":"","meta":{"kia_subtitle":"","ngg_post_thumbnail":0,"footnotes":""},"class_list":["post-7185","page","type-page","status-publish","has-post-thumbnail","hentry"],"yoast_head":"<!-- This site is optimized with the Yoast SEO Premium plugin v27.2 (Yoast SEO v27.2) - https:\/\/yoast.com\/product\/yoast-seo-premium-wordpress\/ -->\n<title>12 DE FEBRERO DE 2025 \u2013 D\u00cdA DEL CONGRESO MEISTERSINGERHALLE - AACII<\/title>\n<meta name=\"robots\" content=\"index, follow, max-snippet:-1, max-image-preview:large, max-video-preview:-1\" \/>\n<link rel=\"canonical\" href=\"https:\/\/aacii.space\/es\/12-de-febrero-de-2025-dia-del-congreso-meistersingerhalle\/\" \/>\n<meta property=\"og:locale\" content=\"es_ES\" \/>\n<meta property=\"og:type\" content=\"article\" \/>\n<meta property=\"og:title\" content=\"12 DE FEBRERO DE 2025 \u2013 D\u00cdA DEL CONGRESO MEISTERSINGERHALLE\" \/>\n<meta property=\"og:description\" content=\"&nbsp; 2do Congreso Aeroespacial:&nbsp; Congreso de Aviaci\u00f3n Interdisciplinario Internacional 2025 Mi\u00e9rcoles 12 de febrero de 2025 desde las 8:00 a.m.&nbsp; Meistersingerhalle, Sal\u00f3n de los Campeones, M\u00fcnchener Stra\u00dfe 19, Nuremberg:&nbsp; &nbsp; Los parques tem\u00e1ticos seleccionados presentan la nueva movilidad aeroespacial, sat\u00e9lites, automoci\u00f3n, PAV\/UAM y drones de nueva generaci\u00f3n, as\u00ed como el [...]weiterlesen &raquo;\" \/>\n<meta property=\"og:url\" content=\"https:\/\/aacii.space\/es\/12-de-febrero-de-2025-dia-del-congreso-meistersingerhalle\/\" \/>\n<meta property=\"og:site_name\" content=\"AACII\" \/>\n<meta property=\"article:modified_time\" content=\"2023-12-15T10:15:14+00:00\" \/>\n<meta property=\"og:image\" content=\"https:\/\/aacii.space\/wp-content\/uploads\/2021\/01\/ACCII-Space-Congress-Nuremberg-Header-3-1.jpg\" \/>\n\t<meta property=\"og:image:width\" content=\"1903\" \/>\n\t<meta property=\"og:image:height\" content=\"450\" \/>\n\t<meta property=\"og:image:type\" content=\"image\/jpeg\" \/>\n<meta name=\"twitter:card\" content=\"summary_large_image\" \/>\n<meta name=\"twitter:label1\" content=\"Tiempo de lectura\" \/>\n\t<meta name=\"twitter:data1\" content=\"2 minutos\" \/>\n<script type=\"application\/ld+json\" class=\"yoast-schema-graph\">{\"@context\":\"https:\/\/schema.org\",\"@graph\":[{\"@type\":\"WebPage\",\"@id\":\"https:\/\/aacii.space\/es\/12-de-febrero-de-2025-dia-del-congreso-meistersingerhalle\/\",\"url\":\"https:\/\/aacii.space\/es\/12-de-febrero-de-2025-dia-del-congreso-meistersingerhalle\/\",\"name\":\"12 DE FEBRERO DE 2025 \u2013 D\u00cdA DEL CONGRESO MEISTERSINGERHALLE - AACII\",\"isPartOf\":{\"@id\":\"https:\/\/aacii.space\/#website\"},\"primaryImageOfPage\":{\"@id\":\"https:\/\/aacii.space\/es\/12-de-febrero-de-2025-dia-del-congreso-meistersingerhalle\/#primaryimage\"},\"image\":{\"@id\":\"https:\/\/aacii.space\/es\/12-de-febrero-de-2025-dia-del-congreso-meistersingerhalle\/#primaryimage\"},\"thumbnailUrl\":\"https:\/\/aacii.space\/wp-content\/uploads\/2021\/01\/ACCII-Space-Congress-Nuremberg-Header-3-1.jpg\",\"datePublished\":\"2021-03-30T19:34:43+00:00\",\"dateModified\":\"2023-12-15T10:15:14+00:00\",\"breadcrumb\":{\"@id\":\"https:\/\/aacii.space\/es\/12-de-febrero-de-2025-dia-del-congreso-meistersingerhalle\/#breadcrumb\"},\"inLanguage\":\"es\",\"potentialAction\":[{\"@type\":\"ReadAction\",\"target\":[\"https:\/\/aacii.space\/es\/12-de-febrero-de-2025-dia-del-congreso-meistersingerhalle\/\"]}]},{\"@type\":\"ImageObject\",\"inLanguage\":\"es\",\"@id\":\"https:\/\/aacii.space\/es\/12-de-febrero-de-2025-dia-del-congreso-meistersingerhalle\/#primaryimage\",\"url\":\"https:\/\/aacii.space\/wp-content\/uploads\/2021\/01\/ACCII-Space-Congress-Nuremberg-Header-3-1.jpg\",\"contentUrl\":\"https:\/\/aacii.space\/wp-content\/uploads\/2021\/01\/ACCII-Space-Congress-Nuremberg-Header-3-1.jpg\",\"width\":1903,\"height\":450},{\"@type\":\"BreadcrumbList\",\"@id\":\"https:\/\/aacii.space\/es\/12-de-febrero-de-2025-dia-del-congreso-meistersingerhalle\/#breadcrumb\",\"itemListElement\":[{\"@type\":\"ListItem\",\"position\":1,\"name\":\"Startseite\",\"item\":\"https:\/\/aacii.space\/es\/\"},{\"@type\":\"ListItem\",\"position\":2,\"name\":\"12 DE FEBRERO DE 2025 \u2013 D\u00cdA DEL CONGRESO MEISTERSINGERHALLE\"}]},{\"@type\":\"WebSite\",\"@id\":\"https:\/\/aacii.space\/#website\",\"url\":\"https:\/\/aacii.space\/\",\"name\":\"AACII\",\"description\":\"AVIATION AEROSPACE INTERNATIONAL INTERDISCIPLINARY CONGRESS\",\"potentialAction\":[{\"@type\":\"SearchAction\",\"target\":{\"@type\":\"EntryPoint\",\"urlTemplate\":\"https:\/\/aacii.space\/?s={search_term_string}\"},\"query-input\":{\"@type\":\"PropertyValueSpecification\",\"valueRequired\":true,\"valueName\":\"search_term_string\"}}],\"inLanguage\":\"es\"}]}<\/script>\n<!-- \/ Yoast SEO Premium plugin. -->","yoast_head_json":{"title":"12 DE FEBRERO DE 2025 \u2013 D\u00cdA DEL CONGRESO MEISTERSINGERHALLE - AACII","robots":{"index":"index","follow":"follow","max-snippet":"max-snippet:-1","max-image-preview":"max-image-preview:large","max-video-preview":"max-video-preview:-1"},"canonical":"https:\/\/aacii.space\/es\/12-de-febrero-de-2025-dia-del-congreso-meistersingerhalle\/","og_locale":"es_ES","og_type":"article","og_title":"12 DE FEBRERO DE 2025 \u2013 D\u00cdA DEL CONGRESO MEISTERSINGERHALLE","og_description":"&nbsp; 2do Congreso Aeroespacial:&nbsp; Congreso de Aviaci\u00f3n Interdisciplinario Internacional 2025 Mi\u00e9rcoles 12 de febrero de 2025 desde las 8:00 a.m.&nbsp; Meistersingerhalle, Sal\u00f3n de los Campeones, M\u00fcnchener Stra\u00dfe 19, Nuremberg:&nbsp; &nbsp; Los parques tem\u00e1ticos seleccionados presentan la nueva movilidad aeroespacial, sat\u00e9lites, automoci\u00f3n, PAV\/UAM y drones de nueva generaci\u00f3n, as\u00ed como el [...]weiterlesen &raquo;","og_url":"https:\/\/aacii.space\/es\/12-de-febrero-de-2025-dia-del-congreso-meistersingerhalle\/","og_site_name":"AACII","article_modified_time":"2023-12-15T10:15:14+00:00","og_image":[{"width":1903,"height":450,"url":"https:\/\/aacii.space\/wp-content\/uploads\/2021\/01\/ACCII-Space-Congress-Nuremberg-Header-3-1.jpg","type":"image\/jpeg"}],"twitter_card":"summary_large_image","twitter_misc":{"Tiempo de lectura":"2 minutos"},"schema":{"@context":"https:\/\/schema.org","@graph":[{"@type":"WebPage","@id":"https:\/\/aacii.space\/es\/12-de-febrero-de-2025-dia-del-congreso-meistersingerhalle\/","url":"https:\/\/aacii.space\/es\/12-de-febrero-de-2025-dia-del-congreso-meistersingerhalle\/","name":"12 DE FEBRERO DE 2025 \u2013 D\u00cdA DEL CONGRESO MEISTERSINGERHALLE - AACII","isPartOf":{"@id":"https:\/\/aacii.space\/#website"},"primaryImageOfPage":{"@id":"https:\/\/aacii.space\/es\/12-de-febrero-de-2025-dia-del-congreso-meistersingerhalle\/#primaryimage"},"image":{"@id":"https:\/\/aacii.space\/es\/12-de-febrero-de-2025-dia-del-congreso-meistersingerhalle\/#primaryimage"},"thumbnailUrl":"https:\/\/aacii.space\/wp-content\/uploads\/2021\/01\/ACCII-Space-Congress-Nuremberg-Header-3-1.jpg","datePublished":"2021-03-30T19:34:43+00:00","dateModified":"2023-12-15T10:15:14+00:00","breadcrumb":{"@id":"https:\/\/aacii.space\/es\/12-de-febrero-de-2025-dia-del-congreso-meistersingerhalle\/#breadcrumb"},"inLanguage":"es","potentialAction":[{"@type":"ReadAction","target":["https:\/\/aacii.space\/es\/12-de-febrero-de-2025-dia-del-congreso-meistersingerhalle\/"]}]},{"@type":"ImageObject","inLanguage":"es","@id":"https:\/\/aacii.space\/es\/12-de-febrero-de-2025-dia-del-congreso-meistersingerhalle\/#primaryimage","url":"https:\/\/aacii.space\/wp-content\/uploads\/2021\/01\/ACCII-Space-Congress-Nuremberg-Header-3-1.jpg","contentUrl":"https:\/\/aacii.space\/wp-content\/uploads\/2021\/01\/ACCII-Space-Congress-Nuremberg-Header-3-1.jpg","width":1903,"height":450},{"@type":"BreadcrumbList","@id":"https:\/\/aacii.space\/es\/12-de-febrero-de-2025-dia-del-congreso-meistersingerhalle\/#breadcrumb","itemListElement":[{"@type":"ListItem","position":1,"name":"Startseite","item":"https:\/\/aacii.space\/es\/"},{"@type":"ListItem","position":2,"name":"12 DE FEBRERO DE 2025 \u2013 D\u00cdA DEL CONGRESO MEISTERSINGERHALLE"}]},{"@type":"WebSite","@id":"https:\/\/aacii.space\/#website","url":"https:\/\/aacii.space\/","name":"AACII","description":"AVIATION AEROSPACE INTERNATIONAL INTERDISCIPLINARY CONGRESS","potentialAction":[{"@type":"SearchAction","target":{"@type":"EntryPoint","urlTemplate":"https:\/\/aacii.space\/?s={search_term_string}"},"query-input":{"@type":"PropertyValueSpecification","valueRequired":true,"valueName":"search_term_string"}}],"inLanguage":"es"}]}},"_links":{"self":[{"href":"https:\/\/aacii.space\/es\/wp-json\/wp\/v2\/pages\/7185","targetHints":{"allow":["GET"]}}],"collection":[{"href":"https:\/\/aacii.space\/es\/wp-json\/wp\/v2\/pages"}],"about":[{"href":"https:\/\/aacii.space\/es\/wp-json\/wp\/v2\/types\/page"}],"author":[{"embeddable":true,"href":"https:\/\/aacii.space\/es\/wp-json\/wp\/v2\/users\/1"}],"replies":[{"embeddable":true,"href":"https:\/\/aacii.space\/es\/wp-json\/wp\/v2\/comments?post=7185"}],"version-history":[{"count":6,"href":"https:\/\/aacii.space\/es\/wp-json\/wp\/v2\/pages\/7185\/revisions"}],"predecessor-version":[{"id":7488,"href":"https:\/\/aacii.space\/es\/wp-json\/wp\/v2\/pages\/7185\/revisions\/7488"}],"wp:featuredmedia":[{"embeddable":true,"href":"https:\/\/aacii.space\/es\/wp-json\/wp\/v2\/media\/1162"}],"wp:attachment":[{"href":"https:\/\/aacii.space\/es\/wp-json\/wp\/v2\/media?parent=7185"}],"curies":[{"name":"wp","href":"https:\/\/api.w.org\/{rel}","templated":true}]}}