{"id":6196,"date":"2020-12-05T13:35:58","date_gmt":"2020-12-05T12:35:58","guid":{"rendered":"https:\/\/aacii.space\/kongresstag\/"},"modified":"2020-12-05T13:35:58","modified_gmt":"2020-12-05T12:35:58","slug":"kongresstag","status":"publish","type":"page","link":"https:\/\/aacii.space\/es\/kongresstag\/","title":{"rendered":"PROGRAMM"},"content":{"rendered":"<div>&nbsp;<\/div>\n<div><div id=\"metaslider-id-5999\" style=\"width: 100%; margin: 0 auto;\" class=\"ml-slider-3-107-0 metaslider metaslider-flex metaslider-5999 ml-slider has-dots-nav ms-theme-default\" role=\"region\" aria-label=\"Slideshow Congress day\" data-height=\"900\" data-width=\"1200\">\n    <div id=\"metaslider_container_5999\">\n        <div id=\"metaslider_5999\" class=\"flexslider\">\n            <ul class='slides'>\n                <li style=\"display: block; width: 100%;\" class=\"slide-6052 ms-image \" aria-roledescription=\"slide\" data-date=\"2023-03-08 10:07:26\" data-filename=\"AWARD-Gewinner-Alle-732x549.jpg\" data-slide-type=\"image\"><img loading=\"lazy\" decoding=\"async\" src=\"https:\/\/aacii.space\/wp-content\/uploads\/2023\/03\/AWARD-Gewinner-Alle-732x549.jpg\" height=\"900\" width=\"1200\" alt=\"\" class=\"slider-5999 slide-6052 msDefaultImage\" title=\"AWARD Gewinner Alle\" \/><\/li>\n                <li style=\"display: none; width: 100%;\" class=\"slide-6053 ms-image \" aria-roledescription=\"slide\" data-date=\"2023-03-08 10:07:26\" data-filename=\"AACII-Experten-auf-Buehne-scaled-1200x900.jpg\" data-slide-type=\"image\"><img loading=\"lazy\" decoding=\"async\" src=\"https:\/\/aacii.space\/wp-content\/uploads\/2023\/03\/AACII-Experten-auf-Buehne-scaled-1200x900.jpg\" height=\"900\" width=\"1200\" alt=\"\" class=\"slider-5999 slide-6053 msDefaultImage\" title=\"AACII Experten auf B\u00fchne\" \/><\/li>\n                <li style=\"display: none; width: 100%;\" class=\"slide-6054 ms-image \" aria-roledescription=\"slide\" data-date=\"2023-03-08 10:07:26\" data-filename=\"Award-2-Winner-scaled-1200x900.jpg\" data-slide-type=\"image\"><img loading=\"lazy\" decoding=\"async\" src=\"https:\/\/aacii.space\/wp-content\/uploads\/2023\/03\/Award-2-Winner-scaled-1200x900.jpg\" height=\"900\" width=\"1200\" alt=\"\" class=\"slider-5999 slide-6054 msDefaultImage\" title=\"Award 2 Winner\" \/><\/li>\n                <li style=\"display: none; width: 100%;\" class=\"slide-6055 ms-image \" aria-roledescription=\"slide\" data-date=\"2023-03-08 10:07:27\" data-filename=\"Studenten-und-Astrokids-Raketen-scaled-1200x900.jpg\" data-slide-type=\"image\"><img loading=\"lazy\" decoding=\"async\" src=\"https:\/\/aacii.space\/wp-content\/uploads\/2023\/03\/Studenten-und-Astrokids-Raketen-scaled-1200x900.jpg\" height=\"900\" width=\"1200\" alt=\"\" class=\"slider-5999 slide-6055 msDefaultImage\" title=\"Studenten und Astrokids Raketen\" \/><\/li>\n                <li style=\"display: none; width: 100%;\" class=\"slide-6056 ms-image \" aria-roledescription=\"slide\" data-date=\"2023-03-08 10:07:27\" data-filename=\"Fraunhofer-IISB-UT-scaled-1200x900.jpg\" data-slide-type=\"image\"><img loading=\"lazy\" decoding=\"async\" src=\"https:\/\/aacii.space\/wp-content\/uploads\/2023\/03\/Fraunhofer-IISB-UT-scaled-1200x900.jpg\" height=\"900\" width=\"1200\" alt=\"\" class=\"slider-5999 slide-6056 msDefaultImage\" title=\"Fraunhofer IISB UT\" \/><\/li>\n                <li style=\"display: none; width: 100%;\" class=\"slide-6057 ms-image \" aria-roledescription=\"slide\" data-date=\"2023-03-08 10:07:27\" data-filename=\"Schueler-Herwanger-Gruppenfoto-scaled-1200x900.jpg\" data-slide-type=\"image\"><img loading=\"lazy\" decoding=\"async\" src=\"https:\/\/aacii.space\/wp-content\/uploads\/2023\/03\/Schueler-Herwanger-Gruppenfoto-scaled-1200x900.jpg\" height=\"900\" width=\"1200\" alt=\"\" class=\"slider-5999 slide-6057 msDefaultImage\" title=\"Sch\u00fcler Herwanger Gruppenfoto\" \/><\/li>\n                <li style=\"display: none; width: 100%;\" class=\"slide-6058 ms-image \" aria-roledescription=\"slide\" data-date=\"2023-03-08 10:07:27\" data-filename=\"Turkish-Airlines-UT-Dr-Krueger-scaled-1200x900.jpg\" data-slide-type=\"image\"><img loading=\"lazy\" decoding=\"async\" src=\"https:\/\/aacii.space\/wp-content\/uploads\/2023\/03\/Turkish-Airlines-UT-Dr-Krueger-scaled-1200x900.jpg\" height=\"900\" width=\"1200\" alt=\"\" class=\"slider-5999 slide-6058 msDefaultImage\" title=\"Turkish Airlines UT Dr Kr\u00fcger\" \/><\/li>\n                <li style=\"display: none; width: 100%;\" class=\"slide-6059 ms-image \" aria-roledescription=\"slide\" data-date=\"2023-03-08 10:07:28\" data-filename=\"Dorfner-UT-Prof-Schilling-scaled-1200x900.jpg\" data-slide-type=\"image\"><img loading=\"lazy\" decoding=\"async\" src=\"https:\/\/aacii.space\/wp-content\/uploads\/2023\/03\/Dorfner-UT-Prof-Schilling-scaled-1200x900.jpg\" height=\"900\" width=\"1200\" alt=\"\" class=\"slider-5999 slide-6059 msDefaultImage\" title=\"Dorfner UT Prof Schilling\" \/><\/li>\n                <li style=\"display: none; width: 100%;\" class=\"slide-6060 ms-image \" aria-roledescription=\"slide\" data-date=\"2023-03-08 10:07:28\" data-filename=\"FUG-Wuebbenhorst-UT-scaled-1200x900.jpg\" data-slide-type=\"image\"><img loading=\"lazy\" decoding=\"async\" src=\"https:\/\/aacii.space\/wp-content\/uploads\/2023\/03\/FUG-Wuebbenhorst-UT-scaled-1200x900.jpg\" height=\"900\" width=\"1200\" alt=\"\" class=\"slider-5999 slide-6060 msDefaultImage\" title=\"FUG W\u00fcbbenhorst UT\" \/><\/li>\n                <li style=\"display: none; width: 100%;\" class=\"slide-6061 ms-image \" aria-roledescription=\"slide\" data-date=\"2023-03-08 10:07:28\" data-filename=\"Siemens-Schaef-Nolde-Kruedener-UT-scaled-1200x900.jpg\" data-slide-type=\"image\"><img loading=\"lazy\" decoding=\"async\" src=\"https:\/\/aacii.space\/wp-content\/uploads\/2023\/03\/Siemens-Schaef-Nolde-Kruedener-UT-scaled-1200x900.jpg\" height=\"900\" width=\"1200\" alt=\"\" class=\"slider-5999 slide-6061 msDefaultImage\" title=\"Siemens Schaef Nolde Kr\u00fcdener UT\" \/><\/li>\n                <li style=\"display: none; width: 100%;\" class=\"slide-6062 ms-image \" aria-roledescription=\"slide\" data-date=\"2023-03-08 10:07:28\" data-filename=\"A-Urkunde-Kaiserburg-Rittersaal-scaled-1200x900.jpg\" data-slide-type=\"image\"><img loading=\"lazy\" decoding=\"async\" src=\"https:\/\/aacii.space\/wp-content\/uploads\/2023\/03\/A-Urkunde-Kaiserburg-Rittersaal-scaled-1200x900.jpg\" height=\"900\" width=\"1200\" alt=\"\" class=\"slider-5999 slide-6062 msDefaultImage\" title=\"A Urkunde Kaiserburg Rittersaal\" \/><\/li>\n                <li style=\"display: none; width: 100%;\" class=\"slide-6063 ms-image \" aria-roledescription=\"slide\" data-date=\"2023-03-08 10:07:28\" data-filename=\"Drofner-Engelbrecht-OHB-Dr-Mueller-Rohrwild-scaled-1200x900.jpg\" data-slide-type=\"image\"><img loading=\"lazy\" decoding=\"async\" src=\"https:\/\/aacii.space\/wp-content\/uploads\/2023\/03\/Drofner-Engelbrecht-OHB-Dr-Mueller-Rohrwild-scaled-1200x900.jpg\" height=\"900\" width=\"1200\" alt=\"\" class=\"slider-5999 slide-6063 msDefaultImage\" title=\"Drofner Engelbrecht OHB Dr M\u00fcller Rohrwild\" \/><\/li>\n                <li style=\"display: none; width: 100%;\" class=\"slide-6064 ms-image \" aria-roledescription=\"slide\" data-date=\"2023-03-08 10:07:29\" data-filename=\"UT-Landtagsvize-Karl-Freller-scaled-1200x900.jpg\" data-slide-type=\"image\"><img loading=\"lazy\" decoding=\"async\" src=\"https:\/\/aacii.space\/wp-content\/uploads\/2023\/03\/UT-Landtagsvize-Karl-Freller-scaled-1200x900.jpg\" height=\"900\" width=\"1200\" alt=\"\" class=\"slider-5999 slide-6064 msDefaultImage\" title=\"UT Landtagsvize Karl Freller\" \/><\/li>\n            <\/ul>\n        <\/div>\n        \n    <\/div>\n<\/div><\/div>\n<div>&nbsp;<\/div>\n<div>&nbsp;<\/div>\n<div class=\"chapter-heading\">Das erwartet Sie auf dem Kongress<\/div>\n<div class=\"flex-content\" style=\"align-items: center;\">\n<div class=\"three-quarters\">\n<p>Das \u201cWho is Who\u201c des gesamten Luft- und Raumfahrtsektors trifft sich, um die besten und neuesten Technologien f\u00fcr den gesamten Sektor der \u00d6ffentlichkeit vorzustellen.<\/p>\n<div class=\"chapter-heading\">Aussteller aus folgenden Branchen stellen aus:<\/div>\n<p>Flugh\u00e4fen, Fluglinien, Satellitenhersteller und Betreiber, Logistik, Architekten, Flughafenplaner, Urban Air Mobility mit neuen Konzepten, Drohnen, The new reality in Automotives, Rockets, UAVs, etc.<\/p>\n<p>Eine gro\u00dfe Anzahl von Entscheidern zeigen ihre Konzepte direkt zum Austausch f\u00fcr Kooperationen. Die Wissenschaft ist vertreten mit bedeutenden Universit\u00e4ten, Instituten, Museen, Innovationskunst.<\/p>\n<div class=\"chapter-heading\">Wie bewegen wir uns morgen?<\/div>\n<p>Zukunft beginnt heute. Vor dem Geb\u00e4ude sehen Sie bereits Technikobjekte und in der gro\u00dfen Halle zeigt sich Innovationskunst, wie sich eine kongeniale Verbindung von Luft- und Raumfahrt mit der Umwelt gestaltet, 3D Holograms und Space Sounds.<\/p>\n<\/div>\n<\/div>\n<section class=\"counters\">\n<div class=\"container\">\n<div id=\"participant\" class=\"box\">\n<div class=\"participant\">&nbsp;<\/div>\n<div class=\"counter\" data-target=\"500\">0<\/div>\n<div class=\"counter-text\">Teilnehmer aus der ganzen Welt<\/div>\n<\/div>\n<div id=\"exhibitors\" class=\"box\">\n<div class=\"exhibitors\">&nbsp;<\/div>\n<div class=\"counter\" data-target=\"50\">0<\/div>\n<div class=\"counter-text\">Pavillons aus rund 30 L\u00e4ndern und 20 Regionen<\/div>\n<\/div>\n<div id=\"tech\" class=\"box\">\n<div class=\"tech\">&nbsp;<\/div>\n<div class=\"counter\" data-target=\"10\">0<\/div>\n<div class=\"counter-text\">Gro\u00dfe Themenparks mit neuen Entwicklungen<\/div>\n<\/div>\n<div id=\"startups\" class=\"box\">\n<div class=\"startups\">&nbsp;<\/div>\n<div class=\"counter-text\">Die bedeutendsten Start-ups und f\u00fchrenden Luft- und Raumfahrthersteller sowie Zuliefererund Dienstleister pr\u00e4sentieren ihre Leistungen f\u00fcr Kooperationen<\/div>\n<\/div>\n<\/div>\n<\/section>\n<div class=\"three-quarters\">\n<div class=\"chapter-heading\" style=\"margin-bottom: 15px;\">Das Programm f\u00fchrt Sie in verschiedenen Stufen durch den Kongress<br \/>\nals Erlebnis mit Wissenschaft &amp; Industrie sowie einem neuen Konzept:<\/div>\n<div class=\"flex-content\">\n<ul style=\"width: 75%;\">\n<li>Bereits vor dem Eingang sehen Sie Objekte aus Luft und Raumfahrt<\/li>\n<li>Am Eingang sehen Sie, dass Nachwuchsf\u00f6rderung fr\u00fch beginnt: Astro Kids in Astronautenanz\u00fcgen + Studenten in Pilotenkleidung aller Kontinente begleiten zur Registrierung, auch dem Astro Aviation Shop<\/li>\n<li>Ausgew\u00e4hlte nationale und internationale Luft-Raumfahrtstudenten \u00fcberreichen Ihnen das Programm. Die Themenparks innen wie: Aviation &#8211; Aerospace &#8211; Mobility-Automotives \u2013 Drohnen PAV\/UAM \u2013 Lunar &#8211; Robotics \u2013 Satelliten &#8211; K\u00fcnstliche Intelligenz &#8211; Future Generation \u2013 Helikopter<br \/>\nnew Flying Objects im Space Park.<\/li>\n<li>Der Kongress wird begr\u00fc\u00dft von erfolgreichen Pers\u00f6nlichkeiten aus Luft- &amp; Raumfahrt. Astronauten mit h\u00f6chster Reputation, Entscheider der Wirtschaft, Wissenschaft, Politik , Bildung, Diplomatie, Repr\u00e4sentanten ihrer L\u00e4nder und Regionen und Sektoren sowie Innovateure mit Experten aus Luft- und Raumfahrt sind anwesend.<\/li>\n<li>Der Standort N\u00fcrnberger Meistersingerhalle, ist bekannt durch viele technische Ausstellungen in bester Lage.<\/li>\n<\/ul>\n<p><img decoding=\"async\" class=\"text-image\" src=\"https:\/\/aacii.space\/wp-content\/uploads\/2022\/03\/aacii-space-nuernberg-meistersingerhalle-2-650x450-1.jpg\"><\/p>\n<\/div>\n<ul>\n<li>Die B2B Plattform wird Sie positiv \u00fcberraschen. Auf Wunsch erhalten Sie die Vorbereitung und Terminierung von ma\u00dfgeschneiderten Treffen, Interviews, Fotos, Videos gem\u00e4\u00df schriftlicher Angaben<\/li>\n<li>Es k\u00f6nnen auf Wunsch auch Einzeltreffen und Interviews f\u00fcr Sie abgestimmt und vorbereitet werden<\/li>\n<\/ul>\n<div class=\"chapter-heading\">Diese L\u00e4nder sind unter anderem vertreten:<\/div>\n<p>\u00c4thiopien, Australien, Belgien, Deutschland, Emirate, England, Fankreich, Indien, Italien, Japan, Kanada, Kasachstan, Kuwait, Luxemburg, Niederlande, Norwegen, \u00d6sterreich, Qatar, Slowakei, Spanien, Saudi Arabien, Tschechische Republik, USA und weitere.<\/p>\n<\/div>\n","protected":false},"excerpt":{"rendered":"<p>&nbsp; &nbsp; &nbsp; Das erwartet Sie auf dem Kongress Das \u201cWho is Who\u201c des gesamten Luft- und Raumfahrtsektors trifft sich, um die besten und neuesten Technologien f\u00fcr den gesamten Sektor der \u00d6ffentlichkeit vorzustellen. Aussteller aus folgenden Branchen stellen aus: Flugh\u00e4fen, Fluglinien, Satellitenhersteller und Betreiber, Logistik, Architekten, Flughafenplaner, Urban Air Mobility [&#8230;]<a href=\"https:\/\/aacii.space\/es\/kongresstag\/\"><br \/>weiterlesen &raquo;<\/a><\/p>\n","protected":false},"author":1,"featured_media":948,"parent":0,"menu_order":0,"comment_status":"closed","ping_status":"closed","template":"kongresstag.php","meta":{"kia_subtitle":"DIENSTAG 5 JULI KONGRESS IN N\u00dcRNBERG MEISTERSINGERHALLE","ngg_post_thumbnail":0,"footnotes":""},"class_list":["post-6196","page","type-page","status-publish","has-post-thumbnail","hentry"],"yoast_head":"<!-- This site is optimized with the Yoast SEO Premium plugin v27.2 (Yoast SEO v27.2) - https:\/\/yoast.com\/product\/yoast-seo-premium-wordpress\/ -->\n<title>PROGRAMM - AACII<\/title>\n<meta name=\"robots\" content=\"index, follow, max-snippet:-1, max-image-preview:large, max-video-preview:-1\" \/>\n<link rel=\"canonical\" href=\"https:\/\/aacii.space\/es\/kongresstag\/\" \/>\n<meta property=\"og:locale\" content=\"es_ES\" \/>\n<meta property=\"og:type\" content=\"article\" \/>\n<meta property=\"og:title\" content=\"PROGRAMM\" \/>\n<meta property=\"og:description\" content=\"&nbsp; &nbsp; &nbsp; Das erwartet Sie auf dem Kongress Das \u201cWho is Who\u201c des gesamten Luft- und Raumfahrtsektors trifft sich, um die besten und neuesten Technologien f\u00fcr den gesamten Sektor der \u00d6ffentlichkeit vorzustellen. Aussteller aus folgenden Branchen stellen aus: Flugh\u00e4fen, Fluglinien, Satellitenhersteller und Betreiber, Logistik, Architekten, Flughafenplaner, Urban Air Mobility [...]weiterlesen &raquo;\" \/>\n<meta property=\"og:url\" content=\"https:\/\/aacii.space\/es\/kongresstag\/\" \/>\n<meta property=\"og:site_name\" content=\"AACII\" \/>\n<meta property=\"og:image\" content=\"https:\/\/aacii.space\/wp-content\/uploads\/2022\/03\/aacii-space-nuernberg-meistersingerhalle-2-650x450-1.jpg\" \/>\n<meta name=\"twitter:card\" content=\"summary_large_image\" \/>\n<meta name=\"twitter:label1\" content=\"Tiempo de lectura\" \/>\n\t<meta name=\"twitter:data1\" content=\"2 minutos\" \/>\n<script type=\"application\/ld+json\" class=\"yoast-schema-graph\">{\"@context\":\"https:\/\/schema.org\",\"@graph\":[{\"@type\":\"WebPage\",\"@id\":\"https:\/\/aacii.space\/es\/kongresstag\/\",\"url\":\"https:\/\/aacii.space\/es\/kongresstag\/\",\"name\":\"PROGRAMM - AACII\",\"isPartOf\":{\"@id\":\"https:\/\/aacii.space\/#website\"},\"primaryImageOfPage\":{\"@id\":\"https:\/\/aacii.space\/es\/kongresstag\/#primaryimage\"},\"image\":{\"@id\":\"https:\/\/aacii.space\/es\/kongresstag\/#primaryimage\"},\"thumbnailUrl\":\"https:\/\/aacii.space\/wp-content\/uploads\/2021\/01\/ACCII-Space-Congress-Nuremberg-Header-5.jpg\",\"datePublished\":\"2020-12-05T12:35:58+00:00\",\"breadcrumb\":{\"@id\":\"https:\/\/aacii.space\/es\/kongresstag\/#breadcrumb\"},\"inLanguage\":\"es\",\"potentialAction\":[{\"@type\":\"ReadAction\",\"target\":[\"https:\/\/aacii.space\/es\/kongresstag\/\"]}]},{\"@type\":\"ImageObject\",\"inLanguage\":\"es\",\"@id\":\"https:\/\/aacii.space\/es\/kongresstag\/#primaryimage\",\"url\":\"https:\/\/aacii.space\/wp-content\/uploads\/2021\/01\/ACCII-Space-Congress-Nuremberg-Header-5.jpg\",\"contentUrl\":\"https:\/\/aacii.space\/wp-content\/uploads\/2021\/01\/ACCII-Space-Congress-Nuremberg-Header-5.jpg\",\"width\":1903,\"height\":450},{\"@type\":\"BreadcrumbList\",\"@id\":\"https:\/\/aacii.space\/es\/kongresstag\/#breadcrumb\",\"itemListElement\":[{\"@type\":\"ListItem\",\"position\":1,\"name\":\"Startseite\",\"item\":\"https:\/\/aacii.space\/es\/\"},{\"@type\":\"ListItem\",\"position\":2,\"name\":\"PROGRAMM\"}]},{\"@type\":\"WebSite\",\"@id\":\"https:\/\/aacii.space\/#website\",\"url\":\"https:\/\/aacii.space\/\",\"name\":\"AACII\",\"description\":\"AVIATION AEROSPACE INTERNATIONAL INTERDISCIPLINARY CONGRESS\",\"potentialAction\":[{\"@type\":\"SearchAction\",\"target\":{\"@type\":\"EntryPoint\",\"urlTemplate\":\"https:\/\/aacii.space\/?s={search_term_string}\"},\"query-input\":{\"@type\":\"PropertyValueSpecification\",\"valueRequired\":true,\"valueName\":\"search_term_string\"}}],\"inLanguage\":\"es\"}]}<\/script>\n<!-- \/ Yoast SEO Premium plugin. -->","yoast_head_json":{"title":"PROGRAMM - AACII","robots":{"index":"index","follow":"follow","max-snippet":"max-snippet:-1","max-image-preview":"max-image-preview:large","max-video-preview":"max-video-preview:-1"},"canonical":"https:\/\/aacii.space\/es\/kongresstag\/","og_locale":"es_ES","og_type":"article","og_title":"PROGRAMM","og_description":"&nbsp; &nbsp; &nbsp; Das erwartet Sie auf dem Kongress Das \u201cWho is Who\u201c des gesamten Luft- und Raumfahrtsektors trifft sich, um die besten und neuesten Technologien f\u00fcr den gesamten Sektor der \u00d6ffentlichkeit vorzustellen. Aussteller aus folgenden Branchen stellen aus: Flugh\u00e4fen, Fluglinien, Satellitenhersteller und Betreiber, Logistik, Architekten, Flughafenplaner, Urban Air Mobility [...]weiterlesen &raquo;","og_url":"https:\/\/aacii.space\/es\/kongresstag\/","og_site_name":"AACII","og_image":[{"url":"https:\/\/aacii.space\/wp-content\/uploads\/2022\/03\/aacii-space-nuernberg-meistersingerhalle-2-650x450-1.jpg","type":"","width":"","height":""}],"twitter_card":"summary_large_image","twitter_misc":{"Tiempo de lectura":"2 minutos"},"schema":{"@context":"https:\/\/schema.org","@graph":[{"@type":"WebPage","@id":"https:\/\/aacii.space\/es\/kongresstag\/","url":"https:\/\/aacii.space\/es\/kongresstag\/","name":"PROGRAMM - AACII","isPartOf":{"@id":"https:\/\/aacii.space\/#website"},"primaryImageOfPage":{"@id":"https:\/\/aacii.space\/es\/kongresstag\/#primaryimage"},"image":{"@id":"https:\/\/aacii.space\/es\/kongresstag\/#primaryimage"},"thumbnailUrl":"https:\/\/aacii.space\/wp-content\/uploads\/2021\/01\/ACCII-Space-Congress-Nuremberg-Header-5.jpg","datePublished":"2020-12-05T12:35:58+00:00","breadcrumb":{"@id":"https:\/\/aacii.space\/es\/kongresstag\/#breadcrumb"},"inLanguage":"es","potentialAction":[{"@type":"ReadAction","target":["https:\/\/aacii.space\/es\/kongresstag\/"]}]},{"@type":"ImageObject","inLanguage":"es","@id":"https:\/\/aacii.space\/es\/kongresstag\/#primaryimage","url":"https:\/\/aacii.space\/wp-content\/uploads\/2021\/01\/ACCII-Space-Congress-Nuremberg-Header-5.jpg","contentUrl":"https:\/\/aacii.space\/wp-content\/uploads\/2021\/01\/ACCII-Space-Congress-Nuremberg-Header-5.jpg","width":1903,"height":450},{"@type":"BreadcrumbList","@id":"https:\/\/aacii.space\/es\/kongresstag\/#breadcrumb","itemListElement":[{"@type":"ListItem","position":1,"name":"Startseite","item":"https:\/\/aacii.space\/es\/"},{"@type":"ListItem","position":2,"name":"PROGRAMM"}]},{"@type":"WebSite","@id":"https:\/\/aacii.space\/#website","url":"https:\/\/aacii.space\/","name":"AACII","description":"AVIATION AEROSPACE INTERNATIONAL INTERDISCIPLINARY CONGRESS","potentialAction":[{"@type":"SearchAction","target":{"@type":"EntryPoint","urlTemplate":"https:\/\/aacii.space\/?s={search_term_string}"},"query-input":{"@type":"PropertyValueSpecification","valueRequired":true,"valueName":"search_term_string"}}],"inLanguage":"es"}]}},"_links":{"self":[{"href":"https:\/\/aacii.space\/es\/wp-json\/wp\/v2\/pages\/6196","targetHints":{"allow":["GET"]}}],"collection":[{"href":"https:\/\/aacii.space\/es\/wp-json\/wp\/v2\/pages"}],"about":[{"href":"https:\/\/aacii.space\/es\/wp-json\/wp\/v2\/types\/page"}],"author":[{"embeddable":true,"href":"https:\/\/aacii.space\/es\/wp-json\/wp\/v2\/users\/1"}],"replies":[{"embeddable":true,"href":"https:\/\/aacii.space\/es\/wp-json\/wp\/v2\/comments?post=6196"}],"version-history":[{"count":0,"href":"https:\/\/aacii.space\/es\/wp-json\/wp\/v2\/pages\/6196\/revisions"}],"wp:featuredmedia":[{"embeddable":true,"href":"https:\/\/aacii.space\/es\/wp-json\/wp\/v2\/media\/948"}],"wp:attachment":[{"href":"https:\/\/aacii.space\/es\/wp-json\/wp\/v2\/media?parent=6196"}],"curies":[{"name":"wp","href":"https:\/\/api.w.org\/{rel}","templated":true}]}}