{"id":6195,"date":"2021-07-20T08:32:44","date_gmt":"2021-07-20T06:32:44","guid":{"rendered":"https:\/\/aacii.space\/programa-2\/"},"modified":"2023-04-04T15:58:25","modified_gmt":"2023-04-04T13:58:25","slug":"el-reticulo2","status":"publish","type":"page","link":"https:\/\/aacii.space\/es\/el-reticulo2\/","title":{"rendered":"EL RET\u00cdCULO2"},"content":{"rendered":"<div class=\"chapter-heading\">Lo que le espera en la feria<\/div>\n<div class=\"flex-content\" style=\"align-items: center;\">\n<div class=\"three-quarters\">\n<p>El qui\u00e9n es qui\u00e9n del sector Aeron\u00e1utico y Aeroespacial se encuentra para presentar a la opini\u00f3n p\u00fablica las m\u00e1s recientes, innovadoras e interesantes tecnolog\u00edas del sector<\/p>\n<div class=\"chapter-heading\">Exponen los expositores de los siguientes sectores:<\/div>\n<p>Aeropuertos, compa\u00f1\u00edas a\u00e9reas, fabricantes y operadores de sat\u00e9lites, log\u00edstica, arquitectos, planificadores aeroportuarios, movilidad a\u00e9rea urbana con nuevos conceptos, drones, la nueva realidad en la automoci\u00f3n, cohetes, veh\u00edculos a\u00e9reos no tripulados, etc.<\/p>\n<p>Un gran n\u00famero de responsables muestran sus conceptos directamente para el intercambio de cooperaciones. La ciencia est\u00e1 representada con importantes universidades, institutos, museos, arte de la innovaci\u00f3n.<\/p>\n<div class=\"chapter-heading\">\u00bfC\u00f3mo nos moveremos ma\u00f1ana?<\/div>\n<p>El futuro empieza hoy. Delante del edificio ya se pueden ver objetos tecnol\u00f3gicos y en el gran vest\u00edbulo se puede ver el arte de la innovaci\u00f3n, c\u00f3mo una conexi\u00f3n congenial del sector aeroespacial con el medio ambiente, hologramas en 3D y sonidos espaciales.<\/p>\n<\/div>\n<\/div>\n<section class=\"counters\">\n<div class=\"container\">\n<div id=\"participant\" class=\"box\">\n<div class=\"participant\"><\/div>\n<div class=\"counter\" data-target=\"500\">0<\/div>\n<div class=\"counter-text\">Participantes de todo el mundo<\/div>\n<\/div>\n<div id=\"exhibitors\" class=\"box\">\n<div class=\"exhibitors\"><\/div>\n<div class=\"counter\" data-target=\"50\">0<\/div>\n<div class=\"counter-text\">Pabellones de unos 30 pa\u00edses y 20 regiones<\/div>\n<\/div>\n<div id=\"tech\" class=\"box\">\n<div class=\"tech\"><\/div>\n<div class=\"counter\" data-target=\"10\">0<\/div>\n<div class=\"counter-text\">Grandes parques tem\u00e1ticos con nuevos desarrollos<\/div>\n<\/div>\n<div id=\"startups\" class=\"box\">\n<div class=\"startups\"><\/div>\n<div class=\"counter-text\">Las m\u00e1s importantes empresas de nueva creaci\u00f3n y los principales fabricantes del sector aeroespacial, as\u00ed como los proveedores de servicios, presentar\u00e1n sus servicios para la cooperaci\u00f3n.<\/div>\n<\/div>\n<\/div>\n<\/section>\n<div class=\"three-quarters\">\n<div class=\"chapter-heading\" style=\"margin-bottom: 15px;\">El programa le gu\u00eda a trav\u00e9s del congreso en diferentes etapas<br \/>\ncomo una experiencia con la ciencia y la industria, as\u00ed como un nuevo concepto:<\/div>\n<div class=\"flex-content\">\n<ul style=\"width: 75%;\">\n<li>Ya frente a la entrada se ven objetos de viajes a\u00e9reos y espaciales<\/li>\n<li>En la entrada se puede ver que la promoci\u00f3n de los j\u00f3venes talentos comienza temprano: Astro Kids en trajes de astronauta + mini pilotos de todos los continentes te acompa\u00f1an a la inscripci\u00f3n, tambi\u00e9n la tienda de Astro Aviation<\/li>\n<li>Los estudiantes seleccionados de la industria aeroespacial nacional e internacional le entregar\u00e1n el programa, le llevar\u00e1n a los 50 pabellones y a los principales parques tem\u00e1ticos, a la muestra de tecnolog\u00eda en la Pasarela de los nuevos Objetos Voladores y al espectacular Gran Parque Espacial en el patio interior<\/li>\n<li>El congreso es acogido por personalidades de \u00e9xito de la industria aeroespacial. Est\u00e1n presentes astronautas de la m\u00e1s alta reputaci\u00f3n, responsables de la toma de decisiones de los negocios, la ciencia, la pol\u00edtica , la educaci\u00f3n, la diplomacia, representantes de sus pa\u00edses y regiones y sectores, as\u00ed como innovadores expertos en el sector aeroespacial.<\/li>\n<\/ul>\n<p><img decoding=\"async\" class=\"text-image\" src=\"https:\/\/aacii.space\/wp-content\/uploads\/2020\/12\/Aviation-Aerospace-vor-der-messe-westeingang.jpg\"><\/p>\n<\/div>\n<ul>\n<li>La plataforma B2B le sorprender\u00e1 positivamente. Si lo solicita, recibir\u00e1 la preparaci\u00f3n y programaci\u00f3n de reuniones a medida, entrevistas, fotos, v\u00eddeos seg\u00fan las especificaciones escritas<\/li>\n<li>Tambi\u00e9n se pueden coordinar y preparar para usted reuniones y entrevistas individuales si lo solicita<\/li>\n<\/ul>\n<div class=\"chapter-heading\">Estos pa\u00edses se encuentran entre los representados:<\/div>\n<p>Alemania, Arabia Saud\u00ed, Australia, Austria, B\u00e9lgica, Canad\u00e1, Emiratos, Eslovaquia, Espa\u00f1a, Estados Unidos, Francia, Inglaterra, India, Italia, Jap\u00f3n, Kazajist\u00e1n, Kuwait, Luxemburgo, Noruega, Pa\u00edses Bajos, Qatar, Rep\u00fablica Checa, Rusia y Ucrania, entre otros.<\/p>\n<\/div>\n","protected":false},"excerpt":{"rendered":"<p>Lo que le espera en la feria El qui\u00e9n es qui\u00e9n del sector Aeron\u00e1utico y Aeroespacial se encuentra para presentar a la opini\u00f3n p\u00fablica las m\u00e1s recientes, innovadoras e interesantes tecnolog\u00edas del sector Exponen los expositores de los siguientes sectores: Aeropuertos, compa\u00f1\u00edas a\u00e9reas, fabricantes y operadores de sat\u00e9lites, log\u00edstica, arquitectos, [&#8230;]<a href=\"https:\/\/aacii.space\/es\/el-reticulo2\/\"><br \/>weiterlesen &raquo;<\/a><\/p>\n","protected":false},"author":1,"featured_media":0,"parent":0,"menu_order":0,"comment_status":"closed","ping_status":"closed","template":"","meta":{"kia_subtitle":"","ngg_post_thumbnail":0,"footnotes":""},"class_list":["post-6195","page","type-page","status-publish","hentry"],"yoast_head":"<!-- This site is optimized with the Yoast SEO Premium plugin v27.2 (Yoast SEO v27.2) - https:\/\/yoast.com\/product\/yoast-seo-premium-wordpress\/ -->\n<title>EL RET\u00cdCULO2 - AACII<\/title>\n<meta name=\"robots\" content=\"index, follow, max-snippet:-1, max-image-preview:large, max-video-preview:-1\" \/>\n<link rel=\"canonical\" href=\"https:\/\/aacii.space\/es\/el-reticulo2\/\" \/>\n<meta property=\"og:locale\" content=\"es_ES\" \/>\n<meta property=\"og:type\" content=\"article\" \/>\n<meta property=\"og:title\" content=\"EL RET\u00cdCULO2\" \/>\n<meta property=\"og:description\" content=\"Lo que le espera en la feria El qui\u00e9n es qui\u00e9n del sector Aeron\u00e1utico y Aeroespacial se encuentra para presentar a la opini\u00f3n p\u00fablica las m\u00e1s recientes, innovadoras e interesantes tecnolog\u00edas del sector Exponen los expositores de los siguientes sectores: Aeropuertos, compa\u00f1\u00edas a\u00e9reas, fabricantes y operadores de sat\u00e9lites, log\u00edstica, arquitectos, [...]weiterlesen &raquo;\" \/>\n<meta property=\"og:url\" content=\"https:\/\/aacii.space\/es\/el-reticulo2\/\" \/>\n<meta property=\"og:site_name\" content=\"AACII\" \/>\n<meta property=\"article:modified_time\" content=\"2023-04-04T13:58:25+00:00\" \/>\n<meta property=\"og:image\" content=\"https:\/\/aacii.space\/wp-content\/uploads\/2020\/12\/Aviation-Aerospace-vor-der-messe-westeingang.jpg\" \/>\n<meta name=\"twitter:card\" content=\"summary_large_image\" \/>\n<meta name=\"twitter:label1\" content=\"Tiempo de lectura\" \/>\n\t<meta name=\"twitter:data1\" content=\"3 minutos\" \/>\n<script type=\"application\/ld+json\" class=\"yoast-schema-graph\">{\"@context\":\"https:\/\/schema.org\",\"@graph\":[{\"@type\":\"WebPage\",\"@id\":\"https:\/\/aacii.space\/es\/el-reticulo2\/\",\"url\":\"https:\/\/aacii.space\/es\/el-reticulo2\/\",\"name\":\"EL RET\u00cdCULO2 - AACII\",\"isPartOf\":{\"@id\":\"https:\/\/aacii.space\/#website\"},\"primaryImageOfPage\":{\"@id\":\"https:\/\/aacii.space\/es\/el-reticulo2\/#primaryimage\"},\"image\":{\"@id\":\"https:\/\/aacii.space\/es\/el-reticulo2\/#primaryimage\"},\"thumbnailUrl\":\"https:\/\/aacii.space\/wp-content\/uploads\/2020\/12\/Aviation-Aerospace-vor-der-messe-westeingang.jpg\",\"datePublished\":\"2021-07-20T06:32:44+00:00\",\"dateModified\":\"2023-04-04T13:58:25+00:00\",\"breadcrumb\":{\"@id\":\"https:\/\/aacii.space\/es\/el-reticulo2\/#breadcrumb\"},\"inLanguage\":\"es\",\"potentialAction\":[{\"@type\":\"ReadAction\",\"target\":[\"https:\/\/aacii.space\/es\/el-reticulo2\/\"]}]},{\"@type\":\"ImageObject\",\"inLanguage\":\"es\",\"@id\":\"https:\/\/aacii.space\/es\/el-reticulo2\/#primaryimage\",\"url\":\"https:\/\/aacii.space\/wp-content\/uploads\/2020\/12\/Aviation-Aerospace-vor-der-messe-westeingang.jpg\",\"contentUrl\":\"https:\/\/aacii.space\/wp-content\/uploads\/2020\/12\/Aviation-Aerospace-vor-der-messe-westeingang.jpg\"},{\"@type\":\"BreadcrumbList\",\"@id\":\"https:\/\/aacii.space\/es\/el-reticulo2\/#breadcrumb\",\"itemListElement\":[{\"@type\":\"ListItem\",\"position\":1,\"name\":\"Startseite\",\"item\":\"https:\/\/aacii.space\/es\/\"},{\"@type\":\"ListItem\",\"position\":2,\"name\":\"EL RET\u00cdCULO2\"}]},{\"@type\":\"WebSite\",\"@id\":\"https:\/\/aacii.space\/#website\",\"url\":\"https:\/\/aacii.space\/\",\"name\":\"AACII\",\"description\":\"AVIATION AEROSPACE INTERNATIONAL INTERDISCIPLINARY CONGRESS\",\"potentialAction\":[{\"@type\":\"SearchAction\",\"target\":{\"@type\":\"EntryPoint\",\"urlTemplate\":\"https:\/\/aacii.space\/?s={search_term_string}\"},\"query-input\":{\"@type\":\"PropertyValueSpecification\",\"valueRequired\":true,\"valueName\":\"search_term_string\"}}],\"inLanguage\":\"es\"}]}<\/script>\n<!-- \/ Yoast SEO Premium plugin. -->","yoast_head_json":{"title":"EL RET\u00cdCULO2 - AACII","robots":{"index":"index","follow":"follow","max-snippet":"max-snippet:-1","max-image-preview":"max-image-preview:large","max-video-preview":"max-video-preview:-1"},"canonical":"https:\/\/aacii.space\/es\/el-reticulo2\/","og_locale":"es_ES","og_type":"article","og_title":"EL RET\u00cdCULO2","og_description":"Lo que le espera en la feria El qui\u00e9n es qui\u00e9n del sector Aeron\u00e1utico y Aeroespacial se encuentra para presentar a la opini\u00f3n p\u00fablica las m\u00e1s recientes, innovadoras e interesantes tecnolog\u00edas del sector Exponen los expositores de los siguientes sectores: Aeropuertos, compa\u00f1\u00edas a\u00e9reas, fabricantes y operadores de sat\u00e9lites, log\u00edstica, arquitectos, [...]weiterlesen &raquo;","og_url":"https:\/\/aacii.space\/es\/el-reticulo2\/","og_site_name":"AACII","article_modified_time":"2023-04-04T13:58:25+00:00","og_image":[{"url":"https:\/\/aacii.space\/wp-content\/uploads\/2020\/12\/Aviation-Aerospace-vor-der-messe-westeingang.jpg","type":"","width":"","height":""}],"twitter_card":"summary_large_image","twitter_misc":{"Tiempo de lectura":"3 minutos"},"schema":{"@context":"https:\/\/schema.org","@graph":[{"@type":"WebPage","@id":"https:\/\/aacii.space\/es\/el-reticulo2\/","url":"https:\/\/aacii.space\/es\/el-reticulo2\/","name":"EL RET\u00cdCULO2 - AACII","isPartOf":{"@id":"https:\/\/aacii.space\/#website"},"primaryImageOfPage":{"@id":"https:\/\/aacii.space\/es\/el-reticulo2\/#primaryimage"},"image":{"@id":"https:\/\/aacii.space\/es\/el-reticulo2\/#primaryimage"},"thumbnailUrl":"https:\/\/aacii.space\/wp-content\/uploads\/2020\/12\/Aviation-Aerospace-vor-der-messe-westeingang.jpg","datePublished":"2021-07-20T06:32:44+00:00","dateModified":"2023-04-04T13:58:25+00:00","breadcrumb":{"@id":"https:\/\/aacii.space\/es\/el-reticulo2\/#breadcrumb"},"inLanguage":"es","potentialAction":[{"@type":"ReadAction","target":["https:\/\/aacii.space\/es\/el-reticulo2\/"]}]},{"@type":"ImageObject","inLanguage":"es","@id":"https:\/\/aacii.space\/es\/el-reticulo2\/#primaryimage","url":"https:\/\/aacii.space\/wp-content\/uploads\/2020\/12\/Aviation-Aerospace-vor-der-messe-westeingang.jpg","contentUrl":"https:\/\/aacii.space\/wp-content\/uploads\/2020\/12\/Aviation-Aerospace-vor-der-messe-westeingang.jpg"},{"@type":"BreadcrumbList","@id":"https:\/\/aacii.space\/es\/el-reticulo2\/#breadcrumb","itemListElement":[{"@type":"ListItem","position":1,"name":"Startseite","item":"https:\/\/aacii.space\/es\/"},{"@type":"ListItem","position":2,"name":"EL RET\u00cdCULO2"}]},{"@type":"WebSite","@id":"https:\/\/aacii.space\/#website","url":"https:\/\/aacii.space\/","name":"AACII","description":"AVIATION AEROSPACE INTERNATIONAL INTERDISCIPLINARY CONGRESS","potentialAction":[{"@type":"SearchAction","target":{"@type":"EntryPoint","urlTemplate":"https:\/\/aacii.space\/?s={search_term_string}"},"query-input":{"@type":"PropertyValueSpecification","valueRequired":true,"valueName":"search_term_string"}}],"inLanguage":"es"}]}},"_links":{"self":[{"href":"https:\/\/aacii.space\/es\/wp-json\/wp\/v2\/pages\/6195","targetHints":{"allow":["GET"]}}],"collection":[{"href":"https:\/\/aacii.space\/es\/wp-json\/wp\/v2\/pages"}],"about":[{"href":"https:\/\/aacii.space\/es\/wp-json\/wp\/v2\/types\/page"}],"author":[{"embeddable":true,"href":"https:\/\/aacii.space\/es\/wp-json\/wp\/v2\/users\/1"}],"replies":[{"embeddable":true,"href":"https:\/\/aacii.space\/es\/wp-json\/wp\/v2\/comments?post=6195"}],"version-history":[{"count":1,"href":"https:\/\/aacii.space\/es\/wp-json\/wp\/v2\/pages\/6195\/revisions"}],"predecessor-version":[{"id":6201,"href":"https:\/\/aacii.space\/es\/wp-json\/wp\/v2\/pages\/6195\/revisions\/6201"}],"wp:attachment":[{"href":"https:\/\/aacii.space\/es\/wp-json\/wp\/v2\/media?parent=6195"}],"curies":[{"name":"wp","href":"https:\/\/api.w.org\/{rel}","templated":true}]}}