{"id":6181,"date":"2021-01-05T21:37:33","date_gmt":"2021-01-05T20:37:33","guid":{"rendered":"https:\/\/aacii.space\/tickets-5\/"},"modified":"2023-04-06T14:29:13","modified_gmt":"2023-04-06T12:29:13","slug":"fechas-de-charlas-de-expertos","status":"publish","type":"page","link":"https:\/\/aacii.space\/es\/fechas-de-charlas-de-expertos\/","title":{"rendered":"Fechas de charlas de expertos"},"content":{"rendered":"<p>&nbsp;<\/p>\n<p><img loading=\"lazy\" decoding=\"async\" class=\"alignnone size-medium wp-image-6231\" src=\"https:\/\/aacii.space\/wp-content\/uploads\/2023\/04\/TischFlaggen-Alle-20180316_094001-300x225.jpg\" alt=\"\" width=\"300\" height=\"225\" srcset=\"https:\/\/aacii.space\/wp-content\/uploads\/2023\/04\/TischFlaggen-Alle-20180316_094001-300x225.jpg 300w, https:\/\/aacii.space\/wp-content\/uploads\/2023\/04\/TischFlaggen-Alle-20180316_094001-768x576.jpg 768w, https:\/\/aacii.space\/wp-content\/uploads\/2023\/04\/TischFlaggen-Alle-20180316_094001.jpg 1024w\" sizes=\"auto, (max-width: 300px) 100vw, 300px\" \/><\/p>\n<p>&nbsp;<\/p>\n<p class=\"chapter-heading\">Descripci\u00f3n general del horario de charlas de expertos:<\/p>\n<p><span class=\"HwtZe\" lang=\"de\"><span class=\"jCAhz\"><span class=\"ryNqvb\">Varias charlas de expertos est\u00e1n previstas para 2023. <\/span><\/span><\/span><br \/>\nPuede esperar muchos temas interesantes con oradores de alto rango. No pierda esta oportunidad antes del Congreso AACII real en 2024.<br \/>\n&nbsp;<\/p>\n<p><strong> \u201eTogether for a better world\u201c<\/strong><\/p>\n<p class=\"chapter-heading\">Marzo:<\/p>\n<p><strong>6. hasta 10. Marzo,<\/strong> SpaceOps, Dubai, UAE<br \/>\n<strong>7. hasta 8. Marzo,<\/strong> Paris Space Week, Paris, FRA<br \/>\n<strong>16. hasta 18. Marzo,<\/strong> Riad Airshow, Riad, KSA<br \/>\n&nbsp;<\/p>\n<p>&nbsp;<\/p>\n<p class=\"chapter-heading\">Abril:<\/p>\n<p><strong>6. hasta 10. Abril,<\/strong> AERO Friedrichshafen, Fridrichshafen, GER<br \/>\n&nbsp;<\/p>\n<p>&nbsp;<\/p>\n<p class=\"chapter-heading\">Puede:<\/p>\n<p><strong>23. hasta 25. Puede,<\/strong> IAF Global Space Conference on Climate Change, Oslo, NOR<\/p>\n<p>&nbsp;<\/p>\n<p>&nbsp;<\/p>\n<p class=\"chapter-heading\">Junio:<\/p>\n<p><strong>19. hasta 25. Junio,<\/strong> Paris Air Show, Paris, FRA<br \/>\n<strong>21. hasta 21. Junio,<\/strong> 11. Willst\u00e4tter exhibici\u00f3n de tecnolog\u00eda, Nuremberg, GER<\/p>\n<p>&nbsp;<\/p>\n<p>&nbsp;<\/p>\n<p class=\"chapter-heading\">Julio:<\/p>\n<p><strong>6. hasta 10. Julio,<\/strong> EAA Air Venture, Oshkosh, USA<br \/>\n<strong>in Planung,<\/strong> TU Wien Expert Talk, Vienna, AUT<\/p>\n<p>&nbsp;<\/p>\n<p>&nbsp;<\/p>\n<p class=\"chapter-heading\">Septiembre:<\/p>\n<p><strong>26. hasta 28. Septiembre,<\/strong> World Aviation Days, Amsterdam, NED<\/p>\n<p>&nbsp;<br \/>\n&nbsp;<\/p>\n<p class=\"chapter-heading\">Octubre:<\/p>\n<p><strong>25. hasta 27. Octubre,<\/strong> AIRTEC, Munich, GER<\/p>\n<p>&nbsp;<\/p>\n<p>&nbsp;<\/p>\n<p class=\"chapter-heading\">Noviembre:<\/p>\n<p><strong>12. hasta 16. Noviembre,<\/strong> Dubai Airshow, Dubai, UAE<\/p>\n<p>&nbsp;<\/p>\n","protected":false},"excerpt":{"rendered":"<p>&nbsp; &nbsp; Descripci\u00f3n general del horario de charlas de expertos: Varias charlas de expertos est\u00e1n previstas para 2023. Puede esperar muchos temas interesantes con oradores de alto rango. No pierda esta oportunidad antes del Congreso AACII real en 2024. &nbsp; \u201eTogether for a better world\u201c Marzo: 6. hasta 10. Marzo, [&#8230;]<a href=\"https:\/\/aacii.space\/es\/fechas-de-charlas-de-expertos\/\"><br \/>weiterlesen &raquo;<\/a><\/p>\n","protected":false},"author":1,"featured_media":948,"parent":0,"menu_order":0,"comment_status":"closed","ping_status":"closed","template":"","meta":{"kia_subtitle":"","ngg_post_thumbnail":0,"footnotes":""},"class_list":["post-6181","page","type-page","status-publish","has-post-thumbnail","hentry"],"yoast_head":"<!-- This site is optimized with the Yoast SEO Premium plugin v27.2 (Yoast SEO v27.2) - https:\/\/yoast.com\/product\/yoast-seo-premium-wordpress\/ -->\n<title>Fechas de charlas de expertos - AACII<\/title>\n<meta name=\"robots\" content=\"index, follow, max-snippet:-1, max-image-preview:large, max-video-preview:-1\" \/>\n<link rel=\"canonical\" href=\"https:\/\/aacii.space\/es\/fechas-de-charlas-de-expertos\/\" \/>\n<meta property=\"og:locale\" content=\"es_ES\" \/>\n<meta property=\"og:type\" content=\"article\" \/>\n<meta property=\"og:title\" content=\"Fechas de charlas de expertos\" \/>\n<meta property=\"og:description\" content=\"&nbsp; &nbsp; Descripci\u00f3n general del horario de charlas de expertos: Varias charlas de expertos est\u00e1n previstas para 2023. Puede esperar muchos temas interesantes con oradores de alto rango. No pierda esta oportunidad antes del Congreso AACII real en 2024. &nbsp; \u201eTogether for a better world\u201c Marzo: 6. hasta 10. Marzo, [...]weiterlesen &raquo;\" \/>\n<meta property=\"og:url\" content=\"https:\/\/aacii.space\/es\/fechas-de-charlas-de-expertos\/\" \/>\n<meta property=\"og:site_name\" content=\"AACII\" \/>\n<meta property=\"article:modified_time\" content=\"2023-04-06T12:29:13+00:00\" \/>\n<meta property=\"og:image\" content=\"https:\/\/aacii.space\/wp-content\/uploads\/2021\/01\/ACCII-Space-Congress-Nuremberg-Header-5.jpg\" \/>\n\t<meta property=\"og:image:width\" content=\"1903\" \/>\n\t<meta property=\"og:image:height\" content=\"450\" \/>\n\t<meta property=\"og:image:type\" content=\"image\/jpeg\" \/>\n<meta name=\"twitter:card\" content=\"summary_large_image\" \/>\n<meta name=\"twitter:label1\" content=\"Tiempo de lectura\" \/>\n\t<meta name=\"twitter:data1\" content=\"2 minutos\" \/>\n<script type=\"application\/ld+json\" class=\"yoast-schema-graph\">{\"@context\":\"https:\/\/schema.org\",\"@graph\":[{\"@type\":\"WebPage\",\"@id\":\"https:\/\/aacii.space\/es\/fechas-de-charlas-de-expertos\/\",\"url\":\"https:\/\/aacii.space\/es\/fechas-de-charlas-de-expertos\/\",\"name\":\"Fechas de charlas de expertos - AACII\",\"isPartOf\":{\"@id\":\"https:\/\/aacii.space\/#website\"},\"primaryImageOfPage\":{\"@id\":\"https:\/\/aacii.space\/es\/fechas-de-charlas-de-expertos\/#primaryimage\"},\"image\":{\"@id\":\"https:\/\/aacii.space\/es\/fechas-de-charlas-de-expertos\/#primaryimage\"},\"thumbnailUrl\":\"https:\/\/aacii.space\/wp-content\/uploads\/2021\/01\/ACCII-Space-Congress-Nuremberg-Header-5.jpg\",\"datePublished\":\"2021-01-05T20:37:33+00:00\",\"dateModified\":\"2023-04-06T12:29:13+00:00\",\"breadcrumb\":{\"@id\":\"https:\/\/aacii.space\/es\/fechas-de-charlas-de-expertos\/#breadcrumb\"},\"inLanguage\":\"es\",\"potentialAction\":[{\"@type\":\"ReadAction\",\"target\":[\"https:\/\/aacii.space\/es\/fechas-de-charlas-de-expertos\/\"]}]},{\"@type\":\"ImageObject\",\"inLanguage\":\"es\",\"@id\":\"https:\/\/aacii.space\/es\/fechas-de-charlas-de-expertos\/#primaryimage\",\"url\":\"https:\/\/aacii.space\/wp-content\/uploads\/2021\/01\/ACCII-Space-Congress-Nuremberg-Header-5.jpg\",\"contentUrl\":\"https:\/\/aacii.space\/wp-content\/uploads\/2021\/01\/ACCII-Space-Congress-Nuremberg-Header-5.jpg\",\"width\":1903,\"height\":450},{\"@type\":\"BreadcrumbList\",\"@id\":\"https:\/\/aacii.space\/es\/fechas-de-charlas-de-expertos\/#breadcrumb\",\"itemListElement\":[{\"@type\":\"ListItem\",\"position\":1,\"name\":\"Startseite\",\"item\":\"https:\/\/aacii.space\/es\/\"},{\"@type\":\"ListItem\",\"position\":2,\"name\":\"Fechas de charlas de expertos\"}]},{\"@type\":\"WebSite\",\"@id\":\"https:\/\/aacii.space\/#website\",\"url\":\"https:\/\/aacii.space\/\",\"name\":\"AACII\",\"description\":\"AVIATION AEROSPACE INTERNATIONAL INTERDISCIPLINARY CONGRESS\",\"potentialAction\":[{\"@type\":\"SearchAction\",\"target\":{\"@type\":\"EntryPoint\",\"urlTemplate\":\"https:\/\/aacii.space\/?s={search_term_string}\"},\"query-input\":{\"@type\":\"PropertyValueSpecification\",\"valueRequired\":true,\"valueName\":\"search_term_string\"}}],\"inLanguage\":\"es\"}]}<\/script>\n<!-- \/ Yoast SEO Premium plugin. -->","yoast_head_json":{"title":"Fechas de charlas de expertos - AACII","robots":{"index":"index","follow":"follow","max-snippet":"max-snippet:-1","max-image-preview":"max-image-preview:large","max-video-preview":"max-video-preview:-1"},"canonical":"https:\/\/aacii.space\/es\/fechas-de-charlas-de-expertos\/","og_locale":"es_ES","og_type":"article","og_title":"Fechas de charlas de expertos","og_description":"&nbsp; &nbsp; Descripci\u00f3n general del horario de charlas de expertos: Varias charlas de expertos est\u00e1n previstas para 2023. Puede esperar muchos temas interesantes con oradores de alto rango. No pierda esta oportunidad antes del Congreso AACII real en 2024. &nbsp; \u201eTogether for a better world\u201c Marzo: 6. hasta 10. Marzo, [...]weiterlesen &raquo;","og_url":"https:\/\/aacii.space\/es\/fechas-de-charlas-de-expertos\/","og_site_name":"AACII","article_modified_time":"2023-04-06T12:29:13+00:00","og_image":[{"width":1903,"height":450,"url":"https:\/\/aacii.space\/wp-content\/uploads\/2021\/01\/ACCII-Space-Congress-Nuremberg-Header-5.jpg","type":"image\/jpeg"}],"twitter_card":"summary_large_image","twitter_misc":{"Tiempo de lectura":"2 minutos"},"schema":{"@context":"https:\/\/schema.org","@graph":[{"@type":"WebPage","@id":"https:\/\/aacii.space\/es\/fechas-de-charlas-de-expertos\/","url":"https:\/\/aacii.space\/es\/fechas-de-charlas-de-expertos\/","name":"Fechas de charlas de expertos - AACII","isPartOf":{"@id":"https:\/\/aacii.space\/#website"},"primaryImageOfPage":{"@id":"https:\/\/aacii.space\/es\/fechas-de-charlas-de-expertos\/#primaryimage"},"image":{"@id":"https:\/\/aacii.space\/es\/fechas-de-charlas-de-expertos\/#primaryimage"},"thumbnailUrl":"https:\/\/aacii.space\/wp-content\/uploads\/2021\/01\/ACCII-Space-Congress-Nuremberg-Header-5.jpg","datePublished":"2021-01-05T20:37:33+00:00","dateModified":"2023-04-06T12:29:13+00:00","breadcrumb":{"@id":"https:\/\/aacii.space\/es\/fechas-de-charlas-de-expertos\/#breadcrumb"},"inLanguage":"es","potentialAction":[{"@type":"ReadAction","target":["https:\/\/aacii.space\/es\/fechas-de-charlas-de-expertos\/"]}]},{"@type":"ImageObject","inLanguage":"es","@id":"https:\/\/aacii.space\/es\/fechas-de-charlas-de-expertos\/#primaryimage","url":"https:\/\/aacii.space\/wp-content\/uploads\/2021\/01\/ACCII-Space-Congress-Nuremberg-Header-5.jpg","contentUrl":"https:\/\/aacii.space\/wp-content\/uploads\/2021\/01\/ACCII-Space-Congress-Nuremberg-Header-5.jpg","width":1903,"height":450},{"@type":"BreadcrumbList","@id":"https:\/\/aacii.space\/es\/fechas-de-charlas-de-expertos\/#breadcrumb","itemListElement":[{"@type":"ListItem","position":1,"name":"Startseite","item":"https:\/\/aacii.space\/es\/"},{"@type":"ListItem","position":2,"name":"Fechas de charlas de expertos"}]},{"@type":"WebSite","@id":"https:\/\/aacii.space\/#website","url":"https:\/\/aacii.space\/","name":"AACII","description":"AVIATION AEROSPACE INTERNATIONAL INTERDISCIPLINARY CONGRESS","potentialAction":[{"@type":"SearchAction","target":{"@type":"EntryPoint","urlTemplate":"https:\/\/aacii.space\/?s={search_term_string}"},"query-input":{"@type":"PropertyValueSpecification","valueRequired":true,"valueName":"search_term_string"}}],"inLanguage":"es"}]}},"_links":{"self":[{"href":"https:\/\/aacii.space\/es\/wp-json\/wp\/v2\/pages\/6181","targetHints":{"allow":["GET"]}}],"collection":[{"href":"https:\/\/aacii.space\/es\/wp-json\/wp\/v2\/pages"}],"about":[{"href":"https:\/\/aacii.space\/es\/wp-json\/wp\/v2\/types\/page"}],"author":[{"embeddable":true,"href":"https:\/\/aacii.space\/es\/wp-json\/wp\/v2\/users\/1"}],"replies":[{"embeddable":true,"href":"https:\/\/aacii.space\/es\/wp-json\/wp\/v2\/comments?post=6181"}],"version-history":[{"count":6,"href":"https:\/\/aacii.space\/es\/wp-json\/wp\/v2\/pages\/6181\/revisions"}],"predecessor-version":[{"id":6235,"href":"https:\/\/aacii.space\/es\/wp-json\/wp\/v2\/pages\/6181\/revisions\/6235"}],"wp:featuredmedia":[{"embeddable":true,"href":"https:\/\/aacii.space\/es\/wp-json\/wp\/v2\/media\/948"}],"wp:attachment":[{"href":"https:\/\/aacii.space\/es\/wp-json\/wp\/v2\/media?parent=6181"}],"curies":[{"name":"wp","href":"https:\/\/api.w.org\/{rel}","templated":true}]}}