{"id":6175,"date":"2021-01-05T21:37:33","date_gmt":"2021-01-05T20:37:33","guid":{"rendered":"https:\/\/aacii.space\/tickets-3\/"},"modified":"2023-04-04T16:22:26","modified_gmt":"2023-04-04T14:22:26","slug":"el-reticulo","status":"publish","type":"page","link":"https:\/\/aacii.space\/es\/el-reticulo\/","title":{"rendered":"El ret\u00edculo"},"content":{"rendered":"<div class=\"chapter-heading\">En esta p\u00e1gina no queremos ocultarle empresas e instituciones interesantes relacionadas con la industria aeroespacial y espacial y estamos felices de vincularnos e informar.<\/div>\n<p>&nbsp;<\/p>\n<p>&nbsp;<\/p>\n<ul>\n<li>Futuros pilotos Nuremberg:<br \/>\n&nbsp;<br \/>\n<a href=\"https:\/\/www.vdi-bno.de\/vdi-vor-ort\/zukunftspiloten\"><img loading=\"lazy\" decoding=\"async\" class=\"size-medium wp-image-5192 alignleft\" src=\"https:\/\/aacii.space\/wp-content\/uploads\/2023\/01\/Zukunftspiloten-300x146.jpg\" alt=\"\" width=\"300\" height=\"146\" srcset=\"https:\/\/aacii.space\/wp-content\/uploads\/2023\/01\/Zukunftspiloten-300x146.jpg 300w, https:\/\/aacii.space\/wp-content\/uploads\/2023\/01\/Zukunftspiloten-1024x499.jpg 1024w, https:\/\/aacii.space\/wp-content\/uploads\/2023\/01\/Zukunftspiloten-768x375.jpg 768w, https:\/\/aacii.space\/wp-content\/uploads\/2023\/01\/Zukunftspiloten.jpg 1181w\" sizes=\"auto, (max-width: 300px) 100vw, 300px\" \/><\/a><strong>En el VDI FUTURE PILOT N\u00faremberg<\/strong><br \/>\nlos j\u00f3venes se enfrentan a los retos sociales y tecnol\u00f3gicos de nuestro tiempo, como la protecci\u00f3n medioambiental y clim\u00e1tica, la eficiencia energ\u00e9tica y la calidad de vida, en el marco de reuniones de club y actividades conjuntas. El objetivo: descubrir juntos c\u00f3mo se pueden encontrar nuevas respuestas a las grandes preguntas.<br \/>\n<strong>Florian M\u00fcller es el director del club.<\/strong> Trabaja como ingeniero qu\u00edmico en una empresa mediana en la regi\u00f3n metropolitana de Nuremberg desde 2013. Tambi\u00e9n ha estado activo con estudiantes y j\u00f3venes ingenieros durante varios a\u00f1os.<br \/>\n<a href=\"https:\/\/www.vdi-bno.de\/vdi-vor-ort\/zukunftspiloten\">Futuros pilotos Nuremberg<\/a><\/li>\n<\/ul>\n<p>&nbsp;<br \/>\n&nbsp;<br \/>\n&nbsp;<\/p>\n<ul>\n<li>Grupo distrital DGLR W\u00fcrzburg:<br \/>\n&nbsp;<br \/>\n<a href=\"https:\/\/www.dglr.de\/vernetzen\/bezirksgruppen\/wuerzburg\/\"><img loading=\"lazy\" decoding=\"async\" class=\"alignleft size-full wp-image-5482\" src=\"https:\/\/aacii.space\/wp-content\/uploads\/2023\/02\/Bildschirmfoto-2023-02-12-um-18.05.11.png\" alt=\"\" width=\"672\" height=\"234\" srcset=\"https:\/\/aacii.space\/wp-content\/uploads\/2023\/02\/Bildschirmfoto-2023-02-12-um-18.05.11.png 672w, https:\/\/aacii.space\/wp-content\/uploads\/2023\/02\/Bildschirmfoto-2023-02-12-um-18.05.11-300x104.png 300w\" sizes=\"auto, (max-width: 672px) 100vw, 672px\" \/><\/a><strong>El grupo de distrito DGLR en W\u00fcrzburg<\/strong> est\u00e1 comprometida con la industria aeroespacial en Franconia. Se organizan reuniones peri\u00f3dicas. Tambi\u00e9n se llama la atenci\u00f3n sobre los eventos del sector aeroespacial. En el futuro, tambi\u00e9n se planificar\u00e1n eventos propios. Si est\u00e1 interesado: <a href=\"https:\/\/www.dglr.de\/vernetzen\/bezirksgruppen\/wuerzburg\/\">Grupo distrital DGLR W\u00fcrzburg<\/a><\/li>\n<\/ul>\n","protected":false},"excerpt":{"rendered":"<p>En esta p\u00e1gina no queremos ocultarle empresas e instituciones interesantes relacionadas con la industria aeroespacial y espacial y estamos felices de vincularnos e informar. &nbsp; &nbsp; Futuros pilotos Nuremberg: &nbsp; En el VDI FUTURE PILOT N\u00faremberg los j\u00f3venes se enfrentan a los retos sociales y tecnol\u00f3gicos de nuestro tiempo, como [&#8230;]<a href=\"https:\/\/aacii.space\/es\/el-reticulo\/\"><br \/>weiterlesen &raquo;<\/a><\/p>\n","protected":false},"author":1,"featured_media":948,"parent":0,"menu_order":0,"comment_status":"closed","ping_status":"closed","template":"","meta":{"kia_subtitle":"","ngg_post_thumbnail":0,"footnotes":""},"class_list":["post-6175","page","type-page","status-publish","has-post-thumbnail","hentry"],"yoast_head":"<!-- This site is optimized with the Yoast SEO Premium plugin v27.2 (Yoast SEO v27.2) - https:\/\/yoast.com\/product\/yoast-seo-premium-wordpress\/ -->\n<title>El ret\u00edculo - AACII<\/title>\n<meta name=\"robots\" content=\"index, follow, max-snippet:-1, max-image-preview:large, max-video-preview:-1\" \/>\n<link rel=\"canonical\" href=\"https:\/\/aacii.space\/es\/el-reticulo\/\" \/>\n<meta property=\"og:locale\" content=\"es_ES\" \/>\n<meta property=\"og:type\" content=\"article\" \/>\n<meta property=\"og:title\" content=\"El ret\u00edculo\" \/>\n<meta property=\"og:description\" content=\"En esta p\u00e1gina no queremos ocultarle empresas e instituciones interesantes relacionadas con la industria aeroespacial y espacial y estamos felices de vincularnos e informar. &nbsp; &nbsp; Futuros pilotos Nuremberg: &nbsp; En el VDI FUTURE PILOT N\u00faremberg los j\u00f3venes se enfrentan a los retos sociales y tecnol\u00f3gicos de nuestro tiempo, como [...]weiterlesen &raquo;\" \/>\n<meta property=\"og:url\" content=\"https:\/\/aacii.space\/es\/el-reticulo\/\" \/>\n<meta property=\"og:site_name\" content=\"AACII\" \/>\n<meta property=\"article:modified_time\" content=\"2023-04-04T14:22:26+00:00\" \/>\n<meta property=\"og:image\" content=\"https:\/\/aacii.space\/wp-content\/uploads\/2021\/01\/ACCII-Space-Congress-Nuremberg-Header-5.jpg\" \/>\n\t<meta property=\"og:image:width\" content=\"1903\" \/>\n\t<meta property=\"og:image:height\" content=\"450\" \/>\n\t<meta property=\"og:image:type\" content=\"image\/jpeg\" \/>\n<meta name=\"twitter:card\" content=\"summary_large_image\" \/>\n<meta name=\"twitter:label1\" content=\"Tiempo de lectura\" \/>\n\t<meta name=\"twitter:data1\" content=\"2 minutos\" \/>\n<script type=\"application\/ld+json\" class=\"yoast-schema-graph\">{\"@context\":\"https:\/\/schema.org\",\"@graph\":[{\"@type\":\"WebPage\",\"@id\":\"https:\/\/aacii.space\/es\/el-reticulo\/\",\"url\":\"https:\/\/aacii.space\/es\/el-reticulo\/\",\"name\":\"El ret\u00edculo - AACII\",\"isPartOf\":{\"@id\":\"https:\/\/aacii.space\/#website\"},\"primaryImageOfPage\":{\"@id\":\"https:\/\/aacii.space\/es\/el-reticulo\/#primaryimage\"},\"image\":{\"@id\":\"https:\/\/aacii.space\/es\/el-reticulo\/#primaryimage\"},\"thumbnailUrl\":\"https:\/\/aacii.space\/wp-content\/uploads\/2021\/01\/ACCII-Space-Congress-Nuremberg-Header-5.jpg\",\"datePublished\":\"2021-01-05T20:37:33+00:00\",\"dateModified\":\"2023-04-04T14:22:26+00:00\",\"breadcrumb\":{\"@id\":\"https:\/\/aacii.space\/es\/el-reticulo\/#breadcrumb\"},\"inLanguage\":\"es\",\"potentialAction\":[{\"@type\":\"ReadAction\",\"target\":[\"https:\/\/aacii.space\/es\/el-reticulo\/\"]}]},{\"@type\":\"ImageObject\",\"inLanguage\":\"es\",\"@id\":\"https:\/\/aacii.space\/es\/el-reticulo\/#primaryimage\",\"url\":\"https:\/\/aacii.space\/wp-content\/uploads\/2021\/01\/ACCII-Space-Congress-Nuremberg-Header-5.jpg\",\"contentUrl\":\"https:\/\/aacii.space\/wp-content\/uploads\/2021\/01\/ACCII-Space-Congress-Nuremberg-Header-5.jpg\",\"width\":1903,\"height\":450},{\"@type\":\"BreadcrumbList\",\"@id\":\"https:\/\/aacii.space\/es\/el-reticulo\/#breadcrumb\",\"itemListElement\":[{\"@type\":\"ListItem\",\"position\":1,\"name\":\"Startseite\",\"item\":\"https:\/\/aacii.space\/es\/\"},{\"@type\":\"ListItem\",\"position\":2,\"name\":\"El ret\u00edculo\"}]},{\"@type\":\"WebSite\",\"@id\":\"https:\/\/aacii.space\/#website\",\"url\":\"https:\/\/aacii.space\/\",\"name\":\"AACII\",\"description\":\"AVIATION AEROSPACE INTERNATIONAL INTERDISCIPLINARY CONGRESS\",\"potentialAction\":[{\"@type\":\"SearchAction\",\"target\":{\"@type\":\"EntryPoint\",\"urlTemplate\":\"https:\/\/aacii.space\/?s={search_term_string}\"},\"query-input\":{\"@type\":\"PropertyValueSpecification\",\"valueRequired\":true,\"valueName\":\"search_term_string\"}}],\"inLanguage\":\"es\"}]}<\/script>\n<!-- \/ Yoast SEO Premium plugin. -->","yoast_head_json":{"title":"El ret\u00edculo - AACII","robots":{"index":"index","follow":"follow","max-snippet":"max-snippet:-1","max-image-preview":"max-image-preview:large","max-video-preview":"max-video-preview:-1"},"canonical":"https:\/\/aacii.space\/es\/el-reticulo\/","og_locale":"es_ES","og_type":"article","og_title":"El ret\u00edculo","og_description":"En esta p\u00e1gina no queremos ocultarle empresas e instituciones interesantes relacionadas con la industria aeroespacial y espacial y estamos felices de vincularnos e informar. &nbsp; &nbsp; Futuros pilotos Nuremberg: &nbsp; En el VDI FUTURE PILOT N\u00faremberg los j\u00f3venes se enfrentan a los retos sociales y tecnol\u00f3gicos de nuestro tiempo, como [...]weiterlesen &raquo;","og_url":"https:\/\/aacii.space\/es\/el-reticulo\/","og_site_name":"AACII","article_modified_time":"2023-04-04T14:22:26+00:00","og_image":[{"width":1903,"height":450,"url":"https:\/\/aacii.space\/wp-content\/uploads\/2021\/01\/ACCII-Space-Congress-Nuremberg-Header-5.jpg","type":"image\/jpeg"}],"twitter_card":"summary_large_image","twitter_misc":{"Tiempo de lectura":"2 minutos"},"schema":{"@context":"https:\/\/schema.org","@graph":[{"@type":"WebPage","@id":"https:\/\/aacii.space\/es\/el-reticulo\/","url":"https:\/\/aacii.space\/es\/el-reticulo\/","name":"El ret\u00edculo - AACII","isPartOf":{"@id":"https:\/\/aacii.space\/#website"},"primaryImageOfPage":{"@id":"https:\/\/aacii.space\/es\/el-reticulo\/#primaryimage"},"image":{"@id":"https:\/\/aacii.space\/es\/el-reticulo\/#primaryimage"},"thumbnailUrl":"https:\/\/aacii.space\/wp-content\/uploads\/2021\/01\/ACCII-Space-Congress-Nuremberg-Header-5.jpg","datePublished":"2021-01-05T20:37:33+00:00","dateModified":"2023-04-04T14:22:26+00:00","breadcrumb":{"@id":"https:\/\/aacii.space\/es\/el-reticulo\/#breadcrumb"},"inLanguage":"es","potentialAction":[{"@type":"ReadAction","target":["https:\/\/aacii.space\/es\/el-reticulo\/"]}]},{"@type":"ImageObject","inLanguage":"es","@id":"https:\/\/aacii.space\/es\/el-reticulo\/#primaryimage","url":"https:\/\/aacii.space\/wp-content\/uploads\/2021\/01\/ACCII-Space-Congress-Nuremberg-Header-5.jpg","contentUrl":"https:\/\/aacii.space\/wp-content\/uploads\/2021\/01\/ACCII-Space-Congress-Nuremberg-Header-5.jpg","width":1903,"height":450},{"@type":"BreadcrumbList","@id":"https:\/\/aacii.space\/es\/el-reticulo\/#breadcrumb","itemListElement":[{"@type":"ListItem","position":1,"name":"Startseite","item":"https:\/\/aacii.space\/es\/"},{"@type":"ListItem","position":2,"name":"El ret\u00edculo"}]},{"@type":"WebSite","@id":"https:\/\/aacii.space\/#website","url":"https:\/\/aacii.space\/","name":"AACII","description":"AVIATION AEROSPACE INTERNATIONAL INTERDISCIPLINARY CONGRESS","potentialAction":[{"@type":"SearchAction","target":{"@type":"EntryPoint","urlTemplate":"https:\/\/aacii.space\/?s={search_term_string}"},"query-input":{"@type":"PropertyValueSpecification","valueRequired":true,"valueName":"search_term_string"}}],"inLanguage":"es"}]}},"_links":{"self":[{"href":"https:\/\/aacii.space\/es\/wp-json\/wp\/v2\/pages\/6175","targetHints":{"allow":["GET"]}}],"collection":[{"href":"https:\/\/aacii.space\/es\/wp-json\/wp\/v2\/pages"}],"about":[{"href":"https:\/\/aacii.space\/es\/wp-json\/wp\/v2\/types\/page"}],"author":[{"embeddable":true,"href":"https:\/\/aacii.space\/es\/wp-json\/wp\/v2\/users\/1"}],"replies":[{"embeddable":true,"href":"https:\/\/aacii.space\/es\/wp-json\/wp\/v2\/comments?post=6175"}],"version-history":[{"count":2,"href":"https:\/\/aacii.space\/es\/wp-json\/wp\/v2\/pages\/6175\/revisions"}],"predecessor-version":[{"id":6224,"href":"https:\/\/aacii.space\/es\/wp-json\/wp\/v2\/pages\/6175\/revisions\/6224"}],"wp:featuredmedia":[{"embeddable":true,"href":"https:\/\/aacii.space\/es\/wp-json\/wp\/v2\/media\/948"}],"wp:attachment":[{"href":"https:\/\/aacii.space\/es\/wp-json\/wp\/v2\/media?parent=6175"}],"curies":[{"name":"wp","href":"https:\/\/api.w.org\/{rel}","templated":true}]}}