{"id":3257,"date":"2021-01-05T21:37:33","date_gmt":"2021-01-05T21:37:33","guid":{"rendered":"https:\/\/aacii.space\/tickets\/"},"modified":"2022-06-23T23:02:06","modified_gmt":"2022-06-23T21:02:06","slug":"tickets","status":"publish","type":"page","link":"https:\/\/aacii.space\/es\/tickets\/","title":{"rendered":"Tickets"},"content":{"rendered":"<p><script type=\"text\/javascript\" src=\"https:\/\/www.xing-events.com\/resources\/js\/amiandoExport.js\"><\/script><iframe title=\"Ticketshop\" src=\"https:\/\/UJVXUFF.xing-events.com\/UJVXUFF.html?viewType=iframe&#038;distributionChannel=CHANNEL_IFRAME&#038;language=de&#038;resizeIFrame=true\" frameborder=\"0\" width=\"650px\" id=\"_amiandoIFrame5007627\"><\/p>\n<p>Diese Seite ben\u00f6tigt die Unterst\u00fctzung von Frames durch Ihren Browser. Bitte nutzen Sie einen Browser, der die Darstellung von Frames unterst\u00fctzt, damit das Ticketvorverkaufs-Modul angezeigt werden kann.<\/p>\n<p><\/iframe><\/p>\n","protected":false},"excerpt":{"rendered":"<p>Diese Seite ben\u00f6tigt die Unterst\u00fctzung von Frames durch Ihren Browser. Bitte nutzen Sie einen Browser, der die Darstellung von Frames unterst\u00fctzt, damit das Ticketvorverkaufs-Modul angezeigt werden kann.<\/p>\n","protected":false},"author":1,"featured_media":1146,"parent":0,"menu_order":0,"comment_status":"closed","ping_status":"closed","template":"","meta":{"kia_subtitle":"f\u00fcr AACII Luft- und Raumfahrt Kongress N\u00fcrnberg 2022","ngg_post_thumbnail":0,"footnotes":""},"class_list":["post-3257","page","type-page","status-publish","has-post-thumbnail","hentry"],"yoast_head":"<!-- This site is optimized with the Yoast SEO Premium plugin v27.2 (Yoast SEO v27.2) - https:\/\/yoast.com\/product\/yoast-seo-premium-wordpress\/ -->\n<title>Tickets - AACII<\/title>\n<meta name=\"robots\" content=\"index, follow, max-snippet:-1, max-image-preview:large, max-video-preview:-1\" \/>\n<link rel=\"canonical\" href=\"https:\/\/aacii.space\/es\/tickets\/\" \/>\n<meta property=\"og:locale\" content=\"es_ES\" \/>\n<meta property=\"og:type\" content=\"article\" \/>\n<meta property=\"og:title\" content=\"Tickets\" \/>\n<meta property=\"og:description\" content=\"Diese Seite ben\u00f6tigt die Unterst\u00fctzung von Frames durch Ihren Browser. Bitte nutzen Sie einen Browser, der die Darstellung von Frames unterst\u00fctzt, damit das Ticketvorverkaufs-Modul angezeigt werden kann.\" \/>\n<meta property=\"og:url\" content=\"https:\/\/aacii.space\/es\/tickets\/\" \/>\n<meta property=\"og:site_name\" content=\"AACII\" \/>\n<meta property=\"article:modified_time\" content=\"2022-06-23T21:02:06+00:00\" \/>\n<meta property=\"og:image\" content=\"https:\/\/aacii.space\/wp-content\/uploads\/2021\/01\/ACCII-Space-Congress-Nuremberg-Header-5.jpg\" \/>\n\t<meta property=\"og:image:width\" content=\"1903\" \/>\n\t<meta property=\"og:image:height\" content=\"450\" \/>\n\t<meta property=\"og:image:type\" content=\"image\/jpeg\" \/>\n<meta name=\"twitter:card\" content=\"summary_large_image\" \/>\n<script type=\"application\/ld+json\" class=\"yoast-schema-graph\">{\"@context\":\"https:\/\/schema.org\",\"@graph\":[{\"@type\":\"WebPage\",\"@id\":\"https:\/\/aacii.space\/es\/tickets\/\",\"url\":\"https:\/\/aacii.space\/es\/tickets\/\",\"name\":\"Tickets - AACII\",\"isPartOf\":{\"@id\":\"https:\/\/aacii.space\/#website\"},\"primaryImageOfPage\":{\"@id\":\"https:\/\/aacii.space\/es\/tickets\/#primaryimage\"},\"image\":{\"@id\":\"https:\/\/aacii.space\/es\/tickets\/#primaryimage\"},\"thumbnailUrl\":\"https:\/\/aacii.space\/wp-content\/uploads\/2021\/01\/ACCII-Space-Congress-Nuremberg-Header-5.jpg\",\"datePublished\":\"2021-01-05T21:37:33+00:00\",\"dateModified\":\"2022-06-23T21:02:06+00:00\",\"breadcrumb\":{\"@id\":\"https:\/\/aacii.space\/es\/tickets\/#breadcrumb\"},\"inLanguage\":\"es\",\"potentialAction\":[{\"@type\":\"ReadAction\",\"target\":[\"https:\/\/aacii.space\/es\/tickets\/\"]}]},{\"@type\":\"ImageObject\",\"inLanguage\":\"es\",\"@id\":\"https:\/\/aacii.space\/es\/tickets\/#primaryimage\",\"url\":\"https:\/\/aacii.space\/wp-content\/uploads\/2021\/01\/ACCII-Space-Congress-Nuremberg-Header-5.jpg\",\"contentUrl\":\"https:\/\/aacii.space\/wp-content\/uploads\/2021\/01\/ACCII-Space-Congress-Nuremberg-Header-5.jpg\",\"width\":1903,\"height\":450},{\"@type\":\"BreadcrumbList\",\"@id\":\"https:\/\/aacii.space\/es\/tickets\/#breadcrumb\",\"itemListElement\":[{\"@type\":\"ListItem\",\"position\":1,\"name\":\"Startseite\",\"item\":\"https:\/\/aacii.space\/es\/\"},{\"@type\":\"ListItem\",\"position\":2,\"name\":\"Tickets\"}]},{\"@type\":\"WebSite\",\"@id\":\"https:\/\/aacii.space\/#website\",\"url\":\"https:\/\/aacii.space\/\",\"name\":\"AACII\",\"description\":\"AVIATION AEROSPACE INTERNATIONAL INTERDISCIPLINARY CONGRESS\",\"potentialAction\":[{\"@type\":\"SearchAction\",\"target\":{\"@type\":\"EntryPoint\",\"urlTemplate\":\"https:\/\/aacii.space\/?s={search_term_string}\"},\"query-input\":{\"@type\":\"PropertyValueSpecification\",\"valueRequired\":true,\"valueName\":\"search_term_string\"}}],\"inLanguage\":\"es\"}]}<\/script>\n<!-- \/ Yoast SEO Premium plugin. -->","yoast_head_json":{"title":"Tickets - AACII","robots":{"index":"index","follow":"follow","max-snippet":"max-snippet:-1","max-image-preview":"max-image-preview:large","max-video-preview":"max-video-preview:-1"},"canonical":"https:\/\/aacii.space\/es\/tickets\/","og_locale":"es_ES","og_type":"article","og_title":"Tickets","og_description":"Diese Seite ben\u00f6tigt die Unterst\u00fctzung von Frames durch Ihren Browser. Bitte nutzen Sie einen Browser, der die Darstellung von Frames unterst\u00fctzt, damit das Ticketvorverkaufs-Modul angezeigt werden kann.","og_url":"https:\/\/aacii.space\/es\/tickets\/","og_site_name":"AACII","article_modified_time":"2022-06-23T21:02:06+00:00","og_image":[{"width":1903,"height":450,"url":"https:\/\/aacii.space\/wp-content\/uploads\/2021\/01\/ACCII-Space-Congress-Nuremberg-Header-5.jpg","type":"image\/jpeg"}],"twitter_card":"summary_large_image","schema":{"@context":"https:\/\/schema.org","@graph":[{"@type":"WebPage","@id":"https:\/\/aacii.space\/es\/tickets\/","url":"https:\/\/aacii.space\/es\/tickets\/","name":"Tickets - AACII","isPartOf":{"@id":"https:\/\/aacii.space\/#website"},"primaryImageOfPage":{"@id":"https:\/\/aacii.space\/es\/tickets\/#primaryimage"},"image":{"@id":"https:\/\/aacii.space\/es\/tickets\/#primaryimage"},"thumbnailUrl":"https:\/\/aacii.space\/wp-content\/uploads\/2021\/01\/ACCII-Space-Congress-Nuremberg-Header-5.jpg","datePublished":"2021-01-05T21:37:33+00:00","dateModified":"2022-06-23T21:02:06+00:00","breadcrumb":{"@id":"https:\/\/aacii.space\/es\/tickets\/#breadcrumb"},"inLanguage":"es","potentialAction":[{"@type":"ReadAction","target":["https:\/\/aacii.space\/es\/tickets\/"]}]},{"@type":"ImageObject","inLanguage":"es","@id":"https:\/\/aacii.space\/es\/tickets\/#primaryimage","url":"https:\/\/aacii.space\/wp-content\/uploads\/2021\/01\/ACCII-Space-Congress-Nuremberg-Header-5.jpg","contentUrl":"https:\/\/aacii.space\/wp-content\/uploads\/2021\/01\/ACCII-Space-Congress-Nuremberg-Header-5.jpg","width":1903,"height":450},{"@type":"BreadcrumbList","@id":"https:\/\/aacii.space\/es\/tickets\/#breadcrumb","itemListElement":[{"@type":"ListItem","position":1,"name":"Startseite","item":"https:\/\/aacii.space\/es\/"},{"@type":"ListItem","position":2,"name":"Tickets"}]},{"@type":"WebSite","@id":"https:\/\/aacii.space\/#website","url":"https:\/\/aacii.space\/","name":"AACII","description":"AVIATION AEROSPACE INTERNATIONAL INTERDISCIPLINARY CONGRESS","potentialAction":[{"@type":"SearchAction","target":{"@type":"EntryPoint","urlTemplate":"https:\/\/aacii.space\/?s={search_term_string}"},"query-input":{"@type":"PropertyValueSpecification","valueRequired":true,"valueName":"search_term_string"}}],"inLanguage":"es"}]}},"_links":{"self":[{"href":"https:\/\/aacii.space\/es\/wp-json\/wp\/v2\/pages\/3257","targetHints":{"allow":["GET"]}}],"collection":[{"href":"https:\/\/aacii.space\/es\/wp-json\/wp\/v2\/pages"}],"about":[{"href":"https:\/\/aacii.space\/es\/wp-json\/wp\/v2\/types\/page"}],"author":[{"embeddable":true,"href":"https:\/\/aacii.space\/es\/wp-json\/wp\/v2\/users\/1"}],"replies":[{"embeddable":true,"href":"https:\/\/aacii.space\/es\/wp-json\/wp\/v2\/comments?post=3257"}],"version-history":[{"count":1,"href":"https:\/\/aacii.space\/es\/wp-json\/wp\/v2\/pages\/3257\/revisions"}],"predecessor-version":[{"id":3259,"href":"https:\/\/aacii.space\/es\/wp-json\/wp\/v2\/pages\/3257\/revisions\/3259"}],"wp:featuredmedia":[{"embeddable":true,"href":"https:\/\/aacii.space\/es\/wp-json\/wp\/v2\/media\/1146"}],"wp:attachment":[{"href":"https:\/\/aacii.space\/es\/wp-json\/wp\/v2\/media?parent=3257"}],"curies":[{"name":"wp","href":"https:\/\/api.w.org\/{rel}","templated":true}]}}