{"id":2663,"date":"2021-07-20T09:15:46","date_gmt":"2021-07-20T07:15:46","guid":{"rendered":"https:\/\/aacii.space\/distincion-del-premio-especial\/"},"modified":"2021-07-20T09:15:46","modified_gmt":"2021-07-20T07:15:46","slug":"distincion-del-premio-especial","status":"publish","type":"page","link":"https:\/\/aacii.space\/es\/distincion-del-premio-especial\/","title":{"rendered":"Distinci\u00f3n del Premio Especial"},"content":{"rendered":"<div class=\"chapter-heading\">Este premio especial reconoce las contribuciones y los m\u00e9ritos sobresalientes en el campo de la aviaci\u00f3n y la industria aeroespacial.<\/div>\n<p><img decoding=\"async\" src=\"https:\/\/aacii.space\/wp-content\/uploads\/2020\/12\/A9R10v30ea_27f1f6_ago.jpg\" alt=\"\" width=\"\" height=\"\" class=\"\"><\/p>\n<p class=\"img-source\">Source: Messe N\u00fcrnberg<\/p>\n<p>&nbsp;<\/p>\n<p>El jurado de expertos est\u00e1 encabezado por el Presidente de la Universidad Friedrich-Alexander-Universit\u00e4t-Erlangen-Nuremberg, el Prof. Dr. Ing. Joachim Hornegger.<br \/>\nExpertos nacionales e internacionales seleccionados, representantes de Metropolregion e.V., museos y asociaciones forman el jurado independiente.<\/p>\n<p>&nbsp;<\/p>\n<p>Este premio es presentado en una ceremonia por los representantes oficiales, as\u00ed como por los astronautas de Kosmo, el mundo acad\u00e9mico y la industria.<\/p>\n<p>&nbsp;<\/p>\n<p>El jurado examinar\u00e1 los proyectos de los participantes en un proceso de selecci\u00f3n.<\/p>\n<p>&nbsp;<\/p>\n<p>Toda la informaci\u00f3n se entregar\u00e1 tras ponerse en contacto con nosotros a trav\u00e9s del formulario, que puede descargar en el siguiente enlace: <a href=\"https:\/\/aacii.space\/wp-content\/uploads\/2022\/02\/2201_Form_Global-Award-AACII_2022_eng.pdf\" rel=\"noopener\" target=\"_blank\">&gt;&gt; Descargar formulario &lt;&lt;<\/a><\/p>\n","protected":false},"excerpt":{"rendered":"<p>Este premio especial reconoce las contribuciones y los m\u00e9ritos sobresalientes en el campo de la aviaci\u00f3n y la industria aeroespacial. Source: Messe N\u00fcrnberg &nbsp; El jurado de expertos est\u00e1 encabezado por el Presidente de la Universidad Friedrich-Alexander-Universit\u00e4t-Erlangen-Nuremberg, el Prof. Dr. Ing. Joachim Hornegger. Expertos nacionales e internacionales seleccionados, representantes de [&#8230;]<a href=\"https:\/\/aacii.space\/es\/distincion-del-premio-especial\/\"><br \/>weiterlesen &raquo;<\/a><\/p>\n","protected":false},"author":1,"featured_media":1146,"parent":0,"menu_order":0,"comment_status":"closed","ping_status":"closed","template":"","meta":{"kia_subtitle":"","ngg_post_thumbnail":0,"footnotes":""},"class_list":["post-2663","page","type-page","status-publish","has-post-thumbnail","hentry"],"yoast_head":"<!-- This site is optimized with the Yoast SEO Premium plugin v27.4 (Yoast SEO v27.4) - https:\/\/yoast.com\/product\/yoast-seo-premium-wordpress\/ -->\n<title>Distinci\u00f3n del Premio Especial - AACII<\/title>\n<meta name=\"robots\" content=\"index, follow, max-snippet:-1, max-image-preview:large, max-video-preview:-1\" \/>\n<link rel=\"canonical\" href=\"https:\/\/aacii.space\/es\/distincion-del-premio-especial\/\" \/>\n<meta property=\"og:locale\" content=\"es_ES\" \/>\n<meta property=\"og:type\" content=\"article\" \/>\n<meta property=\"og:title\" content=\"Distinci\u00f3n del Premio Especial\" \/>\n<meta property=\"og:description\" content=\"Este premio especial reconoce las contribuciones y los m\u00e9ritos sobresalientes en el campo de la aviaci\u00f3n y la industria aeroespacial. Source: Messe N\u00fcrnberg &nbsp; El jurado de expertos est\u00e1 encabezado por el Presidente de la Universidad Friedrich-Alexander-Universit\u00e4t-Erlangen-Nuremberg, el Prof. Dr. Ing. Joachim Hornegger. Expertos nacionales e internacionales seleccionados, representantes de [...]weiterlesen &raquo;\" \/>\n<meta property=\"og:url\" content=\"https:\/\/aacii.space\/es\/distincion-del-premio-especial\/\" \/>\n<meta property=\"og:site_name\" content=\"AACII\" \/>\n<meta property=\"og:image\" content=\"https:\/\/aacii.space\/wp-content\/uploads\/2021\/01\/ACCII-Space-Congress-Nuremberg-Header-5.jpg\" \/>\n\t<meta property=\"og:image:width\" content=\"1903\" \/>\n\t<meta property=\"og:image:height\" content=\"450\" \/>\n\t<meta property=\"og:image:type\" content=\"image\/jpeg\" \/>\n<meta name=\"twitter:card\" content=\"summary_large_image\" \/>\n<meta name=\"twitter:label1\" content=\"Tiempo de lectura\" \/>\n\t<meta name=\"twitter:data1\" content=\"1 minuto\" \/>\n<script type=\"application\/ld+json\" class=\"yoast-schema-graph\">{\"@context\":\"https:\\\/\\\/schema.org\",\"@graph\":[{\"@type\":\"WebPage\",\"@id\":\"https:\\\/\\\/aacii.space\\\/es\\\/distincion-del-premio-especial\\\/\",\"url\":\"https:\\\/\\\/aacii.space\\\/es\\\/distincion-del-premio-especial\\\/\",\"name\":\"Distinci\u00f3n del Premio Especial - AACII\",\"isPartOf\":{\"@id\":\"https:\\\/\\\/aacii.space\\\/#website\"},\"primaryImageOfPage\":{\"@id\":\"https:\\\/\\\/aacii.space\\\/es\\\/distincion-del-premio-especial\\\/#primaryimage\"},\"image\":{\"@id\":\"https:\\\/\\\/aacii.space\\\/es\\\/distincion-del-premio-especial\\\/#primaryimage\"},\"thumbnailUrl\":\"https:\\\/\\\/aacii.space\\\/wp-content\\\/uploads\\\/2021\\\/01\\\/ACCII-Space-Congress-Nuremberg-Header-5.jpg\",\"datePublished\":\"2021-07-20T07:15:46+00:00\",\"breadcrumb\":{\"@id\":\"https:\\\/\\\/aacii.space\\\/es\\\/distincion-del-premio-especial\\\/#breadcrumb\"},\"inLanguage\":\"es\",\"potentialAction\":[{\"@type\":\"ReadAction\",\"target\":[\"https:\\\/\\\/aacii.space\\\/es\\\/distincion-del-premio-especial\\\/\"]}]},{\"@type\":\"ImageObject\",\"inLanguage\":\"es\",\"@id\":\"https:\\\/\\\/aacii.space\\\/es\\\/distincion-del-premio-especial\\\/#primaryimage\",\"url\":\"https:\\\/\\\/aacii.space\\\/wp-content\\\/uploads\\\/2021\\\/01\\\/ACCII-Space-Congress-Nuremberg-Header-5.jpg\",\"contentUrl\":\"https:\\\/\\\/aacii.space\\\/wp-content\\\/uploads\\\/2021\\\/01\\\/ACCII-Space-Congress-Nuremberg-Header-5.jpg\",\"width\":1903,\"height\":450},{\"@type\":\"BreadcrumbList\",\"@id\":\"https:\\\/\\\/aacii.space\\\/es\\\/distincion-del-premio-especial\\\/#breadcrumb\",\"itemListElement\":[{\"@type\":\"ListItem\",\"position\":1,\"name\":\"Startseite\",\"item\":\"https:\\\/\\\/aacii.space\\\/es\\\/\"},{\"@type\":\"ListItem\",\"position\":2,\"name\":\"Distinci\u00f3n del Premio Especial\"}]},{\"@type\":\"WebSite\",\"@id\":\"https:\\\/\\\/aacii.space\\\/#website\",\"url\":\"https:\\\/\\\/aacii.space\\\/\",\"name\":\"AACII\",\"description\":\"AVIATION AEROSPACE INTERNATIONAL INTERDISCIPLINARY CONGRESS\",\"potentialAction\":[{\"@type\":\"SearchAction\",\"target\":{\"@type\":\"EntryPoint\",\"urlTemplate\":\"https:\\\/\\\/aacii.space\\\/?s={search_term_string}\"},\"query-input\":{\"@type\":\"PropertyValueSpecification\",\"valueRequired\":true,\"valueName\":\"search_term_string\"}}],\"inLanguage\":\"es\"}]}<\/script>\n<!-- \/ Yoast SEO Premium plugin. -->","yoast_head_json":{"title":"Distinci\u00f3n del Premio Especial - AACII","robots":{"index":"index","follow":"follow","max-snippet":"max-snippet:-1","max-image-preview":"max-image-preview:large","max-video-preview":"max-video-preview:-1"},"canonical":"https:\/\/aacii.space\/es\/distincion-del-premio-especial\/","og_locale":"es_ES","og_type":"article","og_title":"Distinci\u00f3n del Premio Especial","og_description":"Este premio especial reconoce las contribuciones y los m\u00e9ritos sobresalientes en el campo de la aviaci\u00f3n y la industria aeroespacial. Source: Messe N\u00fcrnberg &nbsp; El jurado de expertos est\u00e1 encabezado por el Presidente de la Universidad Friedrich-Alexander-Universit\u00e4t-Erlangen-Nuremberg, el Prof. Dr. Ing. Joachim Hornegger. Expertos nacionales e internacionales seleccionados, representantes de [...]weiterlesen &raquo;","og_url":"https:\/\/aacii.space\/es\/distincion-del-premio-especial\/","og_site_name":"AACII","og_image":[{"width":1903,"height":450,"url":"https:\/\/aacii.space\/wp-content\/uploads\/2021\/01\/ACCII-Space-Congress-Nuremberg-Header-5.jpg","type":"image\/jpeg"}],"twitter_card":"summary_large_image","twitter_misc":{"Tiempo de lectura":"1 minuto"},"schema":{"@context":"https:\/\/schema.org","@graph":[{"@type":"WebPage","@id":"https:\/\/aacii.space\/es\/distincion-del-premio-especial\/","url":"https:\/\/aacii.space\/es\/distincion-del-premio-especial\/","name":"Distinci\u00f3n del Premio Especial - AACII","isPartOf":{"@id":"https:\/\/aacii.space\/#website"},"primaryImageOfPage":{"@id":"https:\/\/aacii.space\/es\/distincion-del-premio-especial\/#primaryimage"},"image":{"@id":"https:\/\/aacii.space\/es\/distincion-del-premio-especial\/#primaryimage"},"thumbnailUrl":"https:\/\/aacii.space\/wp-content\/uploads\/2021\/01\/ACCII-Space-Congress-Nuremberg-Header-5.jpg","datePublished":"2021-07-20T07:15:46+00:00","breadcrumb":{"@id":"https:\/\/aacii.space\/es\/distincion-del-premio-especial\/#breadcrumb"},"inLanguage":"es","potentialAction":[{"@type":"ReadAction","target":["https:\/\/aacii.space\/es\/distincion-del-premio-especial\/"]}]},{"@type":"ImageObject","inLanguage":"es","@id":"https:\/\/aacii.space\/es\/distincion-del-premio-especial\/#primaryimage","url":"https:\/\/aacii.space\/wp-content\/uploads\/2021\/01\/ACCII-Space-Congress-Nuremberg-Header-5.jpg","contentUrl":"https:\/\/aacii.space\/wp-content\/uploads\/2021\/01\/ACCII-Space-Congress-Nuremberg-Header-5.jpg","width":1903,"height":450},{"@type":"BreadcrumbList","@id":"https:\/\/aacii.space\/es\/distincion-del-premio-especial\/#breadcrumb","itemListElement":[{"@type":"ListItem","position":1,"name":"Startseite","item":"https:\/\/aacii.space\/es\/"},{"@type":"ListItem","position":2,"name":"Distinci\u00f3n del Premio Especial"}]},{"@type":"WebSite","@id":"https:\/\/aacii.space\/#website","url":"https:\/\/aacii.space\/","name":"AACII","description":"AVIATION AEROSPACE INTERNATIONAL INTERDISCIPLINARY CONGRESS","potentialAction":[{"@type":"SearchAction","target":{"@type":"EntryPoint","urlTemplate":"https:\/\/aacii.space\/?s={search_term_string}"},"query-input":{"@type":"PropertyValueSpecification","valueRequired":true,"valueName":"search_term_string"}}],"inLanguage":"es"}]}},"_links":{"self":[{"href":"https:\/\/aacii.space\/es\/wp-json\/wp\/v2\/pages\/2663","targetHints":{"allow":["GET"]}}],"collection":[{"href":"https:\/\/aacii.space\/es\/wp-json\/wp\/v2\/pages"}],"about":[{"href":"https:\/\/aacii.space\/es\/wp-json\/wp\/v2\/types\/page"}],"author":[{"embeddable":true,"href":"https:\/\/aacii.space\/es\/wp-json\/wp\/v2\/users\/1"}],"replies":[{"embeddable":true,"href":"https:\/\/aacii.space\/es\/wp-json\/wp\/v2\/comments?post=2663"}],"version-history":[{"count":0,"href":"https:\/\/aacii.space\/es\/wp-json\/wp\/v2\/pages\/2663\/revisions"}],"wp:featuredmedia":[{"embeddable":true,"href":"https:\/\/aacii.space\/es\/wp-json\/wp\/v2\/media\/1146"}],"wp:attachment":[{"href":"https:\/\/aacii.space\/es\/wp-json\/wp\/v2\/media?parent=2663"}],"curies":[{"name":"wp","href":"https:\/\/api.w.org\/{rel}","templated":true}]}}