{"id":1552,"date":"2021-07-20T09:12:30","date_gmt":"2021-07-20T09:12:30","guid":{"rendered":"https:\/\/aacii.space\/informes-y-publicaciones\/"},"modified":"2021-07-26T00:07:09","modified_gmt":"2021-07-26T00:07:09","slug":"informes-y-publicaciones","status":"publish","type":"page","link":"https:\/\/aacii.space\/es\/informes-y-publicaciones\/","title":{"rendered":"Informes y publicaciones"},"content":{"rendered":"<div class=\"chapter-heading\">En esta p\u00e1gina encontrar\u00e1 publicaciones y art\u00edculos del mundo de los medios de comunicaci\u00f3n sobre nuestro congreso.<\/div>\n<p>&nbsp;<\/p>\n<ul>\n<li style=\"list-style-type: none;\">\n<ul>\n<li>Avisos de la prensa Francia Emiratos, Museo del Espacio de N\u00faremberg Feucht<br \/>\n<a href=\"https:\/\/aacii.space\/wp-content\/uploads\/2021\/01\/6.9-Presse-vorab-Zwei-Airtec-Dubai-Aerospace-Heli.pdf\" target=\"_blank\" rel=\"noopener\">&gt;&gt; Descargar el art\u00edculo en formato PDF &lt;&lt;<\/a><\/li>\n<\/ul>\n<\/li>\n<\/ul>\n<p>&nbsp;<\/p>\n<ul>\n<li style=\"list-style-type: none;\">\n<ul>\n<li>Avance de la prensa Dubai Spaceflight y Helishow, Airtech Messe M\u00fcnchen<br \/>\n<a href=\"https:\/\/aacii.space\/wp-content\/uploads\/2021\/01\/6.9-Presse-Ein-vorab-Emirate-France-NbgF.pdf\" target=\"_blank\" rel=\"noopener\">&gt;&gt; Descargar el art\u00edculo en formato PDF &lt;&lt;<\/a><\/li>\n<\/ul>\n<\/li>\n<\/ul>\n<p>&nbsp;<\/p>\n<ul>\n<li style=\"list-style-type: none;\">\n<ul>\n<li>NEWSLETTER &#8211; Aero Space Mobility News 2021 Juni<br \/>\n<a href=\"https:\/\/aacii.space\/wp-content\/uploads\/2021\/07\/AERO-SPACE-MOBILITY-NEWS_Juni_2021.pdf\" target=\"_blank\" rel=\"noopener\">&gt;&gt; Descargar el art\u00edculo en formato PDF &lt;&lt;<\/a><\/li>\n<\/ul>\n<\/li>\n<\/ul>\n<p>&nbsp;<\/p>\n<p>NEWSLETTER &#8211; Aero Space Mobility News 2021 Juni<\/p>\n<div style=\"width: 80%; height: auto;\"><iframe loading=\"lazy\" style=\"width: 900px; height: 748.667px;\" src=\"https:\/\/www.youtube.com\/embed\/oU1kDQfpfvk\" width=\"300\" height=\"200\" frameborder=\"0\" allowfullscreen=\"allowfullscreen\"><\/iframe><\/div>\n","protected":false},"excerpt":{"rendered":"<p>En esta p\u00e1gina encontrar\u00e1 publicaciones y art\u00edculos del mundo de los medios de comunicaci\u00f3n sobre nuestro congreso. &nbsp; Avisos de la prensa Francia Emiratos, Museo del Espacio de N\u00faremberg Feucht &gt;&gt; Descargar el art\u00edculo en formato PDF &lt;&lt; &nbsp; Avance de la prensa Dubai Spaceflight y Helishow, Airtech Messe M\u00fcnchen [&#8230;]<a href=\"https:\/\/aacii.space\/es\/informes-y-publicaciones\/\"><br \/>weiterlesen &raquo;<\/a><\/p>\n","protected":false},"author":1,"featured_media":1146,"parent":0,"menu_order":0,"comment_status":"closed","ping_status":"closed","template":"","meta":{"kia_subtitle":"","ngg_post_thumbnail":0,"footnotes":""},"class_list":["post-1552","page","type-page","status-publish","has-post-thumbnail","hentry"],"yoast_head":"<!-- This site is optimized with the Yoast SEO Premium plugin v27.2 (Yoast SEO v27.2) - https:\/\/yoast.com\/product\/yoast-seo-premium-wordpress\/ -->\n<title>Informes y publicaciones - AACII<\/title>\n<meta name=\"robots\" content=\"index, follow, max-snippet:-1, max-image-preview:large, max-video-preview:-1\" \/>\n<link rel=\"canonical\" href=\"https:\/\/aacii.space\/es\/informes-y-publicaciones\/\" \/>\n<meta property=\"og:locale\" content=\"es_ES\" \/>\n<meta property=\"og:type\" content=\"article\" \/>\n<meta property=\"og:title\" content=\"Informes y publicaciones\" \/>\n<meta property=\"og:description\" content=\"En esta p\u00e1gina encontrar\u00e1 publicaciones y art\u00edculos del mundo de los medios de comunicaci\u00f3n sobre nuestro congreso. &nbsp; Avisos de la prensa Francia Emiratos, Museo del Espacio de N\u00faremberg Feucht &gt;&gt; Descargar el art\u00edculo en formato PDF &lt;&lt; &nbsp; Avance de la prensa Dubai Spaceflight y Helishow, Airtech Messe M\u00fcnchen [...]weiterlesen &raquo;\" \/>\n<meta property=\"og:url\" content=\"https:\/\/aacii.space\/es\/informes-y-publicaciones\/\" \/>\n<meta property=\"og:site_name\" content=\"AACII\" \/>\n<meta property=\"article:modified_time\" content=\"2021-07-26T00:07:09+00:00\" \/>\n<meta property=\"og:image\" content=\"https:\/\/aacii.space\/wp-content\/uploads\/2021\/01\/ACCII-Space-Congress-Nuremberg-Header-5.jpg\" \/>\n\t<meta property=\"og:image:width\" content=\"1903\" \/>\n\t<meta property=\"og:image:height\" content=\"450\" \/>\n\t<meta property=\"og:image:type\" content=\"image\/jpeg\" \/>\n<meta name=\"twitter:card\" content=\"summary_large_image\" \/>\n<script type=\"application\/ld+json\" class=\"yoast-schema-graph\">{\"@context\":\"https:\/\/schema.org\",\"@graph\":[{\"@type\":\"WebPage\",\"@id\":\"https:\/\/aacii.space\/es\/informes-y-publicaciones\/\",\"url\":\"https:\/\/aacii.space\/es\/informes-y-publicaciones\/\",\"name\":\"Informes y publicaciones - AACII\",\"isPartOf\":{\"@id\":\"https:\/\/aacii.space\/#website\"},\"primaryImageOfPage\":{\"@id\":\"https:\/\/aacii.space\/es\/informes-y-publicaciones\/#primaryimage\"},\"image\":{\"@id\":\"https:\/\/aacii.space\/es\/informes-y-publicaciones\/#primaryimage\"},\"thumbnailUrl\":\"https:\/\/aacii.space\/wp-content\/uploads\/2021\/01\/ACCII-Space-Congress-Nuremberg-Header-5.jpg\",\"datePublished\":\"2021-07-20T09:12:30+00:00\",\"dateModified\":\"2021-07-26T00:07:09+00:00\",\"breadcrumb\":{\"@id\":\"https:\/\/aacii.space\/es\/informes-y-publicaciones\/#breadcrumb\"},\"inLanguage\":\"es\",\"potentialAction\":[{\"@type\":\"ReadAction\",\"target\":[\"https:\/\/aacii.space\/es\/informes-y-publicaciones\/\"]}]},{\"@type\":\"ImageObject\",\"inLanguage\":\"es\",\"@id\":\"https:\/\/aacii.space\/es\/informes-y-publicaciones\/#primaryimage\",\"url\":\"https:\/\/aacii.space\/wp-content\/uploads\/2021\/01\/ACCII-Space-Congress-Nuremberg-Header-5.jpg\",\"contentUrl\":\"https:\/\/aacii.space\/wp-content\/uploads\/2021\/01\/ACCII-Space-Congress-Nuremberg-Header-5.jpg\",\"width\":1903,\"height\":450},{\"@type\":\"BreadcrumbList\",\"@id\":\"https:\/\/aacii.space\/es\/informes-y-publicaciones\/#breadcrumb\",\"itemListElement\":[{\"@type\":\"ListItem\",\"position\":1,\"name\":\"Startseite\",\"item\":\"https:\/\/aacii.space\/es\/\"},{\"@type\":\"ListItem\",\"position\":2,\"name\":\"Informes y publicaciones\"}]},{\"@type\":\"WebSite\",\"@id\":\"https:\/\/aacii.space\/#website\",\"url\":\"https:\/\/aacii.space\/\",\"name\":\"AACII\",\"description\":\"AVIATION AEROSPACE INTERNATIONAL INTERDISCIPLINARY CONGRESS\",\"potentialAction\":[{\"@type\":\"SearchAction\",\"target\":{\"@type\":\"EntryPoint\",\"urlTemplate\":\"https:\/\/aacii.space\/?s={search_term_string}\"},\"query-input\":{\"@type\":\"PropertyValueSpecification\",\"valueRequired\":true,\"valueName\":\"search_term_string\"}}],\"inLanguage\":\"es\"}]}<\/script>\n<!-- \/ Yoast SEO Premium plugin. -->","yoast_head_json":{"title":"Informes y publicaciones - AACII","robots":{"index":"index","follow":"follow","max-snippet":"max-snippet:-1","max-image-preview":"max-image-preview:large","max-video-preview":"max-video-preview:-1"},"canonical":"https:\/\/aacii.space\/es\/informes-y-publicaciones\/","og_locale":"es_ES","og_type":"article","og_title":"Informes y publicaciones","og_description":"En esta p\u00e1gina encontrar\u00e1 publicaciones y art\u00edculos del mundo de los medios de comunicaci\u00f3n sobre nuestro congreso. &nbsp; Avisos de la prensa Francia Emiratos, Museo del Espacio de N\u00faremberg Feucht &gt;&gt; Descargar el art\u00edculo en formato PDF &lt;&lt; &nbsp; Avance de la prensa Dubai Spaceflight y Helishow, Airtech Messe M\u00fcnchen [...]weiterlesen &raquo;","og_url":"https:\/\/aacii.space\/es\/informes-y-publicaciones\/","og_site_name":"AACII","article_modified_time":"2021-07-26T00:07:09+00:00","og_image":[{"width":1903,"height":450,"url":"https:\/\/aacii.space\/wp-content\/uploads\/2021\/01\/ACCII-Space-Congress-Nuremberg-Header-5.jpg","type":"image\/jpeg"}],"twitter_card":"summary_large_image","schema":{"@context":"https:\/\/schema.org","@graph":[{"@type":"WebPage","@id":"https:\/\/aacii.space\/es\/informes-y-publicaciones\/","url":"https:\/\/aacii.space\/es\/informes-y-publicaciones\/","name":"Informes y publicaciones - AACII","isPartOf":{"@id":"https:\/\/aacii.space\/#website"},"primaryImageOfPage":{"@id":"https:\/\/aacii.space\/es\/informes-y-publicaciones\/#primaryimage"},"image":{"@id":"https:\/\/aacii.space\/es\/informes-y-publicaciones\/#primaryimage"},"thumbnailUrl":"https:\/\/aacii.space\/wp-content\/uploads\/2021\/01\/ACCII-Space-Congress-Nuremberg-Header-5.jpg","datePublished":"2021-07-20T09:12:30+00:00","dateModified":"2021-07-26T00:07:09+00:00","breadcrumb":{"@id":"https:\/\/aacii.space\/es\/informes-y-publicaciones\/#breadcrumb"},"inLanguage":"es","potentialAction":[{"@type":"ReadAction","target":["https:\/\/aacii.space\/es\/informes-y-publicaciones\/"]}]},{"@type":"ImageObject","inLanguage":"es","@id":"https:\/\/aacii.space\/es\/informes-y-publicaciones\/#primaryimage","url":"https:\/\/aacii.space\/wp-content\/uploads\/2021\/01\/ACCII-Space-Congress-Nuremberg-Header-5.jpg","contentUrl":"https:\/\/aacii.space\/wp-content\/uploads\/2021\/01\/ACCII-Space-Congress-Nuremberg-Header-5.jpg","width":1903,"height":450},{"@type":"BreadcrumbList","@id":"https:\/\/aacii.space\/es\/informes-y-publicaciones\/#breadcrumb","itemListElement":[{"@type":"ListItem","position":1,"name":"Startseite","item":"https:\/\/aacii.space\/es\/"},{"@type":"ListItem","position":2,"name":"Informes y publicaciones"}]},{"@type":"WebSite","@id":"https:\/\/aacii.space\/#website","url":"https:\/\/aacii.space\/","name":"AACII","description":"AVIATION AEROSPACE INTERNATIONAL INTERDISCIPLINARY CONGRESS","potentialAction":[{"@type":"SearchAction","target":{"@type":"EntryPoint","urlTemplate":"https:\/\/aacii.space\/?s={search_term_string}"},"query-input":{"@type":"PropertyValueSpecification","valueRequired":true,"valueName":"search_term_string"}}],"inLanguage":"es"}]}},"_links":{"self":[{"href":"https:\/\/aacii.space\/es\/wp-json\/wp\/v2\/pages\/1552","targetHints":{"allow":["GET"]}}],"collection":[{"href":"https:\/\/aacii.space\/es\/wp-json\/wp\/v2\/pages"}],"about":[{"href":"https:\/\/aacii.space\/es\/wp-json\/wp\/v2\/types\/page"}],"author":[{"embeddable":true,"href":"https:\/\/aacii.space\/es\/wp-json\/wp\/v2\/users\/1"}],"replies":[{"embeddable":true,"href":"https:\/\/aacii.space\/es\/wp-json\/wp\/v2\/comments?post=1552"}],"version-history":[{"count":1,"href":"https:\/\/aacii.space\/es\/wp-json\/wp\/v2\/pages\/1552\/revisions"}],"predecessor-version":[{"id":1629,"href":"https:\/\/aacii.space\/es\/wp-json\/wp\/v2\/pages\/1552\/revisions\/1629"}],"wp:featuredmedia":[{"embeddable":true,"href":"https:\/\/aacii.space\/es\/wp-json\/wp\/v2\/media\/1146"}],"wp:attachment":[{"href":"https:\/\/aacii.space\/es\/wp-json\/wp\/v2\/media?parent=1552"}],"curies":[{"name":"wp","href":"https:\/\/api.w.org\/{rel}","templated":true}]}}