{"id":1151,"date":"2021-03-08T21:18:43","date_gmt":"2021-03-08T21:18:43","guid":{"rendered":"https:\/\/aacii.space\/como-llegar\/"},"modified":"2022-10-16T17:51:58","modified_gmt":"2022-10-16T15:51:58","slug":"como-llegar","status":"publish","type":"page","link":"https:\/\/aacii.space\/es\/como-llegar\/","title":{"rendered":"C\u00f3mo llegar?"},"content":{"rendered":"<p class=\"chapter-heading\">Viajar sin estres<\/p>\n<p> A Nuremberg se puede llegar f\u00e1cilmente gracias a su perfecta conexi\u00f3n a la red europea de autopistas as\u00ed como a las redes de ferrocarriles y a las conexiones europeas a\u0117reas.<\/p>\n<p class=\"chapter-heading\">Sistema Din\u00e1mico de derivaci\u00f3n del tr\u00e1fico<\/p>\n<p>Gracias al Sistema Din\u00e1mico de derivaci\u00f3n del tr\u00e1fico se comprueba constantemente la situaci\u00f3n del tr\u00e1fico en las v\u00edas de entrada a la ciudad para organizar mejor el trafico y el sistema de aparcamientos. El sistema coordina 18.000 plazas de aparcamiento.Gracias a est\u00e1 inteligente soluci\u00f3n se evitan atascos.\n<\/p>\n<p>\u00a0<\/p>\n<p><a href=\"https:\/\/www.nuernberg.de\/internet\/verkehrsplanung\/verkehrsleitsystem.html\" target=\"_blank\" rel=\"noopener\"> > Informaci\u00f3n sobre el sistema de gesti\u00f3n del tr\u00e1fico<\/a><\/p>\n<p>\u00a0<\/p>\n<p><a href=\"https:\/\/aacii.space\/wp-content\/uploads\/2020\/12\/2.1West-Anfahrt-Nbg-Messesucherparkplatz-Rotunde-DEU.pdf\" target=\"_blank\" rel=\"noopener\"> > Descargar: Indicaciones para el centro de exposiciones de Nuremberg<\/a><\/p>\n<p>\u00a0<\/p>\n<div id=\"accordion\">\n<p class=\"tap-head\"><span style=\"margin:0 10px 0 5px;\" class=\"fa fa-plane\"><\/span>Con el avi\u00f3n<\/p>\n<div>\n<p>El Aeropuerto Alberto Durero es el ganador del premio \u201cBussines Traveller Award\u201d en la categor\u00eda mejor aeropuerto de Alemania con trayecto corto al centro de la ciudad y un servicio de calidad.<br \/>\nEl City Airport  Alberto Durero es un elemento central del plan  de movilidad por trafico fluvial, a\u00e9reo y ferrocarril en la Regi\u00f3n Metropolitana de N\u00faremberg.<br \/>\nN\u00faremberg fue siempre  pionero con innovaciones como la primera zona peatonal y el primer metro con conducci\u00f3n aut\u00f3noma ,ideas que fueron ejemplo para otras regiones.\n<\/p>\n<p>El City Airport  Alberto Durero es un elemento central del plan  de movilidad por trafico fluvial, a\u00e9reo y ferrocarril en la Regi\u00f3n Metropolitana de N\u00faremberg.<br \/>\nN\u00faremberg fue siempre  pionero con innovaciones como la primera zona peatonal y el primer metro con conducci\u00f3n aut\u00f3noma, ideas que fueron ejemplo para otras regiones.<\/p>\n<\/p><\/div>\n<p class=\"tap-head\"><span style=\"margin:0 10px 0 5px;\" class=\"fa fa-exchange\"><\/span>Con el tren<\/p>\n<div>\n<p>Con trenes de alta velocidad(ICE)y conexiones a distancia nacionales e internacionales como IC y EC N\u00faremberg ofrece las mejores conexiones en todas las direcciones.<br \/>\nMetro L\u00ednea 1 direcci\u00f3n \u201cLangwasser\u201d Pocos minutos hasta la estaci\u00f3n \u201cMesse\u201d.<br \/>\nTicket simple Zona A o Ticket para un d\u00eda si se prevee m\u00e1s viajes en metro.\n<\/p>\n<p>\u00a0<\/p>\n<p>Reglas de higiene<\/p>\n<ul>\n<li>Todos los pasajeros a partir de los 7 a\u00f1os cumplidos est\u00e1n obligados a llevar una mascarilla facial y a mantener distancia de los dem\u00e1s pasajeros de acuerdo al reglamento de prevenci\u00f3n de infecciones de Baviera en todos los medios de transporte p\u00fablico como estaciones de tren, metro , autob\u00fas y trenes as\u00ed como en las oficinas de servicio al cliente.<\/li>\n<li>S\u00ed puede evite las horas punta de trafico en el transporte p\u00fablico.<\/li>\n<li><a href=\"https:\/\/www.shop.vgn.de\/\" target=\"_blank\" rel=\"noopener\">Compra<\/a> contacto per App <a href=\"https:\/\/www.vgn.de\/service\/app\/\" target=\"_blank\" rel=\"noopener\">VGN Fahrplan<\/a> une Tickets.<\/li>\n<\/ul><\/div>\n<p class=\"tap-head\"><span style=\"margin:0 10px 0 5px;\" class=\"fa fa-car\"><\/span>Con el coche<\/p>\n<div>\n<ul>\n<li>Conexi\u00f3n directa a las Autopistas  A3, A6, A9 y A73<\/li>\n<li>Seguir se\u00f1ales de tr\u00e1fico  Messezentrum N\u00fcrnberg (Recinto ferial de Nuremberg).<\/li>\n<li>Direcci\u00f3n para el navegador: (Navegation)<\/li>\n<li>Karl-Sch\u00f6nleben-Stra\u00dfe o Messe 90471 N\u00fcrnberg.<\/li>\n<\/ul>\n<p>El sistema inteligente de tr\u00e1fico y aparcamiento Messe\/Stadion\/ARENA tiene 18.000 plazas de aparcamiento almacenadas en su sistema .<\/p>\n<\/p><\/div>\n<\/div>\n<div id=\"google-maps\">\n<p class=\"chapter-heading\">Direcci\u00f3n<\/p>\n<p>\u00a0<\/p>\n<p>N\u00faremberg Messe<br \/>\nMessezentrum 12<br \/>\n90471 N\u00faremberg\n<\/p>\n<p>\u00a0<\/p>\n<p><a href=\"https:\/\/www.google.com\/maps\/dir\/\/Messezentrum+12,+90471+N%C3%BCrnberg\/@49.416751,11.114311,16z\/data=!4m8!4m7!1m0!1m5!1m1!1s0x479f59e5d73b026f:0x4854428c8550ea1d!2m2!1d11.1143113!2d49.4167511?hl=de\" target=\"_blank\" rel=\"noopener\">>> Abrir en google maps <<<\/a>\n<\/div>\n","protected":false},"excerpt":{"rendered":"<p>Viajar sin estres A Nuremberg se puede llegar f\u00e1cilmente gracias a su perfecta conexi\u00f3n a la red europea de autopistas as\u00ed como a las redes de ferrocarriles y a las conexiones europeas a\u0117reas. Sistema Din\u00e1mico de derivaci\u00f3n del tr\u00e1fico Gracias al Sistema Din\u00e1mico de derivaci\u00f3n del tr\u00e1fico se comprueba constantemente [&#8230;]<a href=\"https:\/\/aacii.space\/es\/como-llegar\/\"><br \/>weiterlesen &raquo;<\/a><\/p>\n","protected":false},"author":1,"featured_media":1146,"parent":0,"menu_order":0,"comment_status":"closed","ping_status":"closed","template":"page.php","meta":{"kia_subtitle":"","ngg_post_thumbnail":0,"footnotes":""},"class_list":["post-1151","page","type-page","status-publish","has-post-thumbnail","hentry"],"yoast_head":"<!-- This site is optimized with the Yoast SEO Premium plugin v27.2 (Yoast SEO v27.2) - https:\/\/yoast.com\/product\/yoast-seo-premium-wordpress\/ -->\n<title>C\u00f3mo llegar? - AACII<\/title>\n<meta name=\"robots\" content=\"index, follow, max-snippet:-1, max-image-preview:large, max-video-preview:-1\" \/>\n<link rel=\"canonical\" href=\"https:\/\/aacii.space\/es\/como-llegar\/\" \/>\n<meta property=\"og:locale\" content=\"es_ES\" \/>\n<meta property=\"og:type\" content=\"article\" \/>\n<meta property=\"og:title\" content=\"C\u00f3mo llegar?\" \/>\n<meta property=\"og:description\" content=\"Viajar sin estres A Nuremberg se puede llegar f\u00e1cilmente gracias a su perfecta conexi\u00f3n a la red europea de autopistas as\u00ed como a las redes de ferrocarriles y a las conexiones europeas a\u0117reas. Sistema Din\u00e1mico de derivaci\u00f3n del tr\u00e1fico Gracias al Sistema Din\u00e1mico de derivaci\u00f3n del tr\u00e1fico se comprueba constantemente [...]weiterlesen &raquo;\" \/>\n<meta property=\"og:url\" content=\"https:\/\/aacii.space\/es\/como-llegar\/\" \/>\n<meta property=\"og:site_name\" content=\"AACII\" \/>\n<meta property=\"article:modified_time\" content=\"2022-10-16T15:51:58+00:00\" \/>\n<meta property=\"og:image\" content=\"https:\/\/aacii.space\/wp-content\/uploads\/2021\/01\/ACCII-Space-Congress-Nuremberg-Header-5.jpg\" \/>\n\t<meta property=\"og:image:width\" content=\"1903\" \/>\n\t<meta property=\"og:image:height\" content=\"450\" \/>\n\t<meta property=\"og:image:type\" content=\"image\/jpeg\" \/>\n<meta name=\"twitter:card\" content=\"summary_large_image\" \/>\n<meta name=\"twitter:label1\" content=\"Tiempo de lectura\" \/>\n\t<meta name=\"twitter:data1\" content=\"3 minutos\" \/>\n<script type=\"application\/ld+json\" class=\"yoast-schema-graph\">{\"@context\":\"https:\/\/schema.org\",\"@graph\":[{\"@type\":\"WebPage\",\"@id\":\"https:\/\/aacii.space\/es\/como-llegar\/\",\"url\":\"https:\/\/aacii.space\/es\/como-llegar\/\",\"name\":\"C\u00f3mo llegar? - AACII\",\"isPartOf\":{\"@id\":\"https:\/\/aacii.space\/#website\"},\"primaryImageOfPage\":{\"@id\":\"https:\/\/aacii.space\/es\/como-llegar\/#primaryimage\"},\"image\":{\"@id\":\"https:\/\/aacii.space\/es\/como-llegar\/#primaryimage\"},\"thumbnailUrl\":\"https:\/\/aacii.space\/wp-content\/uploads\/2021\/01\/ACCII-Space-Congress-Nuremberg-Header-5.jpg\",\"datePublished\":\"2021-03-08T21:18:43+00:00\",\"dateModified\":\"2022-10-16T15:51:58+00:00\",\"breadcrumb\":{\"@id\":\"https:\/\/aacii.space\/es\/como-llegar\/#breadcrumb\"},\"inLanguage\":\"es\",\"potentialAction\":[{\"@type\":\"ReadAction\",\"target\":[\"https:\/\/aacii.space\/es\/como-llegar\/\"]}]},{\"@type\":\"ImageObject\",\"inLanguage\":\"es\",\"@id\":\"https:\/\/aacii.space\/es\/como-llegar\/#primaryimage\",\"url\":\"https:\/\/aacii.space\/wp-content\/uploads\/2021\/01\/ACCII-Space-Congress-Nuremberg-Header-5.jpg\",\"contentUrl\":\"https:\/\/aacii.space\/wp-content\/uploads\/2021\/01\/ACCII-Space-Congress-Nuremberg-Header-5.jpg\",\"width\":1903,\"height\":450},{\"@type\":\"BreadcrumbList\",\"@id\":\"https:\/\/aacii.space\/es\/como-llegar\/#breadcrumb\",\"itemListElement\":[{\"@type\":\"ListItem\",\"position\":1,\"name\":\"Startseite\",\"item\":\"https:\/\/aacii.space\/es\/\"},{\"@type\":\"ListItem\",\"position\":2,\"name\":\"C\u00f3mo llegar?\"}]},{\"@type\":\"WebSite\",\"@id\":\"https:\/\/aacii.space\/#website\",\"url\":\"https:\/\/aacii.space\/\",\"name\":\"AACII\",\"description\":\"AVIATION AEROSPACE INTERNATIONAL INTERDISCIPLINARY CONGRESS\",\"potentialAction\":[{\"@type\":\"SearchAction\",\"target\":{\"@type\":\"EntryPoint\",\"urlTemplate\":\"https:\/\/aacii.space\/?s={search_term_string}\"},\"query-input\":{\"@type\":\"PropertyValueSpecification\",\"valueRequired\":true,\"valueName\":\"search_term_string\"}}],\"inLanguage\":\"es\"}]}<\/script>\n<!-- \/ Yoast SEO Premium plugin. -->","yoast_head_json":{"title":"C\u00f3mo llegar? - AACII","robots":{"index":"index","follow":"follow","max-snippet":"max-snippet:-1","max-image-preview":"max-image-preview:large","max-video-preview":"max-video-preview:-1"},"canonical":"https:\/\/aacii.space\/es\/como-llegar\/","og_locale":"es_ES","og_type":"article","og_title":"C\u00f3mo llegar?","og_description":"Viajar sin estres A Nuremberg se puede llegar f\u00e1cilmente gracias a su perfecta conexi\u00f3n a la red europea de autopistas as\u00ed como a las redes de ferrocarriles y a las conexiones europeas a\u0117reas. Sistema Din\u00e1mico de derivaci\u00f3n del tr\u00e1fico Gracias al Sistema Din\u00e1mico de derivaci\u00f3n del tr\u00e1fico se comprueba constantemente [...]weiterlesen &raquo;","og_url":"https:\/\/aacii.space\/es\/como-llegar\/","og_site_name":"AACII","article_modified_time":"2022-10-16T15:51:58+00:00","og_image":[{"width":1903,"height":450,"url":"https:\/\/aacii.space\/wp-content\/uploads\/2021\/01\/ACCII-Space-Congress-Nuremberg-Header-5.jpg","type":"image\/jpeg"}],"twitter_card":"summary_large_image","twitter_misc":{"Tiempo de lectura":"3 minutos"},"schema":{"@context":"https:\/\/schema.org","@graph":[{"@type":"WebPage","@id":"https:\/\/aacii.space\/es\/como-llegar\/","url":"https:\/\/aacii.space\/es\/como-llegar\/","name":"C\u00f3mo llegar? - AACII","isPartOf":{"@id":"https:\/\/aacii.space\/#website"},"primaryImageOfPage":{"@id":"https:\/\/aacii.space\/es\/como-llegar\/#primaryimage"},"image":{"@id":"https:\/\/aacii.space\/es\/como-llegar\/#primaryimage"},"thumbnailUrl":"https:\/\/aacii.space\/wp-content\/uploads\/2021\/01\/ACCII-Space-Congress-Nuremberg-Header-5.jpg","datePublished":"2021-03-08T21:18:43+00:00","dateModified":"2022-10-16T15:51:58+00:00","breadcrumb":{"@id":"https:\/\/aacii.space\/es\/como-llegar\/#breadcrumb"},"inLanguage":"es","potentialAction":[{"@type":"ReadAction","target":["https:\/\/aacii.space\/es\/como-llegar\/"]}]},{"@type":"ImageObject","inLanguage":"es","@id":"https:\/\/aacii.space\/es\/como-llegar\/#primaryimage","url":"https:\/\/aacii.space\/wp-content\/uploads\/2021\/01\/ACCII-Space-Congress-Nuremberg-Header-5.jpg","contentUrl":"https:\/\/aacii.space\/wp-content\/uploads\/2021\/01\/ACCII-Space-Congress-Nuremberg-Header-5.jpg","width":1903,"height":450},{"@type":"BreadcrumbList","@id":"https:\/\/aacii.space\/es\/como-llegar\/#breadcrumb","itemListElement":[{"@type":"ListItem","position":1,"name":"Startseite","item":"https:\/\/aacii.space\/es\/"},{"@type":"ListItem","position":2,"name":"C\u00f3mo llegar?"}]},{"@type":"WebSite","@id":"https:\/\/aacii.space\/#website","url":"https:\/\/aacii.space\/","name":"AACII","description":"AVIATION AEROSPACE INTERNATIONAL INTERDISCIPLINARY CONGRESS","potentialAction":[{"@type":"SearchAction","target":{"@type":"EntryPoint","urlTemplate":"https:\/\/aacii.space\/?s={search_term_string}"},"query-input":{"@type":"PropertyValueSpecification","valueRequired":true,"valueName":"search_term_string"}}],"inLanguage":"es"}]}},"_links":{"self":[{"href":"https:\/\/aacii.space\/es\/wp-json\/wp\/v2\/pages\/1151","targetHints":{"allow":["GET"]}}],"collection":[{"href":"https:\/\/aacii.space\/es\/wp-json\/wp\/v2\/pages"}],"about":[{"href":"https:\/\/aacii.space\/es\/wp-json\/wp\/v2\/types\/page"}],"author":[{"embeddable":true,"href":"https:\/\/aacii.space\/es\/wp-json\/wp\/v2\/users\/1"}],"replies":[{"embeddable":true,"href":"https:\/\/aacii.space\/es\/wp-json\/wp\/v2\/comments?post=1151"}],"version-history":[{"count":15,"href":"https:\/\/aacii.space\/es\/wp-json\/wp\/v2\/pages\/1151\/revisions"}],"predecessor-version":[{"id":1153,"href":"https:\/\/aacii.space\/es\/wp-json\/wp\/v2\/pages\/1151\/revisions\/1153"}],"wp:featuredmedia":[{"embeddable":true,"href":"https:\/\/aacii.space\/es\/wp-json\/wp\/v2\/media\/1146"}],"wp:attachment":[{"href":"https:\/\/aacii.space\/es\/wp-json\/wp\/v2\/media?parent=1151"}],"curies":[{"name":"wp","href":"https:\/\/api.w.org\/{rel}","templated":true}]}}