{"id":6307,"date":"2021-01-28T17:30:32","date_gmt":"2021-01-28T16:30:32","guid":{"rendered":"https:\/\/aacii.space\/contact\/"},"modified":"2021-01-28T17:30:32","modified_gmt":"2021-01-28T16:30:32","slug":"contact","status":"publish","type":"page","link":"https:\/\/aacii.space\/en\/contact\/","title":{"rendered":"Contact"},"content":{"rendered":"<div class=\"flex-content\">\n<div id=\"contact-form\" class=\"three-quarters\">\n<div class=\"wpcf7 no-js\" id=\"wpcf7-f899-o1\" lang=\"de-DE\" dir=\"ltr\" data-wpcf7-id=\"899\">\n<div class=\"screen-reader-response\"><p role=\"status\" aria-live=\"polite\" aria-atomic=\"true\"><\/p> <ul><\/ul><\/div>\n<form action=\"\/en\/wp-json\/wp\/v2\/pages\/6307#wpcf7-f899-o1\" method=\"post\" class=\"wpcf7-form init\" aria-label=\"Kontaktformular\" novalidate=\"novalidate\" data-status=\"init\">\n<fieldset class=\"hidden-fields-container\"><input type=\"hidden\" name=\"_wpcf7\" value=\"899\" \/><input type=\"hidden\" name=\"_wpcf7_version\" value=\"6.1.5\" \/><input type=\"hidden\" name=\"_wpcf7_locale\" value=\"de_DE\" \/><input type=\"hidden\" name=\"_wpcf7_unit_tag\" value=\"wpcf7-f899-o1\" \/><input type=\"hidden\" name=\"_wpcf7_container_post\" value=\"0\" \/><input type=\"hidden\" name=\"_wpcf7_posted_data_hash\" value=\"\" \/>\n<\/fieldset>\n<p><label> Your Name<br \/>\n<span class=\"wpcf7-form-control-wrap\" data-name=\"your-name\"><input size=\"40\" maxlength=\"400\" class=\"wpcf7-form-control wpcf7-text wpcf7-validates-as-required\" aria-required=\"true\" aria-invalid=\"false\" placeholder=\"Your Name\" value=\"\" type=\"text\" name=\"your-name\" \/><\/span> <\/label>\n<\/p>\n<p><label> Company (optional)<br \/>\n<span class=\"wpcf7-form-control-wrap\" data-name=\"company\"><input size=\"40\" maxlength=\"400\" class=\"wpcf7-form-control wpcf7-text\" aria-invalid=\"false\" value=\"\" type=\"text\" name=\"company\" \/><\/span> <\/label>\n<\/p>\n<p><label> E-mail address<br \/>\n<span class=\"wpcf7-form-control-wrap\" data-name=\"your-email\"><input size=\"40\" maxlength=\"400\" class=\"wpcf7-form-control wpcf7-email wpcf7-validates-as-required wpcf7-text wpcf7-validates-as-email\" aria-required=\"true\" aria-invalid=\"false\" value=\"\" type=\"email\" name=\"your-email\" \/><\/span> <\/label>\n<\/p>\n<p><label> Phone number (optional)<br \/>\n<span class=\"wpcf7-form-control-wrap\" data-name=\"tel\"><input size=\"40\" maxlength=\"400\" class=\"wpcf7-form-control wpcf7-tel wpcf7-text wpcf7-validates-as-tel\" aria-invalid=\"false\" value=\"\" type=\"tel\" name=\"tel\" \/><\/span> <\/label>\n<\/p>\n<p><label> Your Subject<br \/>\n<span class=\"wpcf7-form-control-wrap\" data-name=\"your-subject\"><input size=\"40\" maxlength=\"400\" class=\"wpcf7-form-control wpcf7-text wpcf7-validates-as-required\" aria-required=\"true\" aria-invalid=\"false\" value=\"\" type=\"text\" name=\"your-subject\" \/><\/span> <\/label>\n<\/p>\n<p><label> Your message to us<br \/>\n<span class=\"wpcf7-form-control-wrap\" data-name=\"your-message\"><textarea cols=\"40\" rows=\"10\" maxlength=\"2000\" class=\"wpcf7-form-control wpcf7-textarea wpcf7-validates-as-required\" aria-required=\"true\" aria-invalid=\"false\" name=\"your-message\"><\/textarea><\/span> <\/label>\n<\/p>\n<p><input class=\"wpcf7-form-control wpcf7-submit has-spinner\" type=\"submit\" value=\"Submit\" \/>\n<\/p><div class=\"wpcf7-response-output\" aria-hidden=\"true\"><\/div>\n<\/form>\n<\/div>\n<\/div>\n<div id=\"adress\">\n<p class=\"chapter-heading\">Trapp Networks<\/p>\n<p>Splittertorgraben 15<br \/>\n90429 N\u00fcrnberg<\/p>\n<p style=\"margin: 3% 0;\">phone: +49 911 264710<br \/>\nfax: +49 911 266224<br \/>\ne-mail: info@aacii.space<br \/>\nwebsite: www.aacii.space<br \/>\n<a href=\"https:\/\/aacii.space\/wp-content\/uploads\/2022\/04\/ENG-AGB2203.pdf\">Terms of Service<\/a><\/p>\n<p class=\"chapter-heading\">Congress address<\/p>\n<p>Meistersingerhalle N\u00fcrnberg<br \/>\nM\u00fcnchener Stra\u00dfe 21<br \/>\n90478 N\u00fcrnberg<br \/>\ne-mail: info@aacii.space<br \/>\nwebsite: www.aacii.space<\/p>\n<p><a href=\"https:\/\/www.google.com\/maps\/dir\/\/Messezentrum+12,+90471+N%C3%BCrnberg\/@49.416751,11.114311,16z\/data=!4m8!4m7!1m0!1m5!1m1!1s0x479f59e5d73b026f:0x4854428c8550ea1d!2m2!1d11.1143113!2d49.4167511?hl=en\" target=\"_blank\" rel=\"noopener\">&gt;&gt; Google Maps &lt;&lt;<\/a><\/p>\n<\/div>\n<\/div>\n<div id=\"newsletter\" class=\"three-quarters\">\n<p class=\"subline blue-gradient-text\" style=\"line-height: 4rem !important; font-size: 4rem !important; font-weight: 800; letter-spacing: 0;\">AACII-Newsletter Registration<\/p>\n<div style=\"margin-top: 25px;\">\n\t\t\t<form id=\"sib_signup_form_3\" method=\"post\" class=\"sib_signup_form\">\n\t\t\t\t<div class=\"sib_loader\" style=\"display:none;\"><img\n\t\t\t\t\t\t\tsrc=\"https:\/\/aacii.space\/wp-includes\/images\/spinner.gif\" alt=\"loader\"><\/div>\n\t\t\t\t<input type=\"hidden\" name=\"sib_form_action\" value=\"subscribe_form_submit\">\n\t\t\t\t<input type=\"hidden\" name=\"sib_form_id\" value=\"3\">\n                <input type=\"hidden\" name=\"sib_form_alert_notice\" value=\"Please fill out this field\">\n                <input type=\"hidden\" name=\"sib_form_invalid_email_notice\" value=\"Your email address is invalid\">\n                <input type=\"hidden\" name=\"sib_security\" value=\"28f4cb3ee7\">\n\t\t\t\t<div class=\"sib_signup_box_inside_3\">\n\t\t\t\t\t<div style=\"\/*display:none*\/\" class=\"sib_msg_disp\">\n\t\t\t\t\t<\/div>\n                    \t\t\t\t\t<p class=\"sib-email-area\"> \r\n<label class=\"sib-email-area\">Your email address <\/label> \r\n<input type=\"email\" class=\"sib-email-area\" name=\"email\" placeholder=\"\" value=\"\"> \r\n<\/p>\r\n<br>\r\n<p class=\"sib-VORNAME-area\"> \r\n<label class=\"sib-VORNAME-area\">FIRST NAME<\/label> \r\n<input type=\"text\" class=\"sib-VORNAME-area\" name=\"VORNAME\"> \r\n<\/p>\r\n<br>\r\n<p class=\"sib-NACHNAME-area\"> \r\n<label class=\"sib-NACHNAME-area\">LAST NAME<\/label> \r\n<input type=\"text\" class=\"sib-NACHNAME-area\" name=\"NACHNAME\"> \r\n<\/p>\r\n<br>\r\n<p class=\"sib-FIRMA-area\"> \r\n<label class=\"sib-FIRMA-area\">COMPANY<\/label> \r\n<input type=\"text\" class=\"sib-FIRMA-area\" name=\"FIRMA\"> \r\n<\/p>\r\n<p>\r\n\u00a0\r\n<\/p>\r\n<p>Your email address will only be used to send you our newsletter and information about AACII's activities.\r\nYou can unsubscribe from our newsletter at any time (e.g. at the end of each newsletter), which will lead to the deletion of the user data collected.<\/p>\r\n<p>\r\n\u00a0\r\n<\/p>\r\n<p>\r\n\u00a0 <strong>Data protection according to DSGVO<\/strong> <br>\r\n<\/p>\r\n<p>\r\n\u00a0\r\n<\/p>\r\n<p>\r\n<input type=\"checkbox\" name=\"terms\" required=\"required\">\r\nYes, I agree to the data protection regulations and would like to receive the newsletter. <br>\r\n<br>\r\nFor more information see our <a href=\"https:\/\/aacii.space\/datenschutz\/\" target=\"_blank\">Privacy Policy<\/a>.\r\n<\/p>\r\n<p>\r\n\u00a0\r\n<\/p>\r\n<p>\r\n<input type=\"submit\" class=\"sib-default-btn\" value=\"Register\">\r\n<\/p>\r\n<br>\r\n<br>\r\n<br>\r\n<p>Privacy notice:\r\nYour personal data will be treated and used confidentially by Trapp Networks PR Social Media GmbH and in accordance with the legal provisions on data protection and will not be passed on to third parties without your consent. Trapp Networks PR Social Media GmbH uses this data exclusively for the purpose of sending information and invitations to conferences and similar events.\r\nIf you have objections to the storage, processing and use of your data, you can revoke your consent at any time without giving reasons to Trapp Networks PR Social Media GmbH.\r\nTo do this, send an email to: info@aacii.space or call: +49 (0) 911 264710.\r\nYou can also use the above contact details to obtain information about your personal data stored by Trapp Networks PR Social Media GmbH and to request that it be corrected, deleted or blocked.<\/p>\r\n<\/div>\t\t\t\t<\/div>\n\t\t\t<\/form>\n\t\t\t<style>\n\t\t\t\tform#sib_signup_form_3 p.sib-alert-message {\n    padding: 6px 12px;\n    margin-bottom: 20px;\n    border: 1px solid transparent;\n    border-radius: 4px;\n    -webkit-box-sizing: border-box;\n    -moz-box-sizing: border-box;\n    box-sizing: border-box;\n}\nform#sib_signup_form_3 p.sib-alert-message-error {\n    background-color: #f2dede;\n    border-color: #ebccd1;\n    color: #a94442;\n}\nform#sib_signup_form_3 p.sib-alert-message-success {\n    background-color: #dff0d8;\n    border-color: #d6e9c6;\n    color: #3c763d;\n}\nform#sib_signup_form_3 p.sib-alert-message-warning {\n    background-color: #fcf8e3;\n    border-color: #faebcc;\n    color: #8a6d3b;\n}\n\t\t\t<\/style>\n\t\t\t<\/div>\n<\/div>\n","protected":false},"excerpt":{"rendered":"<p>Trapp Networks Splittertorgraben 15 90429 N\u00fcrnberg phone: +49 911 264710 fax: +49 911 266224 e-mail: info@aacii.space website: www.aacii.space Terms of Service Congress address Meistersingerhalle N\u00fcrnberg M\u00fcnchener Stra\u00dfe 21 90478 N\u00fcrnberg e-mail: info@aacii.space website: www.aacii.space &gt;&gt; Google Maps &lt;&lt; AACII-Newsletter Registration<\/p>\n","protected":false},"author":1,"featured_media":949,"parent":0,"menu_order":0,"comment_status":"closed","ping_status":"closed","template":"","meta":{"kia_subtitle":"Do you need more information about our congress? Use our contact form.","ngg_post_thumbnail":0,"footnotes":""},"class_list":["post-6307","page","type-page","status-publish","has-post-thumbnail","hentry"],"yoast_head":"<!-- This site is optimized with the Yoast SEO Premium plugin v27.2 (Yoast SEO v27.2) - https:\/\/yoast.com\/product\/yoast-seo-premium-wordpress\/ -->\n<title>Contact - AACII<\/title>\n<meta name=\"robots\" content=\"index, follow, max-snippet:-1, max-image-preview:large, max-video-preview:-1\" \/>\n<link rel=\"canonical\" href=\"https:\/\/aacii.space\/en\/contact\/\" \/>\n<meta property=\"og:locale\" content=\"en_US\" \/>\n<meta property=\"og:type\" content=\"article\" \/>\n<meta property=\"og:title\" content=\"Contact\" \/>\n<meta property=\"og:description\" content=\"Trapp Networks Splittertorgraben 15 90429 N\u00fcrnberg phone: +49 911 264710 fax: +49 911 266224 e-mail: info@aacii.space website: www.aacii.space Terms of Service Congress address Meistersingerhalle N\u00fcrnberg M\u00fcnchener Stra\u00dfe 21 90478 N\u00fcrnberg e-mail: info@aacii.space website: www.aacii.space &gt;&gt; Google Maps &lt;&lt; AACII-Newsletter Registration\" \/>\n<meta property=\"og:url\" content=\"https:\/\/aacii.space\/en\/contact\/\" \/>\n<meta property=\"og:site_name\" content=\"AACII\" \/>\n<meta property=\"og:image\" content=\"https:\/\/aacii.space\/wp-content\/uploads\/2021\/01\/ACCII-Space-Congress-Nuremberg-Header-5.jpg\" \/>\n\t<meta property=\"og:image:width\" content=\"1903\" \/>\n\t<meta property=\"og:image:height\" content=\"450\" \/>\n\t<meta property=\"og:image:type\" content=\"image\/jpeg\" \/>\n<meta name=\"twitter:card\" content=\"summary_large_image\" \/>\n<meta name=\"twitter:label1\" content=\"Est. reading time\" \/>\n\t<meta name=\"twitter:data1\" content=\"1 minute\" \/>\n<script type=\"application\/ld+json\" class=\"yoast-schema-graph\">{\"@context\":\"https:\/\/schema.org\",\"@graph\":[{\"@type\":\"WebPage\",\"@id\":\"https:\/\/aacii.space\/en\/contact\/\",\"url\":\"https:\/\/aacii.space\/en\/contact\/\",\"name\":\"Contact - AACII\",\"isPartOf\":{\"@id\":\"https:\/\/aacii.space\/#website\"},\"primaryImageOfPage\":{\"@id\":\"https:\/\/aacii.space\/en\/contact\/#primaryimage\"},\"image\":{\"@id\":\"https:\/\/aacii.space\/en\/contact\/#primaryimage\"},\"thumbnailUrl\":\"https:\/\/aacii.space\/wp-content\/uploads\/2021\/01\/ACCII-Space-Congress-Nuremberg-Header-5.jpg\",\"datePublished\":\"2021-01-28T16:30:32+00:00\",\"breadcrumb\":{\"@id\":\"https:\/\/aacii.space\/en\/contact\/#breadcrumb\"},\"inLanguage\":\"en-US\",\"potentialAction\":[{\"@type\":\"ReadAction\",\"target\":[\"https:\/\/aacii.space\/en\/contact\/\"]}]},{\"@type\":\"ImageObject\",\"inLanguage\":\"en-US\",\"@id\":\"https:\/\/aacii.space\/en\/contact\/#primaryimage\",\"url\":\"https:\/\/aacii.space\/wp-content\/uploads\/2021\/01\/ACCII-Space-Congress-Nuremberg-Header-5.jpg\",\"contentUrl\":\"https:\/\/aacii.space\/wp-content\/uploads\/2021\/01\/ACCII-Space-Congress-Nuremberg-Header-5.jpg\",\"width\":1903,\"height\":450},{\"@type\":\"BreadcrumbList\",\"@id\":\"https:\/\/aacii.space\/en\/contact\/#breadcrumb\",\"itemListElement\":[{\"@type\":\"ListItem\",\"position\":1,\"name\":\"Startseite\",\"item\":\"https:\/\/aacii.space\/en\/\"},{\"@type\":\"ListItem\",\"position\":2,\"name\":\"Contact\"}]},{\"@type\":\"WebSite\",\"@id\":\"https:\/\/aacii.space\/#website\",\"url\":\"https:\/\/aacii.space\/\",\"name\":\"AACII\",\"description\":\"AVIATION AEROSPACE INTERNATIONAL INTERDISCIPLINARY CONGRESS\",\"potentialAction\":[{\"@type\":\"SearchAction\",\"target\":{\"@type\":\"EntryPoint\",\"urlTemplate\":\"https:\/\/aacii.space\/?s={search_term_string}\"},\"query-input\":{\"@type\":\"PropertyValueSpecification\",\"valueRequired\":true,\"valueName\":\"search_term_string\"}}],\"inLanguage\":\"en-US\"}]}<\/script>\n<!-- \/ Yoast SEO Premium plugin. -->","yoast_head_json":{"title":"Contact - AACII","robots":{"index":"index","follow":"follow","max-snippet":"max-snippet:-1","max-image-preview":"max-image-preview:large","max-video-preview":"max-video-preview:-1"},"canonical":"https:\/\/aacii.space\/en\/contact\/","og_locale":"en_US","og_type":"article","og_title":"Contact","og_description":"Trapp Networks Splittertorgraben 15 90429 N\u00fcrnberg phone: +49 911 264710 fax: +49 911 266224 e-mail: info@aacii.space website: www.aacii.space Terms of Service Congress address Meistersingerhalle N\u00fcrnberg M\u00fcnchener Stra\u00dfe 21 90478 N\u00fcrnberg e-mail: info@aacii.space website: www.aacii.space &gt;&gt; Google Maps &lt;&lt; AACII-Newsletter Registration","og_url":"https:\/\/aacii.space\/en\/contact\/","og_site_name":"AACII","og_image":[{"width":1903,"height":450,"url":"https:\/\/aacii.space\/wp-content\/uploads\/2021\/01\/ACCII-Space-Congress-Nuremberg-Header-5.jpg","type":"image\/jpeg"}],"twitter_card":"summary_large_image","twitter_misc":{"Est. reading time":"1 minute"},"schema":{"@context":"https:\/\/schema.org","@graph":[{"@type":"WebPage","@id":"https:\/\/aacii.space\/en\/contact\/","url":"https:\/\/aacii.space\/en\/contact\/","name":"Contact - AACII","isPartOf":{"@id":"https:\/\/aacii.space\/#website"},"primaryImageOfPage":{"@id":"https:\/\/aacii.space\/en\/contact\/#primaryimage"},"image":{"@id":"https:\/\/aacii.space\/en\/contact\/#primaryimage"},"thumbnailUrl":"https:\/\/aacii.space\/wp-content\/uploads\/2021\/01\/ACCII-Space-Congress-Nuremberg-Header-5.jpg","datePublished":"2021-01-28T16:30:32+00:00","breadcrumb":{"@id":"https:\/\/aacii.space\/en\/contact\/#breadcrumb"},"inLanguage":"en-US","potentialAction":[{"@type":"ReadAction","target":["https:\/\/aacii.space\/en\/contact\/"]}]},{"@type":"ImageObject","inLanguage":"en-US","@id":"https:\/\/aacii.space\/en\/contact\/#primaryimage","url":"https:\/\/aacii.space\/wp-content\/uploads\/2021\/01\/ACCII-Space-Congress-Nuremberg-Header-5.jpg","contentUrl":"https:\/\/aacii.space\/wp-content\/uploads\/2021\/01\/ACCII-Space-Congress-Nuremberg-Header-5.jpg","width":1903,"height":450},{"@type":"BreadcrumbList","@id":"https:\/\/aacii.space\/en\/contact\/#breadcrumb","itemListElement":[{"@type":"ListItem","position":1,"name":"Startseite","item":"https:\/\/aacii.space\/en\/"},{"@type":"ListItem","position":2,"name":"Contact"}]},{"@type":"WebSite","@id":"https:\/\/aacii.space\/#website","url":"https:\/\/aacii.space\/","name":"AACII","description":"AVIATION AEROSPACE INTERNATIONAL INTERDISCIPLINARY CONGRESS","potentialAction":[{"@type":"SearchAction","target":{"@type":"EntryPoint","urlTemplate":"https:\/\/aacii.space\/?s={search_term_string}"},"query-input":{"@type":"PropertyValueSpecification","valueRequired":true,"valueName":"search_term_string"}}],"inLanguage":"en-US"}]}},"_links":{"self":[{"href":"https:\/\/aacii.space\/en\/wp-json\/wp\/v2\/pages\/6307","targetHints":{"allow":["GET"]}}],"collection":[{"href":"https:\/\/aacii.space\/en\/wp-json\/wp\/v2\/pages"}],"about":[{"href":"https:\/\/aacii.space\/en\/wp-json\/wp\/v2\/types\/page"}],"author":[{"embeddable":true,"href":"https:\/\/aacii.space\/en\/wp-json\/wp\/v2\/users\/1"}],"replies":[{"embeddable":true,"href":"https:\/\/aacii.space\/en\/wp-json\/wp\/v2\/comments?post=6307"}],"version-history":[{"count":0,"href":"https:\/\/aacii.space\/en\/wp-json\/wp\/v2\/pages\/6307\/revisions"}],"wp:featuredmedia":[{"embeddable":true,"href":"https:\/\/aacii.space\/en\/wp-json\/wp\/v2\/media\/949"}],"wp:attachment":[{"href":"https:\/\/aacii.space\/en\/wp-json\/wp\/v2\/media?parent=6307"}],"curies":[{"name":"wp","href":"https:\/\/api.w.org\/{rel}","templated":true}]}}